{"id":1759,"date":"2012-09-10T09:13:39","date_gmt":"2012-09-10T06:13:39","guid":{"rendered":"https:\/\/editura-unibuc.ro\/?p=1759"},"modified":"2015-06-24T10:51:24","modified_gmt":"2015-06-24T07:51:24","slug":"studii-de-imagologie-polona","status":"publish","type":"product","link":"https:\/\/editura-unibuc.ro\/en\/studii-de-imagologie-polona\/","title":{"rendered":"STUDIES OF POLISH IMAGOLOGY"},"content":{"rendered":"<p>Lucrarea de fa\u021b\u0103 se dore\u0219te a fi un instument de lucru, absolut necesar ca urmare a introducerii \u00een programa masteratului de studii culturale slave a disciplinei <strong>imanologie slav\u0103<\/strong>. Avem de a face cu o crestoma\u021bie de imagologie polon\u0103, cuprinz\u00e2nd 15 studii semnate de speciali\u0219ti rom\u00e2ni \u0219i polonezi, variat\u0103 ca metodologie, dar bogat\u0103, dens\u0103, materialele incluse pun\u00e2nd \u00een eviden\u021b\u0103 imaginea polonezilor (mituri, stereotipuri, prejudec\u0103\u021bi, simboluri, mentalit\u0103\u021bi, comportament), axate fiind pe rela\u021bia dintre identitate \u0219i alteritate (cum se realizeaz\u0103, dar \u0219i cum se modific\u0103 \u0219i se fixeaz\u0103 aceasta, precum \u0219i dificult\u0103\u021bile pe care cercet\u0103torii \u0219i profesorii sunt chema\u021bi s\u0103 le rezolve).<\/p>\n<p>Crestoma\u021bia cuprinde, pe de o parte, studii de autor, concentrate mai cu seam\u0103 asupra analizei unor opere literare din care transpare at\u00e2t imaginea polonezilor, c\u00e2t \u0219i a altor etnii (germani, evrei, ru\u0219i etc.), iar pe de alt\u0103 parte, studii teoretice, \u00een cea mai mare parte traduse, realizate de istorici \u0219i sociologi polonezi.<\/p>\n","protected":false},"excerpt":{"rendered":"<p>Lucrarea de fa\u021b\u0103 se dore\u0219te a fi un instument de lucru, absolut necesar ca urmare a introducerii \u00een programa masteratului de studii culturale slave a disciplinei imanologie slav\u0103. Avem de a face cu o crestoma\u021bie de imagologie polon\u0103, cuprinz\u00e2nd 15 studii semnate de speciali\u0219ti rom\u00e2ni \u0219i polonezi, variat\u0103 ca metodologie, dar bogat\u0103, dens\u0103, materialele incluse [&hellip;]<\/p>\n","protected":false},"featured_media":11069,"comment_status":"open","ping_status":"closed","template":"","meta":[],"product_brand":[],"product_cat":[1464,981],"product_tag":[1382,1301],"class_list":{"0":"post-1759","1":"product","2":"type-product","3":"status-publish","4":"has-post-thumbnail","6":"product_cat-filologie","7":"product_cat-limbi-slave","8":"product_tag-imagologie","9":"product_tag-poloneza","11":"first","12":"outofstock","13":"shipping-taxable","14":"purchasable","15":"product-type-simple"},"_links":{"self":[{"href":"https:\/\/editura-unibuc.ro\/en\/wp-json\/wp\/v2\/product\/1759","targetHints":{"allow":["GET"]}}],"collection":[{"href":"https:\/\/editura-unibuc.ro\/en\/wp-json\/wp\/v2\/product"}],"about":[{"href":"https:\/\/editura-unibuc.ro\/en\/wp-json\/wp\/v2\/types\/product"}],"replies":[{"embeddable":true,"href":"https:\/\/editura-unibuc.ro\/en\/wp-json\/wp\/v2\/comments?post=1759"}],"wp:featuredmedia":[{"embeddable":true,"href":"https:\/\/editura-unibuc.ro\/en\/wp-json\/wp\/v2\/media\/11069"}],"wp:attachment":[{"href":"https:\/\/editura-unibuc.ro\/en\/wp-json\/wp\/v2\/media?parent=1759"}],"wp:term":[{"taxonomy":"product_brand","embeddable":true,"href":"https:\/\/editura-unibuc.ro\/en\/wp-json\/wp\/v2\/product_brand?post=1759"},{"taxonomy":"product_cat","embeddable":true,"href":"https:\/\/editura-unibuc.ro\/en\/wp-json\/wp\/v2\/product_cat?post=1759"},{"taxonomy":"product_tag","embeddable":true,"href":"https:\/\/editura-unibuc.ro\/en\/wp-json\/wp\/v2\/product_tag?post=1759"}],"curies":[{"name":"wp","href":"https:\/\/api.w.org\/{rel}","templated":true}]}}