{"id":1767,"date":"2012-09-10T09:46:49","date_gmt":"2012-09-10T06:46:49","guid":{"rendered":"https:\/\/editura-unibuc.ro\/?p=1767"},"modified":"2024-09-30T10:23:08","modified_gmt":"2024-09-30T07:23:08","slug":"bibliografia-traducerilor-din-literaturile-slave-1945-2011","status":"publish","type":"product","link":"https:\/\/editura-unibuc.ro\/en\/bibliografia-traducerilor-din-literaturile-slave-1945-2011\/","title":{"rendered":"BIBLIOGRAPHY OF TRANSLATIONS FROM SLAVIC LITERATURES (1945-2011)"},"content":{"rendered":"<p>Dincolo de momentele conjuncturale, un merit deosebit \u00een promovarea valorilor literare slave a revenit constant slavi\u0219tilor consacra\u021bi.<\/p>\n<p>Bibliografia traducerilor din literaturile slave, dincolo de func\u021bia de baz\u0103 a oric\u0103rui  instrument de acest fel, reprezint\u0103 un impuls pentru continuarea eforturilor \u00een aceast\u0103 direc\u021bie \u0219i un criteriu axiologic pentru viitoarele op\u021biuni.<\/p>","protected":false},"excerpt":{"rendered":"<p>Dincolo de momentele conjuncturale, un merit deosebit \u00een promovarea valorilor literare slave a revenit constant slavi\u0219tilor consacra\u021bi. Bibliografia traducerilor din literaturile slave, dincolo de func\u021bia de baz\u0103 a oric\u0103rui instrument de acest fel, reprezint\u0103 un impuls pentru continuarea eforturilor \u00een aceast\u0103 direc\u021bie \u0219i un criteriu axiologic pentru viitoarele op\u021biuni.<\/p>\n","protected":false},"featured_media":11064,"comment_status":"open","ping_status":"closed","template":"","meta":[],"product_brand":[],"product_cat":[1464,981],"product_tag":[1279,922,1380],"class_list":{"0":"post-1767","1":"product","2":"type-product","3":"status-publish","4":"has-post-thumbnail","6":"product_cat-filologie","7":"product_cat-limbi-slave","8":"product_tag-bibliografie","9":"product_tag-slave","10":"product_tag-traduceri","12":"first","13":"outofstock","14":"shipping-taxable","15":"purchasable","16":"product-type-simple"},"_links":{"self":[{"href":"https:\/\/editura-unibuc.ro\/en\/wp-json\/wp\/v2\/product\/1767","targetHints":{"allow":["GET"]}}],"collection":[{"href":"https:\/\/editura-unibuc.ro\/en\/wp-json\/wp\/v2\/product"}],"about":[{"href":"https:\/\/editura-unibuc.ro\/en\/wp-json\/wp\/v2\/types\/product"}],"replies":[{"embeddable":true,"href":"https:\/\/editura-unibuc.ro\/en\/wp-json\/wp\/v2\/comments?post=1767"}],"wp:featuredmedia":[{"embeddable":true,"href":"https:\/\/editura-unibuc.ro\/en\/wp-json\/wp\/v2\/media\/11064"}],"wp:attachment":[{"href":"https:\/\/editura-unibuc.ro\/en\/wp-json\/wp\/v2\/media?parent=1767"}],"wp:term":[{"taxonomy":"product_brand","embeddable":true,"href":"https:\/\/editura-unibuc.ro\/en\/wp-json\/wp\/v2\/product_brand?post=1767"},{"taxonomy":"product_cat","embeddable":true,"href":"https:\/\/editura-unibuc.ro\/en\/wp-json\/wp\/v2\/product_cat?post=1767"},{"taxonomy":"product_tag","embeddable":true,"href":"https:\/\/editura-unibuc.ro\/en\/wp-json\/wp\/v2\/product_tag?post=1767"}],"curies":[{"name":"wp","href":"https:\/\/api.w.org\/{rel}","templated":true}]}}