{"id":17678,"date":"2017-01-13T17:02:22","date_gmt":"2017-01-13T15:02:22","guid":{"rendered":"https:\/\/editura-unibuc.ro\/?post_type=product&#038;p=17678"},"modified":"2023-04-06T09:25:59","modified_gmt":"2023-04-06T06:25:59","slug":"manual-de-limba-armeana-curs-de-baza-partea-a-ii-a","status":"publish","type":"product","link":"https:\/\/editura-unibuc.ro\/en\/manual-de-limba-armeana-curs-de-baza-partea-a-ii-a\/","title":{"rendered":"MANUAL DE LIMBA ARMEAN\u0102. CURS DE BAZ\u0102, PARTEA A II-A"},"content":{"rendered":"<p>Manualul de limba armean\u0103 destinat elevilor de liceu, studen\u0163ilor \u015fi tuturor doritorilor s\u0103 \u00eenve\u0163e limba armean\u0103 asigur\u0103 capacitatea de a citi, a auzi, a vorbi \u015fi a scrie. Partea a II-a a manualului permite atingerea nivelurilor B1 \u015fi B2 conform sistemului eurpean de evaluare a competen\u0163elor lingvistice \u00eentr-o limb\u0103 str\u0103in\u0103. Cartea con\u0163ine, de asemenea, un CD cu materiale audio.<\/p>\n","protected":false},"excerpt":{"rendered":"<p>Manualul de limba armean\u0103 destinat elevilor de liceu, studen\u0163ilor \u015fi tuturor doritorilor s\u0103 \u00eenve\u0163e limba armean\u0103 asigur\u0103 capacitatea de a citi, a auzi, a vorbi \u015fi a scrie. Partea a II-a a manualului permite atingerea nivelurilor B1 \u015fi B2 conform sistemului eurpean de evaluare a competen\u0163elor lingvistice \u00eentr-o limb\u0103 str\u0103in\u0103. Cartea con\u0163ine, de asemenea, un [&hellip;]<\/p>\n","protected":false},"featured_media":17679,"comment_status":"open","ping_status":"closed","template":"","meta":[],"product_brand":[],"product_cat":[1464,980],"product_tag":[2435,2436,2434],"class_list":{"0":"post-17678","1":"product","2":"type-product","3":"status-publish","4":"has-post-thumbnail","6":"product_cat-filologie","7":"product_cat-limbi-romanice-clasice-si-orientale","8":"product_tag-aida-markosian","9":"product_tag-iulia-postolachi","10":"product_tag-limba-armeana","12":"first","13":"outofstock","14":"shipping-taxable","15":"purchasable","16":"product-type-simple"},"_links":{"self":[{"href":"https:\/\/editura-unibuc.ro\/en\/wp-json\/wp\/v2\/product\/17678","targetHints":{"allow":["GET"]}}],"collection":[{"href":"https:\/\/editura-unibuc.ro\/en\/wp-json\/wp\/v2\/product"}],"about":[{"href":"https:\/\/editura-unibuc.ro\/en\/wp-json\/wp\/v2\/types\/product"}],"replies":[{"embeddable":true,"href":"https:\/\/editura-unibuc.ro\/en\/wp-json\/wp\/v2\/comments?post=17678"}],"wp:featuredmedia":[{"embeddable":true,"href":"https:\/\/editura-unibuc.ro\/en\/wp-json\/wp\/v2\/media\/17679"}],"wp:attachment":[{"href":"https:\/\/editura-unibuc.ro\/en\/wp-json\/wp\/v2\/media?parent=17678"}],"wp:term":[{"taxonomy":"product_brand","embeddable":true,"href":"https:\/\/editura-unibuc.ro\/en\/wp-json\/wp\/v2\/product_brand?post=17678"},{"taxonomy":"product_cat","embeddable":true,"href":"https:\/\/editura-unibuc.ro\/en\/wp-json\/wp\/v2\/product_cat?post=17678"},{"taxonomy":"product_tag","embeddable":true,"href":"https:\/\/editura-unibuc.ro\/en\/wp-json\/wp\/v2\/product_tag?post=17678"}],"curies":[{"name":"wp","href":"https:\/\/api.w.org\/{rel}","templated":true}]}}