{"id":17680,"date":"2017-01-13T17:03:59","date_gmt":"2017-01-13T15:03:59","guid":{"rendered":"https:\/\/editura-unibuc.ro\/?post_type=product&#038;p=17680"},"modified":"2020-07-29T10:08:59","modified_gmt":"2020-07-29T07:08:59","slug":"manuscrise-slavo-romane-din-manastirile-romanesti","status":"publish","type":"product","link":"https:\/\/editura-unibuc.ro\/en\/manuscrise-slavo-romane-din-manastirile-romanesti\/","title":{"rendered":"MANUSCRISE SLAVO-ROM\u00c2NE DIN M\u0102N\u0102STIRILE ROM\u00c2NE\u015eTI"},"content":{"rendered":"<p>\u201cManuscrisele slave din Transilvania \u015fi Banat contribuie la cunoa\u015fterea vie\u0163ii culturale a rom\u00e2nilor din cele dou\u0103 provincii \u00een perioada slavonismului cultural, iar confruntarea lor din punct de vedere al cuprinsului, ortografiei, ornament\u0103rii \u015fi leg\u0103turii cu manuscrisele din \u0162ara Rom\u00e2neasc\u0103 \u015fi Moldova ne scoate la iveal\u0103 unitatea spiritual\u0103 a poporului rom\u00e2n, \u00een perioada dintre sec. al XIII-lea \u015fi p\u00e2n\u0103 la \u00eenceputul scrisului rom\u00e2nesc, peste interesele opuse ale claselor st\u0103p\u00e2nitoare feudale din provinciile locuite de rom\u00e2ni.\u201d<\/p>\n","protected":false},"excerpt":{"rendered":"<p>\u201cManuscrisele slave din Transilvania \u015fi Banat contribuie la cunoa\u015fterea vie\u0163ii culturale a rom\u00e2nilor din cele dou\u0103 provincii \u00een perioada slavonismului cultural, iar confruntarea lor din punct de vedere al cuprinsului, ortografiei, ornament\u0103rii \u015fi leg\u0103turii cu manuscrisele din \u0162ara Rom\u00e2neasc\u0103 \u015fi Moldova ne scoate la iveal\u0103 unitatea spiritual\u0103 a poporului rom\u00e2n, \u00een perioada dintre sec. al [&hellip;]<\/p>\n","protected":false},"featured_media":17681,"comment_status":"open","ping_status":"closed","template":"","meta":[],"product_brand":[],"product_cat":[991,999],"product_tag":[2440,2121,2439,2343,2441,2438,2437,1332],"class_list":{"0":"post-17680","1":"product","2":"type-product","3":"status-publish","4":"has-post-thumbnail","6":"product_cat-stiinte-sociale","7":"product_cat-teologie","8":"product_tag-banat","9":"product_tag-cultura-romaneasca","10":"product_tag-ioan-iufu","11":"product_tag-istorie-romaneasca","12":"product_tag-limba-slava","13":"product_tag-manastirile-romanesti","14":"product_tag-manuscrise-slavo-romane","15":"product_tag-transilvania","17":"first","18":"outofstock","19":"shipping-taxable","20":"purchasable","21":"product-type-simple"},"_links":{"self":[{"href":"https:\/\/editura-unibuc.ro\/en\/wp-json\/wp\/v2\/product\/17680","targetHints":{"allow":["GET"]}}],"collection":[{"href":"https:\/\/editura-unibuc.ro\/en\/wp-json\/wp\/v2\/product"}],"about":[{"href":"https:\/\/editura-unibuc.ro\/en\/wp-json\/wp\/v2\/types\/product"}],"replies":[{"embeddable":true,"href":"https:\/\/editura-unibuc.ro\/en\/wp-json\/wp\/v2\/comments?post=17680"}],"wp:featuredmedia":[{"embeddable":true,"href":"https:\/\/editura-unibuc.ro\/en\/wp-json\/wp\/v2\/media\/17681"}],"wp:attachment":[{"href":"https:\/\/editura-unibuc.ro\/en\/wp-json\/wp\/v2\/media?parent=17680"}],"wp:term":[{"taxonomy":"product_brand","embeddable":true,"href":"https:\/\/editura-unibuc.ro\/en\/wp-json\/wp\/v2\/product_brand?post=17680"},{"taxonomy":"product_cat","embeddable":true,"href":"https:\/\/editura-unibuc.ro\/en\/wp-json\/wp\/v2\/product_cat?post=17680"},{"taxonomy":"product_tag","embeddable":true,"href":"https:\/\/editura-unibuc.ro\/en\/wp-json\/wp\/v2\/product_tag?post=17680"}],"curies":[{"name":"wp","href":"https:\/\/api.w.org\/{rel}","templated":true}]}}