{"id":17688,"date":"2017-01-13T17:10:10","date_gmt":"2017-01-13T15:10:10","guid":{"rendered":"https:\/\/editura-unibuc.ro\/?post_type=product&#038;p=17688"},"modified":"2019-11-06T11:18:25","modified_gmt":"2019-11-06T09:18:25","slug":"finalul-epocii-gheorghe-gheorghiu-dej-in-presa-romania-libera-si-informatia-bucurestiului-1960-1965","status":"publish","type":"product","link":"https:\/\/editura-unibuc.ro\/en\/finalul-epocii-gheorghe-gheorghiu-dej-in-presa-romania-libera-si-informatia-bucurestiului-1960-1965\/","title":{"rendered":"FINALUL EPOCII GHEORGHE GHEORGHIU-DEJ \u00ceN PRES\u0102. ROM\u00c2NIA LIBER\u0102 \u015eI INFORMA\u0162IA BUCURE\u015eTIULUI (1960-1965)"},"content":{"rendered":"<p>\u201d[&#8230;] cele dou\u0103 cotidiene ar\u0103tau o lume pe care oficialit\u0103\u021bile, regimul, doreau s-o prezinte cititorilor. Era o lume real\u0103? \u00cen parte da, \u00een m\u0103sura \u00een care realitatea slujea \u021belurilor regimului. Controlul informa\u021biei a continuat, dar mai relaxat, deoarece \u0219i regimul \u00ee\u0219i schimbase obiectivele \u0219i metodele. Altfel spus, mai mult\u0103 informa\u021bie, dar numai \u00een m\u0103sura \u00een care nu d\u0103una elementelor de baz\u0103 ale regimului.\u201d <\/p>\n<p>Dinu C. Giurescu<\/p>\n","protected":false},"excerpt":{"rendered":"<p>\u201d[&#8230;] cele dou\u0103 cotidiene ar\u0103tau o lume pe care oficialit\u0103\u021bile, regimul, doreau s-o prezinte cititorilor. Era o lume real\u0103? \u00cen parte da, \u00een m\u0103sura \u00een care realitatea slujea \u021belurilor regimului. Controlul informa\u021biei a continuat, dar mai relaxat, deoarece \u0219i regimul \u00ee\u0219i schimbase obiectivele \u0219i metodele. Altfel spus, mai mult\u0103 informa\u021bie, dar numai \u00een m\u0103sura \u00een [&hellip;]<\/p>\n","protected":false},"featured_media":17689,"comment_status":"open","ping_status":"closed","template":"","meta":[],"product_brand":[],"product_cat":[991,995],"product_tag":[2451,2453,2450,2452],"class_list":{"0":"post-17688","1":"product","2":"type-product","3":"status-publish","4":"has-post-thumbnail","6":"product_cat-stiinte-sociale","7":"product_cat-istorie-stiinte-politice","8":"product_tag-gheorghe-gheorghiu-dej","9":"product_tag-presa-comunista","10":"product_tag-remus-nica","11":"product_tag-romania-libera","13":"first","14":"instock","15":"shipping-taxable","16":"purchasable","17":"product-type-simple"},"_links":{"self":[{"href":"https:\/\/editura-unibuc.ro\/en\/wp-json\/wp\/v2\/product\/17688","targetHints":{"allow":["GET"]}}],"collection":[{"href":"https:\/\/editura-unibuc.ro\/en\/wp-json\/wp\/v2\/product"}],"about":[{"href":"https:\/\/editura-unibuc.ro\/en\/wp-json\/wp\/v2\/types\/product"}],"replies":[{"embeddable":true,"href":"https:\/\/editura-unibuc.ro\/en\/wp-json\/wp\/v2\/comments?post=17688"}],"wp:featuredmedia":[{"embeddable":true,"href":"https:\/\/editura-unibuc.ro\/en\/wp-json\/wp\/v2\/media\/17689"}],"wp:attachment":[{"href":"https:\/\/editura-unibuc.ro\/en\/wp-json\/wp\/v2\/media?parent=17688"}],"wp:term":[{"taxonomy":"product_brand","embeddable":true,"href":"https:\/\/editura-unibuc.ro\/en\/wp-json\/wp\/v2\/product_brand?post=17688"},{"taxonomy":"product_cat","embeddable":true,"href":"https:\/\/editura-unibuc.ro\/en\/wp-json\/wp\/v2\/product_cat?post=17688"},{"taxonomy":"product_tag","embeddable":true,"href":"https:\/\/editura-unibuc.ro\/en\/wp-json\/wp\/v2\/product_tag?post=17688"}],"curies":[{"name":"wp","href":"https:\/\/api.w.org\/{rel}","templated":true}]}}