{"id":17690,"date":"2017-01-13T17:12:12","date_gmt":"2017-01-13T15:12:12","guid":{"rendered":"https:\/\/editura-unibuc.ro\/?post_type=product&#038;p=17690"},"modified":"2018-12-07T12:02:40","modified_gmt":"2018-12-07T10:02:40","slug":"moartea-moderna-intre-poetica-si-tanatologie-repere-suedeze-accente-romanesti","status":"publish","type":"product","link":"https:\/\/editura-unibuc.ro\/en\/moartea-moderna-intre-poetica-si-tanatologie-repere-suedeze-accente-romanesti\/","title":{"rendered":"MOARTEA MODERN\u0102, \u00ceNTRE POETIC\u0102 \u015eI TANATOLOGIE. REPERE SUEDEZE, ACCENTE ROM\u00c2NE\u015eTI"},"content":{"rendered":"<p>\u201eStudiul Adelei Toplean este, de departe, cred, cea mai bun\u0103 lucrare despre moarte scris\u0103 \u00een literatura de specialitate din Rom\u00e2nia. Nu este o cercetare de antropologie \u00een sensul disciplinar (\u015fi institu\u0163ional) restr\u00e2ns al termenului, ci o medita\u0163ie profund\u0103 \u015fi sistematic\u0103 \u00eentre \u201etanatologie \u015fi poetic\u0103\u201d, mi\u015fc\u00e2ndu-se de asemenea, cu elegan\u0163\u0103, \u00eentre filosofie \u015fi \u201eintermezzo-uri cu cifre\u201d \u015fi trec\u00e2nd prin tot ceea ce a considerat semnificativ din psihologie, sociologie sau etnologie\/antropologie.\u201d<\/p>\n","protected":false},"excerpt":{"rendered":"<p>\u201eStudiul Adelei Toplean este, de departe, cred, cea mai bun\u0103 lucrare despre moarte scris\u0103 \u00een literatura de specialitate din Rom\u00e2nia. Nu este o cercetare de antropologie \u00een sensul disciplinar (\u015fi institu\u0163ional) restr\u00e2ns al termenului, ci o medita\u0163ie profund\u0103 \u015fi sistematic\u0103 \u00eentre \u201etanatologie \u015fi poetic\u0103\u201d, mi\u015fc\u00e2ndu-se de asemenea, cu elegan\u0163\u0103, \u00eentre filosofie \u015fi \u201eintermezzo-uri cu cifre\u201d [&hellip;]<\/p>\n","protected":false},"featured_media":17691,"comment_status":"open","ping_status":"closed","template":"","meta":[],"product_brand":[],"product_cat":[1464,979],"product_tag":[1372,2454,2455],"class_list":{"0":"post-17690","1":"product","2":"type-product","3":"status-publish","4":"has-post-thumbnail","6":"product_cat-filologie","7":"product_cat-limba-romana","8":"product_tag-eseu","9":"product_tag-moarte","10":"product_tag-tanatologie-si-poetica","12":"first","13":"outofstock","14":"shipping-taxable","15":"purchasable","16":"product-type-simple"},"_links":{"self":[{"href":"https:\/\/editura-unibuc.ro\/en\/wp-json\/wp\/v2\/product\/17690","targetHints":{"allow":["GET"]}}],"collection":[{"href":"https:\/\/editura-unibuc.ro\/en\/wp-json\/wp\/v2\/product"}],"about":[{"href":"https:\/\/editura-unibuc.ro\/en\/wp-json\/wp\/v2\/types\/product"}],"replies":[{"embeddable":true,"href":"https:\/\/editura-unibuc.ro\/en\/wp-json\/wp\/v2\/comments?post=17690"}],"wp:featuredmedia":[{"embeddable":true,"href":"https:\/\/editura-unibuc.ro\/en\/wp-json\/wp\/v2\/media\/17691"}],"wp:attachment":[{"href":"https:\/\/editura-unibuc.ro\/en\/wp-json\/wp\/v2\/media?parent=17690"}],"wp:term":[{"taxonomy":"product_brand","embeddable":true,"href":"https:\/\/editura-unibuc.ro\/en\/wp-json\/wp\/v2\/product_brand?post=17690"},{"taxonomy":"product_cat","embeddable":true,"href":"https:\/\/editura-unibuc.ro\/en\/wp-json\/wp\/v2\/product_cat?post=17690"},{"taxonomy":"product_tag","embeddable":true,"href":"https:\/\/editura-unibuc.ro\/en\/wp-json\/wp\/v2\/product_tag?post=17690"}],"curies":[{"name":"wp","href":"https:\/\/api.w.org\/{rel}","templated":true}]}}