{"id":17692,"date":"2017-01-13T17:13:46","date_gmt":"2017-01-13T15:13:46","guid":{"rendered":"https:\/\/editura-unibuc.ro\/?post_type=product&#038;p=17692"},"modified":"2019-12-16T11:26:26","modified_gmt":"2019-12-16T09:26:26","slug":"profesorul-gheorghe-sarau-o-viata-dedicata-limbii-rromani-volum-colectiv-la-aniversarea-a-60-de-ani-de-viata","status":"publish","type":"product","link":"https:\/\/editura-unibuc.ro\/en\/profesorul-gheorghe-sarau-o-viata-dedicata-limbii-rromani-volum-colectiv-la-aniversarea-a-60-de-ani-de-viata\/","title":{"rendered":"PROFESSOR GHEORGHE SAR\u0102U: A LIFE DEVOTED TO THE RROMANI LANGUAGE. COLLECTIVE VOLUME AT HIS 60TH BIRTHDAY"},"content":{"rendered":"<p>Gheorghe Sar\u0103u a avut \u0219i are o contribu\u0163ie f\u0103r\u0103 egal \u00een dezvoltarea \u00eenv\u0103\u0163\u0103m\u00e2ntului de limb\u0103 romani din \u0163ara noastr\u0103 la toate nivelurile, public\u00e2nd mai multe dic\u0163ionare, manuale, ghiduri de conversa\u0163ie \u0219i culegeri de texte utilizate \u00een \u00eenv\u0103\u0163\u0103m\u00e2ntul primar \u0219i secundar \u0219i, desigur, \u00een cel universitar.<\/p>\n","protected":false},"excerpt":{"rendered":"<p>Gheorghe Sar\u0103u a avut \u0219i are o contribu\u0163ie f\u0103r\u0103 egal \u00een dezvoltarea \u00eenv\u0103\u0163\u0103m\u00e2ntului de limb\u0103 romani din \u0163ara noastr\u0103 la toate nivelurile, public\u00e2nd mai multe dic\u0163ionare, manuale, ghiduri de conversa\u0163ie \u0219i culegeri de texte utilizate \u00een \u00eenv\u0103\u0163\u0103m\u00e2ntul primar \u0219i secundar \u0219i, desigur, \u00een cel universitar.<\/p>\n","protected":false},"featured_media":17693,"comment_status":"open","ping_status":"closed","template":"","meta":[],"product_brand":[],"product_cat":[1464,980],"product_tag":[2096,1403,2456],"class_list":{"0":"post-17692","1":"product","2":"type-product","3":"status-publish","4":"has-post-thumbnail","6":"product_cat-filologie","7":"product_cat-limbi-romanice-clasice-si-orientale","8":"product_tag-gheorghe-sarau","9":"product_tag-rromani","10":"product_tag-ursari","12":"first","13":"outofstock","14":"shipping-taxable","15":"purchasable","16":"product-type-simple"},"_links":{"self":[{"href":"https:\/\/editura-unibuc.ro\/en\/wp-json\/wp\/v2\/product\/17692","targetHints":{"allow":["GET"]}}],"collection":[{"href":"https:\/\/editura-unibuc.ro\/en\/wp-json\/wp\/v2\/product"}],"about":[{"href":"https:\/\/editura-unibuc.ro\/en\/wp-json\/wp\/v2\/types\/product"}],"replies":[{"embeddable":true,"href":"https:\/\/editura-unibuc.ro\/en\/wp-json\/wp\/v2\/comments?post=17692"}],"wp:featuredmedia":[{"embeddable":true,"href":"https:\/\/editura-unibuc.ro\/en\/wp-json\/wp\/v2\/media\/17693"}],"wp:attachment":[{"href":"https:\/\/editura-unibuc.ro\/en\/wp-json\/wp\/v2\/media?parent=17692"}],"wp:term":[{"taxonomy":"product_brand","embeddable":true,"href":"https:\/\/editura-unibuc.ro\/en\/wp-json\/wp\/v2\/product_brand?post=17692"},{"taxonomy":"product_cat","embeddable":true,"href":"https:\/\/editura-unibuc.ro\/en\/wp-json\/wp\/v2\/product_cat?post=17692"},{"taxonomy":"product_tag","embeddable":true,"href":"https:\/\/editura-unibuc.ro\/en\/wp-json\/wp\/v2\/product_tag?post=17692"}],"curies":[{"name":"wp","href":"https:\/\/api.w.org\/{rel}","templated":true}]}}