{"id":17694,"date":"2017-01-13T17:15:31","date_gmt":"2017-01-13T15:15:31","guid":{"rendered":"https:\/\/editura-unibuc.ro\/?post_type=product&#038;p=17694"},"modified":"2020-06-24T11:49:02","modified_gmt":"2020-06-24T08:49:02","slug":"ecouri-romanesti-in-presa-franceza-lillustration-1843-1944-ed-a-iii-a-revazuta-si-adaugita","status":"publish","type":"product","link":"https:\/\/editura-unibuc.ro\/en\/ecouri-romanesti-in-presa-franceza-lillustration-1843-1944-ed-a-iii-a-revazuta-si-adaugita\/","title":{"rendered":"ECOURI ROM\u00c2NE\u015eTI \u00ceN PRESA FRANCEZ\u0102: L&#8217;ILLUSTRATION, 1843-1944, ED. A III-A REV\u0102ZUT\u0102 \u015eI AD\u0102UGIT\u0102"},"content":{"rendered":"<p>\u201cVolumul de fa\u021b\u0103 schi\u021beaz\u0103 o istorie a imaginii rom\u00e2nilor, de la momentul glorios al ,,regener\u0103rii na\u021bionale\u201d p\u00e2n\u0103 la ,,revolu\u021bia carlist\u0103\u201d. Montajul din paginile revistei este recitit \u00een vederea identific\u0103rii unui poten\u021bial de semnifica\u021bie identitar. Galeria de imagini este recuperat\u0103 din arhive, aduc\u00e2nd la suprafa\u021b\u0103 sunetele unei Rom\u00e2nii care a fost. Traseul cartografiat de Lauren\u021biu Vlad se intersecteaz\u0103, \u00een nenum\u0103rate ocazii, cu cel al istoriei mentalit\u0103\u021bilor \u0219i al istoriei politice. ,,Europenizarea\u201d, ca proces de acultura\u021bie, sincronizarea, \u00een termeni lovinescieni, opera\u021biunea de promovare, propaganda interbelic\u0103 sunt toate realit\u0103\u021bi decupabile \u00een paginile c\u0103r\u021bii, ca \u0219i \u00een anexele documentare, reunind cele mai importante texte analizate de autor.\u201d<\/p>\n","protected":false},"excerpt":{"rendered":"<p>\u201cVolumul de fa\u021b\u0103 schi\u021beaz\u0103 o istorie a imaginii rom\u00e2nilor, de la momentul glorios al ,,regener\u0103rii na\u021bionale\u201d p\u00e2n\u0103 la ,,revolu\u021bia carlist\u0103\u201d. Montajul din paginile revistei este recitit \u00een vederea identific\u0103rii unui poten\u021bial de semnifica\u021bie identitar. Galeria de imagini este recuperat\u0103 din arhive, aduc\u00e2nd la suprafa\u021b\u0103 sunetele unei Rom\u00e2nii care a fost. Traseul cartografiat de Lauren\u021biu Vlad [&hellip;]<\/p>\n","protected":false},"featured_media":17695,"comment_status":"open","ping_status":"closed","template":"","meta":[],"product_brand":[],"product_cat":[1531,2389,991,995],"product_tag":[2393,2458,2392,2459,2457],"class_list":{"0":"post-17694","1":"product","2":"type-product","3":"status-publish","4":"has-post-thumbnail","6":"product_cat-colectii","7":"product_cat-memorie-identitate","8":"product_cat-stiinte-sociale","9":"product_cat-istorie-stiinte-politice","10":"product_tag-francofonie","11":"product_tag-istoria-romanilor","12":"product_tag-laurentiu-vlad","13":"product_tag-perioada-interbelica","14":"product_tag-presa-franceza","16":"first","17":"outofstock","18":"shipping-taxable","19":"purchasable","20":"product-type-simple"},"_links":{"self":[{"href":"https:\/\/editura-unibuc.ro\/en\/wp-json\/wp\/v2\/product\/17694","targetHints":{"allow":["GET"]}}],"collection":[{"href":"https:\/\/editura-unibuc.ro\/en\/wp-json\/wp\/v2\/product"}],"about":[{"href":"https:\/\/editura-unibuc.ro\/en\/wp-json\/wp\/v2\/types\/product"}],"replies":[{"embeddable":true,"href":"https:\/\/editura-unibuc.ro\/en\/wp-json\/wp\/v2\/comments?post=17694"}],"wp:featuredmedia":[{"embeddable":true,"href":"https:\/\/editura-unibuc.ro\/en\/wp-json\/wp\/v2\/media\/17695"}],"wp:attachment":[{"href":"https:\/\/editura-unibuc.ro\/en\/wp-json\/wp\/v2\/media?parent=17694"}],"wp:term":[{"taxonomy":"product_brand","embeddable":true,"href":"https:\/\/editura-unibuc.ro\/en\/wp-json\/wp\/v2\/product_brand?post=17694"},{"taxonomy":"product_cat","embeddable":true,"href":"https:\/\/editura-unibuc.ro\/en\/wp-json\/wp\/v2\/product_cat?post=17694"},{"taxonomy":"product_tag","embeddable":true,"href":"https:\/\/editura-unibuc.ro\/en\/wp-json\/wp\/v2\/product_tag?post=17694"}],"curies":[{"name":"wp","href":"https:\/\/api.w.org\/{rel}","templated":true}]}}