{"id":1776,"date":"2012-09-10T10:25:25","date_gmt":"2012-09-10T07:25:25","guid":{"rendered":"https:\/\/editura-unibuc.ro\/?p=1776"},"modified":"2024-02-08T10:10:34","modified_gmt":"2024-02-08T08:10:34","slug":"managementul-eticii-in-organizatii","status":"publish","type":"product","link":"https:\/\/editura-unibuc.ro\/en\/managementul-eticii-in-organizatii\/","title":{"rendered":"ETHICS MANAGEMENT IN ORGANIZATIONS"},"content":{"rendered":"<p>Preocup\u0103rile programatice pentru ameliorarea moralit\u0103\u021bii unei comunit\u0103\u021bi sunt, iat\u0103, surprinz\u0103tor de vechi. Ele sunt marca lumii civilizate. Se poveste\u0219te c\u0103 un barbar ajuns \u00een Atena se mira de faptul c\u0103 tinerii se \u00eentreceau \u00een competi\u021biile sportive pentru glorie, nu pentru bani. Ceea ce e \u00eengrijor\u0103tor \u00een lumea de azi e c\u0103 exist\u0103 o enorm\u0103 tenta\u021bie de a lua \u00een der\u00e2dere asemenea angajamente civice \u0219i programe publice de perfec\u021bionare moral\u0103. Nu e mai pu\u021bin adev\u0103rat c\u0103 aceia care adopt\u0103 o asemenea atitudine risc\u0103 neb\u0103nuit de mult.<\/p>\n","protected":false},"excerpt":{"rendered":"<p>Preocup\u0103rile programatice pentru ameliorarea moralit\u0103\u021bii unei comunit\u0103\u021bi sunt, iat\u0103, surprinz\u0103tor de vechi. Ele sunt marca lumii civilizate. Se poveste\u0219te c\u0103 un barbar ajuns \u00een Atena se mira de faptul c\u0103 tinerii se \u00eentreceau \u00een competi\u021biile sportive pentru glorie, nu pentru bani. Ceea ce e \u00eengrijor\u0103tor \u00een lumea de azi e c\u0103 exist\u0103 o enorm\u0103 tenta\u021bie [&hellip;]<\/p>\n","protected":false},"featured_media":11058,"comment_status":"closed","ping_status":"closed","template":"","meta":[],"product_brand":[],"product_cat":[991,994],"product_tag":[1347,921],"class_list":{"0":"post-1776","1":"product","2":"type-product","3":"status-publish","4":"has-post-thumbnail","6":"product_cat-stiinte-sociale","7":"product_cat-filosofie","8":"product_tag-etica","9":"product_tag-filosofie","11":"first","12":"outofstock","13":"shipping-taxable","14":"purchasable","15":"product-type-simple"},"_links":{"self":[{"href":"https:\/\/editura-unibuc.ro\/en\/wp-json\/wp\/v2\/product\/1776","targetHints":{"allow":["GET"]}}],"collection":[{"href":"https:\/\/editura-unibuc.ro\/en\/wp-json\/wp\/v2\/product"}],"about":[{"href":"https:\/\/editura-unibuc.ro\/en\/wp-json\/wp\/v2\/types\/product"}],"replies":[{"embeddable":true,"href":"https:\/\/editura-unibuc.ro\/en\/wp-json\/wp\/v2\/comments?post=1776"}],"wp:featuredmedia":[{"embeddable":true,"href":"https:\/\/editura-unibuc.ro\/en\/wp-json\/wp\/v2\/media\/11058"}],"wp:attachment":[{"href":"https:\/\/editura-unibuc.ro\/en\/wp-json\/wp\/v2\/media?parent=1776"}],"wp:term":[{"taxonomy":"product_brand","embeddable":true,"href":"https:\/\/editura-unibuc.ro\/en\/wp-json\/wp\/v2\/product_brand?post=1776"},{"taxonomy":"product_cat","embeddable":true,"href":"https:\/\/editura-unibuc.ro\/en\/wp-json\/wp\/v2\/product_cat?post=1776"},{"taxonomy":"product_tag","embeddable":true,"href":"https:\/\/editura-unibuc.ro\/en\/wp-json\/wp\/v2\/product_tag?post=1776"}],"curies":[{"name":"wp","href":"https:\/\/api.w.org\/{rel}","templated":true}]}}