{"id":1781,"date":"2012-09-10T10:36:49","date_gmt":"2012-09-10T07:36:49","guid":{"rendered":"https:\/\/editura-unibuc.ro\/?p=1781"},"modified":"2015-03-12T22:03:57","modified_gmt":"2015-03-12T20:03:57","slug":"mircea-florian-reconstructia-datului-si-ideea-recesivitatii","status":"publish","type":"product","link":"https:\/\/editura-unibuc.ro\/en\/mircea-florian-reconstructia-datului-si-ideea-recesivitatii\/","title":{"rendered":"MIRCEA FLORIAN, THE RECONSTRUCTION OF DATUM AND THE IDEA OF RECESIVITY"},"content":{"rendered":"<p>Volumul colectiv adun\u0103 \u00een paginile sale 17 studii despre crea\u021bia filosofic\u0103 a lui Mircea Florian, adunate cu prilejul organiz\u0103rii Simpozionului Na\u021bional &#8220;Mircea Florian &#8211; opera filosofic\u0103, de la reconstruc\u021bia datului la ideea recesivit\u0103\u021bii &#8220;, la \u00eemplinirea a 50 de ani de la mortea filosofului. Textele publicate sunt construite prin (re)punerea \u00een discu\u021bie a unor elemente de filosofie florinian\u0103. Autorii au avansat c\u00e2teva judec\u0103\u021bi de valoare asupra filosofiei \u00een cauz\u0103, raport\u00e2nd idei, probleme, solu\u021bii, concepte, argumente ale sale la istoria filosofiei, la regulile de metod\u0103 ale unor discipline filosofice: cosmologia, metafizica teoria cunoa\u0219terii, logica, estetica, filosofia istoriei, filosofia culturii. Volumul, \u00een ansamblul lui, motiveaz\u0103 atitudini hermeneutice bine a\u0219ezate metodic fa\u021b\u0103 de opera \u00eenf\u0103\u021bi\u0219at\u0103. Textele prezentate contribuie la ad\u00e2ncirea cercet\u0103rii specializate a operei lui Mircea Florian.<\/p>","protected":false},"excerpt":{"rendered":"<p>Volumul colectiv adun\u0103 \u00een paginile sale 17 studii despre crea\u021bia filosofic\u0103 a lui Mircea Florian, adunate cu prilejul organiz\u0103rii Simpozionului Na\u021bional &#8220;Mircea Florian &#8211; opera filosofic\u0103, de la reconstruc\u021bia datului la ideea recesivit\u0103\u021bii &#8220;, la \u00eemplinirea a 50 de ani de la mortea filosofului. Textele publicate sunt construite prin (re)punerea \u00een discu\u021bie a unor elemente [&hellip;]<\/p>\n","protected":false},"featured_media":11056,"comment_status":"open","ping_status":"closed","template":"","meta":[],"product_brand":[],"product_cat":[991,994],"product_tag":[921],"class_list":{"0":"post-1781","1":"product","2":"type-product","3":"status-publish","4":"has-post-thumbnail","6":"product_cat-stiinte-sociale","7":"product_cat-filosofie","8":"product_tag-filosofie","10":"first","11":"instock","12":"shipping-taxable","13":"purchasable","14":"product-type-simple"},"_links":{"self":[{"href":"https:\/\/editura-unibuc.ro\/en\/wp-json\/wp\/v2\/product\/1781","targetHints":{"allow":["GET"]}}],"collection":[{"href":"https:\/\/editura-unibuc.ro\/en\/wp-json\/wp\/v2\/product"}],"about":[{"href":"https:\/\/editura-unibuc.ro\/en\/wp-json\/wp\/v2\/types\/product"}],"replies":[{"embeddable":true,"href":"https:\/\/editura-unibuc.ro\/en\/wp-json\/wp\/v2\/comments?post=1781"}],"wp:featuredmedia":[{"embeddable":true,"href":"https:\/\/editura-unibuc.ro\/en\/wp-json\/wp\/v2\/media\/11056"}],"wp:attachment":[{"href":"https:\/\/editura-unibuc.ro\/en\/wp-json\/wp\/v2\/media?parent=1781"}],"wp:term":[{"taxonomy":"product_brand","embeddable":true,"href":"https:\/\/editura-unibuc.ro\/en\/wp-json\/wp\/v2\/product_brand?post=1781"},{"taxonomy":"product_cat","embeddable":true,"href":"https:\/\/editura-unibuc.ro\/en\/wp-json\/wp\/v2\/product_cat?post=1781"},{"taxonomy":"product_tag","embeddable":true,"href":"https:\/\/editura-unibuc.ro\/en\/wp-json\/wp\/v2\/product_tag?post=1781"}],"curies":[{"name":"wp","href":"https:\/\/api.w.org\/{rel}","templated":true}]}}