{"id":17968,"date":"2017-02-09T11:27:07","date_gmt":"2017-02-09T09:27:07","guid":{"rendered":"https:\/\/editura-unibuc.ro\/?post_type=product&#038;p=17968"},"modified":"2017-02-09T11:27:07","modified_gmt":"2017-02-09T09:27:07","slug":"morfo-sintaxa-dialectului-arab-nord-mesopotamian-din-siirt-turcia","status":"publish","type":"product","link":"https:\/\/editura-unibuc.ro\/en\/morfo-sintaxa-dialectului-arab-nord-mesopotamian-din-siirt-turcia\/","title":{"rendered":"MORFO-SINTAXA DIALECTULUI ARAB NORD-MESOPOTAMIAN DIN SIIRT, TURCIA"},"content":{"rendered":"<p>\u00cen aceast\u0103 lucrare, Gabriel Bi\u0163un\u0103, cunosc\u0103tor at\u00e2t al arabei clasice, c\u00e2t \u015fi al dialectelor arabe mesopotamiene, lucru probat de un num\u0103r considerabil de studii dedicate acestora, publicate \u00een reviste de un \u00eenalt prestigiu academic sau prezentate la  \u00eent\u00e2lniri academice, precum conferin\u0163ele AIDA (Association Internationale de Dialectologie Arabe) al c\u0103rei membru este din 2011, \u00ee\u015fi propune \u2013 \u015fi reu\u015fe\u015fte \u2013 o prezentare detaliat\u0103 a arabei vorbite \u00een ora\u015ful Siirt, din sud-estul Turciei, pe diverse paliere : fonetic\u0103 \u015fi fonologie, morfologie, sintax\u0103, precum \u015fi unele acte de limbaj dintr-o perspectiv\u0103 semantico-programatic\u0103.<\/p>\n","protected":false},"excerpt":{"rendered":"<p>\u00cen aceast\u0103 lucrare, Gabriel Bi\u0163un\u0103, cunosc\u0103tor at\u00e2t al arabei clasice, c\u00e2t \u015fi al dialectelor arabe mesopotamiene, lucru probat de un num\u0103r considerabil de studii dedicate acestora, publicate \u00een reviste de un \u00eenalt prestigiu academic sau prezentate la \u00eent\u00e2lniri academice, precum conferin\u0163ele AIDA (Association Internationale de Dialectologie Arabe) al c\u0103rei membru este din 2011, \u00ee\u015fi propune [&hellip;]<\/p>\n","protected":false},"featured_media":17969,"comment_status":"open","ping_status":"closed","template":"","meta":[],"product_brand":[],"product_cat":[1464,980],"product_tag":[2466,2468,2467],"class_list":{"0":"post-17968","1":"product","2":"type-product","3":"status-publish","4":"has-post-thumbnail","6":"product_cat-filologie","7":"product_cat-limbi-romanice-clasice-si-orientale","8":"product_tag-dialectul-arab-nord-mesopotamian","9":"product_tag-gabriel-bituna","10":"product_tag-turcia","12":"first","13":"instock","14":"shipping-taxable","15":"purchasable","16":"product-type-simple"},"_links":{"self":[{"href":"https:\/\/editura-unibuc.ro\/en\/wp-json\/wp\/v2\/product\/17968","targetHints":{"allow":["GET"]}}],"collection":[{"href":"https:\/\/editura-unibuc.ro\/en\/wp-json\/wp\/v2\/product"}],"about":[{"href":"https:\/\/editura-unibuc.ro\/en\/wp-json\/wp\/v2\/types\/product"}],"replies":[{"embeddable":true,"href":"https:\/\/editura-unibuc.ro\/en\/wp-json\/wp\/v2\/comments?post=17968"}],"wp:featuredmedia":[{"embeddable":true,"href":"https:\/\/editura-unibuc.ro\/en\/wp-json\/wp\/v2\/media\/17969"}],"wp:attachment":[{"href":"https:\/\/editura-unibuc.ro\/en\/wp-json\/wp\/v2\/media?parent=17968"}],"wp:term":[{"taxonomy":"product_brand","embeddable":true,"href":"https:\/\/editura-unibuc.ro\/en\/wp-json\/wp\/v2\/product_brand?post=17968"},{"taxonomy":"product_cat","embeddable":true,"href":"https:\/\/editura-unibuc.ro\/en\/wp-json\/wp\/v2\/product_cat?post=17968"},{"taxonomy":"product_tag","embeddable":true,"href":"https:\/\/editura-unibuc.ro\/en\/wp-json\/wp\/v2\/product_tag?post=17968"}],"curies":[{"name":"wp","href":"https:\/\/api.w.org\/{rel}","templated":true}]}}