{"id":1799,"date":"2012-09-10T11:36:34","date_gmt":"2012-09-10T08:36:34","guid":{"rendered":"https:\/\/editura-unibuc.ro\/?p=1799"},"modified":"2018-02-09T09:31:48","modified_gmt":"2018-02-09T07:31:48","slug":"estetica-interpretari-si-texte","status":"publish","type":"product","link":"https:\/\/editura-unibuc.ro\/en\/estetica-interpretari-si-texte\/","title":{"rendered":"AESTHETICS \u2013 INTERPRETATIONS AND TEXTS"},"content":{"rendered":"<p>Lucrarea \u00ee\u0219i propune familiarizarea cititorilor (\u00een primul r\u00e2nd studen\u021bi) cu no\u021biunile \u0219i categoriile de baz\u0103 ale esteticii. Pentru fiecare tem\u0103 principal\u0103 de curs exist\u0103 o sintez\u0103 introductiv\u0103 urmat\u0103 de texte fundamentale.<\/p>\n<p>Astfel, utilitatea primei sec\u021biuni a lucr\u0103rii este cu at\u00e2t mai mare cu c\u00e2t cea mai bun\u0103 \u0219i mai onest\u0103 intelectual introducere \u00eentr-un domeniu al cunoa\u0219terii omene\u0219ti ne-o dau textele reprezentative, cele g\u00e2ndite \u0219i redactate de autorii ce au marcat \u00een chip esen\u021bial, paradigmatic, respectivul teritoriu teoretic: \u00een cazul esteticii ace\u0219tia sunt \u00een primul r\u00e2nd Platon \u0219i Aristotel, Kant \u0219i Hegel, Nicolai Hartmann \u0219i Mikel Dufrenne, Roman Ingarden sau Tudor Vianu, de pild\u0103.<\/p>\n<p>Partea a doua a volumului analizeaz\u0103 c\u00e2teva ,,cazuri\u201d: \u00een orizont universal, estetica bergsonian\u0103 (inclusiv natura categoriei comicului), iar \u00een registru autohton g\u00e2ndirea estetic\u0103 a lui Tudor Vianu, Mihail Dragomirescu \u0219i Petre Andrei; cartea se \u00eencheie cu dou\u0103 fi\u0219e de lectur\u0103 din Liviu Rusu \u0219iD. D. Ro\u0219ca.<\/p>\n","protected":false},"excerpt":{"rendered":"<p>Lucrarea \u00ee\u0219i propune familiarizarea cititorilor (\u00een primul r\u00e2nd studen\u021bi) cu no\u021biunile \u0219i categoriile de baz\u0103 ale esteticii. Pentru fiecare tem\u0103 principal\u0103 de curs exist\u0103 o sintez\u0103 introductiv\u0103 urmat\u0103 de texte fundamentale. Astfel, utilitatea primei sec\u021biuni a lucr\u0103rii este cu at\u00e2t mai mare cu c\u00e2t cea mai bun\u0103 \u0219i mai onest\u0103 intelectual introducere \u00eentr-un domeniu al [&hellip;]<\/p>\n","protected":false},"featured_media":11041,"comment_status":"open","ping_status":"closed","template":"","meta":[],"product_brand":[],"product_cat":[991,994],"product_tag":[1377,921],"class_list":{"0":"post-1799","1":"product","2":"type-product","3":"status-publish","4":"has-post-thumbnail","6":"product_cat-stiinte-sociale","7":"product_cat-filosofie","8":"product_tag-estetica","9":"product_tag-filosofie","11":"first","12":"outofstock","13":"shipping-taxable","14":"purchasable","15":"product-type-simple"},"_links":{"self":[{"href":"https:\/\/editura-unibuc.ro\/en\/wp-json\/wp\/v2\/product\/1799","targetHints":{"allow":["GET"]}}],"collection":[{"href":"https:\/\/editura-unibuc.ro\/en\/wp-json\/wp\/v2\/product"}],"about":[{"href":"https:\/\/editura-unibuc.ro\/en\/wp-json\/wp\/v2\/types\/product"}],"replies":[{"embeddable":true,"href":"https:\/\/editura-unibuc.ro\/en\/wp-json\/wp\/v2\/comments?post=1799"}],"wp:featuredmedia":[{"embeddable":true,"href":"https:\/\/editura-unibuc.ro\/en\/wp-json\/wp\/v2\/media\/11041"}],"wp:attachment":[{"href":"https:\/\/editura-unibuc.ro\/en\/wp-json\/wp\/v2\/media?parent=1799"}],"wp:term":[{"taxonomy":"product_brand","embeddable":true,"href":"https:\/\/editura-unibuc.ro\/en\/wp-json\/wp\/v2\/product_brand?post=1799"},{"taxonomy":"product_cat","embeddable":true,"href":"https:\/\/editura-unibuc.ro\/en\/wp-json\/wp\/v2\/product_cat?post=1799"},{"taxonomy":"product_tag","embeddable":true,"href":"https:\/\/editura-unibuc.ro\/en\/wp-json\/wp\/v2\/product_tag?post=1799"}],"curies":[{"name":"wp","href":"https:\/\/api.w.org\/{rel}","templated":true}]}}