{"id":1807,"date":"2012-09-10T11:51:34","date_gmt":"2012-09-10T08:51:34","guid":{"rendered":"https:\/\/editura-unibuc.ro\/?p=1807"},"modified":"2025-08-07T10:20:19","modified_gmt":"2025-08-07T07:20:19","slug":"potentarea-expresiei-artistice-in-mozaicul-de-tip-bizantin","status":"publish","type":"product","link":"https:\/\/editura-unibuc.ro\/en\/potentarea-expresiei-artistice-in-mozaicul-de-tip-bizantin\/","title":{"rendered":"EMPHASIS OF ARTISTIC EXPRESSION IN BYZANTINE TYPE MOSAICS"},"content":{"rendered":"<p>\u201cAm convingerea c\u0103 aceast\u0103 tem\u0103 de cercetare, inconfortabil\u0103 prin natura nuan\u021belor de orientare dogmatic\u0103, are excelente deschideri estetice.<\/p>\n<p>Ea are, \u00eenainte de toate, \u0219ansa aducerii \u00een lumin\u0103 a unor tehnici str\u0103vechi, dar \u0219i actuale, de expresivizare a unor prezen\u021be artistice \u0219i mesaje ale acestora, dintotdeauna pre\u021bioase, din vechime \u0219i pentru eternitate\u201d. (Autorul)<\/p>\n","protected":false},"excerpt":{"rendered":"<p>\u201cAm convingerea c\u0103 aceast\u0103 tem\u0103 de cercetare, inconfortabil\u0103 prin natura nuan\u021belor de orientare dogmatic\u0103, are excelente deschideri estetice. Ea are, \u00eenainte de toate, \u0219ansa aducerii \u00een lumin\u0103 a unor tehnici str\u0103vechi, dar \u0219i actuale, de expresivizare a unor prezen\u021be artistice \u0219i mesaje ale acestora, dintotdeauna pre\u021bioase, din vechime \u0219i pentru eternitate\u201d. (Autorul)<\/p>\n","protected":false},"featured_media":11035,"comment_status":"open","ping_status":"closed","template":"","meta":[],"product_brand":[],"product_cat":[991,995],"product_tag":[959,1378],"class_list":{"0":"post-1807","1":"product","2":"type-product","3":"status-publish","4":"has-post-thumbnail","6":"product_cat-stiinte-sociale","7":"product_cat-istorie-stiinte-politice","8":"product_tag-arta","9":"product_tag-bizantin","11":"first","12":"instock","13":"shipping-taxable","14":"purchasable","15":"product-type-simple"},"_links":{"self":[{"href":"https:\/\/editura-unibuc.ro\/en\/wp-json\/wp\/v2\/product\/1807","targetHints":{"allow":["GET"]}}],"collection":[{"href":"https:\/\/editura-unibuc.ro\/en\/wp-json\/wp\/v2\/product"}],"about":[{"href":"https:\/\/editura-unibuc.ro\/en\/wp-json\/wp\/v2\/types\/product"}],"replies":[{"embeddable":true,"href":"https:\/\/editura-unibuc.ro\/en\/wp-json\/wp\/v2\/comments?post=1807"}],"wp:featuredmedia":[{"embeddable":true,"href":"https:\/\/editura-unibuc.ro\/en\/wp-json\/wp\/v2\/media\/11035"}],"wp:attachment":[{"href":"https:\/\/editura-unibuc.ro\/en\/wp-json\/wp\/v2\/media?parent=1807"}],"wp:term":[{"taxonomy":"product_brand","embeddable":true,"href":"https:\/\/editura-unibuc.ro\/en\/wp-json\/wp\/v2\/product_brand?post=1807"},{"taxonomy":"product_cat","embeddable":true,"href":"https:\/\/editura-unibuc.ro\/en\/wp-json\/wp\/v2\/product_cat?post=1807"},{"taxonomy":"product_tag","embeddable":true,"href":"https:\/\/editura-unibuc.ro\/en\/wp-json\/wp\/v2\/product_tag?post=1807"}],"curies":[{"name":"wp","href":"https:\/\/api.w.org\/{rel}","templated":true}]}}