{"id":18104,"date":"2017-02-22T10:34:24","date_gmt":"2017-02-22T08:34:24","guid":{"rendered":"https:\/\/editura-unibuc.ro\/?post_type=product&#038;p=18104"},"modified":"2023-05-22T12:03:07","modified_gmt":"2023-05-22T09:03:07","slug":"meseria-cersutului-in-pamantul-acestii-patrii-fragmente-de-istorie-sociala-romaneasca-1800-1900","status":"publish","type":"product","link":"https:\/\/editura-unibuc.ro\/en\/meseria-cersutului-in-pamantul-acestii-patrii-fragmente-de-istorie-sociala-romaneasca-1800-1900\/","title":{"rendered":"\u201cMESERIA CER\u015eUTULUI \u00ceN P\u0102M\u00c2NTUL ACE\u015eTII PATRII\u201d. FRAGMENTE DE ISTORIE SOCIAL\u0102 ROM\u00c2NEASC\u0102, 1800-1900"},"content":{"rendered":"<p>\u201ePe parcursul unui secol, de la 1800 la 1900, asistarea s\u0103r\u0103ciei a evoluat de la atribut oarecum general al bunei guvern\u0103ri, la domeniu autonom al administra\u0163iei publice. Traseu anevoios \u015fi adesea sinuos, de-a lungul c\u0103ruia apelul la modernitate, civiliza\u0163ie, europenism a fost dublat nu de pu\u0163ine ori, mai cu seam\u0103 p\u00e2n\u0103 c\u0103tre jum\u0103tatea secolului al XIX-lea, de vehicularea tradi\u0163ionalului topos cre\u015ftin al facerii de bine. Transferul asisten\u0163ei din registrul religios \u00een cel politic s-a soldat cu etatizarea treptat\u0103 a acesteia. [&#8230;] Dezbaterile epocii, mereu justificate de permanenta nevoie de reorganizare a asisten\u0163ei s\u0103racilor, v\u0103desc adesea o actualitate cel pu\u0163in uimitoare, \u00een raport cu progresul \u00eentru modernizare pe care ne place s\u0103 credem c\u0103 l-am \u00eenregistrat, ca indivizi \u015fi ca societate, de atunci \u00eencoace. Ceea ce nu \u00eenseamn\u0103 c\u0103 lumea nu s-a schimbat, ci c\u0103 tocmai \u00een pofida acestor schimb\u0103ri, care cu fiecare zi de azi fac tot mai greu de \u00een\u0163eles zilele de ieri, problematica social\u0103 dovede\u015fte o inepuizabil\u0103 persisten\u0163\u0103 \u00een timp.\u201d<\/p>\n","protected":false},"excerpt":{"rendered":"<p>\u201ePe parcursul unui secol, de la 1800 la 1900, asistarea s\u0103r\u0103ciei a evoluat de la atribut oarecum general al bunei guvern\u0103ri, la domeniu autonom al administra\u0163iei publice. Traseu anevoios \u015fi adesea sinuos, de-a lungul c\u0103ruia apelul la modernitate, civiliza\u0163ie, europenism a fost dublat nu de pu\u0163ine ori, mai cu seam\u0103 p\u00e2n\u0103 c\u0103tre jum\u0103tatea secolului al [&hellip;]<\/p>\n","protected":false},"featured_media":18105,"comment_status":"open","ping_status":"closed","template":"","meta":[],"product_brand":[],"product_cat":[991,995],"product_tag":[2492,2490,2489,2491],"class_list":{"0":"post-18104","1":"product","2":"type-product","3":"status-publish","4":"has-post-thumbnail","6":"product_cat-stiinte-sociale","7":"product_cat-istorie-stiinte-politice","8":"product_tag-binefacere","9":"product_tag-cersit","10":"product_tag-istoria-romaniei","11":"product_tag-ligia-livada-cadeschi","13":"first","14":"outofstock","15":"shipping-taxable","16":"purchasable","17":"product-type-simple"},"_links":{"self":[{"href":"https:\/\/editura-unibuc.ro\/en\/wp-json\/wp\/v2\/product\/18104","targetHints":{"allow":["GET"]}}],"collection":[{"href":"https:\/\/editura-unibuc.ro\/en\/wp-json\/wp\/v2\/product"}],"about":[{"href":"https:\/\/editura-unibuc.ro\/en\/wp-json\/wp\/v2\/types\/product"}],"replies":[{"embeddable":true,"href":"https:\/\/editura-unibuc.ro\/en\/wp-json\/wp\/v2\/comments?post=18104"}],"wp:featuredmedia":[{"embeddable":true,"href":"https:\/\/editura-unibuc.ro\/en\/wp-json\/wp\/v2\/media\/18105"}],"wp:attachment":[{"href":"https:\/\/editura-unibuc.ro\/en\/wp-json\/wp\/v2\/media?parent=18104"}],"wp:term":[{"taxonomy":"product_brand","embeddable":true,"href":"https:\/\/editura-unibuc.ro\/en\/wp-json\/wp\/v2\/product_brand?post=18104"},{"taxonomy":"product_cat","embeddable":true,"href":"https:\/\/editura-unibuc.ro\/en\/wp-json\/wp\/v2\/product_cat?post=18104"},{"taxonomy":"product_tag","embeddable":true,"href":"https:\/\/editura-unibuc.ro\/en\/wp-json\/wp\/v2\/product_tag?post=18104"}],"curies":[{"name":"wp","href":"https:\/\/api.w.org\/{rel}","templated":true}]}}