{"id":18107,"date":"2017-02-22T10:35:57","date_gmt":"2017-02-22T08:35:57","guid":{"rendered":"https:\/\/editura-unibuc.ro\/?post_type=product&#038;p=18107"},"modified":"2017-02-22T10:35:57","modified_gmt":"2017-02-22T08:35:57","slug":"tendinte-in-lexicul-limbii-ucrainene-actuale","status":"publish","type":"product","link":"https:\/\/editura-unibuc.ro\/en\/tendinte-in-lexicul-limbii-ucrainene-actuale\/","title":{"rendered":"TENDIN\u0162E \u00ceN LEXICUL LIMBII UCRAINENE ACTUALE"},"content":{"rendered":"<p>Lucrarea a presupus o munc\u0103 de cercetare asidu\u0103 \u00eentr-un spectru larg de domenii variind de la limb\u0103 (lexicologie, lexicografie, etimologie) p\u00e2n\u0103 la istoria raporturilor etnolingvistice, cultur\u0103 \u015fi civiliza\u0163ie ucrainean\u0103. Rezultatul cercet\u0103rii s-a materializat \u00eentr-o monografie foarte interesant\u0103 care va umple un gol uria\u015f pe pia\u0163a de carte din Rom\u00e2nia, dar \u015fi \u00een cultura general\u0103, oferind studen\u0163ilor \u0219i masteranzilor de la slavistic\u0103, precum \u015fi tuturor celor interesa\u0163i de ceea ce se afl\u0103 dincolo de grani\u0163ele de nord-est ale Rom\u00e2niei, informa\u0163ii pertinente despre poporul vecin \u015fi limba ucrainean\u0103.<\/p>\n","protected":false},"excerpt":{"rendered":"<p>Lucrarea a presupus o munc\u0103 de cercetare asidu\u0103 \u00eentr-un spectru larg de domenii variind de la limb\u0103 (lexicologie, lexicografie, etimologie) p\u00e2n\u0103 la istoria raporturilor etnolingvistice, cultur\u0103 \u015fi civiliza\u0163ie ucrainean\u0103. Rezultatul cercet\u0103rii s-a materializat \u00eentr-o monografie foarte interesant\u0103 care va umple un gol uria\u015f pe pia\u0163a de carte din Rom\u00e2nia, dar \u015fi \u00een cultura general\u0103, oferind [&hellip;]<\/p>\n","protected":false},"featured_media":18108,"comment_status":"open","ping_status":"closed","template":"","meta":[],"product_brand":[],"product_cat":[1464,981],"product_tag":[2495,2494,1638,2493,1400,2496,1257],"class_list":{"0":"post-18107","1":"product","2":"type-product","3":"status-publish","4":"has-post-thumbnail","6":"product_cat-filologie","7":"product_cat-limbi-slave","8":"product_tag-aliona-bivolaru","9":"product_tag-civilizatie-ucraineana","10":"product_tag-etimologie","11":"product_tag-lexicografie","12":"product_tag-lexicologie","13":"product_tag-limba-ucraineana","14":"product_tag-slavistica","16":"first","17":"instock","18":"shipping-taxable","19":"purchasable","20":"product-type-simple"},"_links":{"self":[{"href":"https:\/\/editura-unibuc.ro\/en\/wp-json\/wp\/v2\/product\/18107","targetHints":{"allow":["GET"]}}],"collection":[{"href":"https:\/\/editura-unibuc.ro\/en\/wp-json\/wp\/v2\/product"}],"about":[{"href":"https:\/\/editura-unibuc.ro\/en\/wp-json\/wp\/v2\/types\/product"}],"replies":[{"embeddable":true,"href":"https:\/\/editura-unibuc.ro\/en\/wp-json\/wp\/v2\/comments?post=18107"}],"wp:featuredmedia":[{"embeddable":true,"href":"https:\/\/editura-unibuc.ro\/en\/wp-json\/wp\/v2\/media\/18108"}],"wp:attachment":[{"href":"https:\/\/editura-unibuc.ro\/en\/wp-json\/wp\/v2\/media?parent=18107"}],"wp:term":[{"taxonomy":"product_brand","embeddable":true,"href":"https:\/\/editura-unibuc.ro\/en\/wp-json\/wp\/v2\/product_brand?post=18107"},{"taxonomy":"product_cat","embeddable":true,"href":"https:\/\/editura-unibuc.ro\/en\/wp-json\/wp\/v2\/product_cat?post=18107"},{"taxonomy":"product_tag","embeddable":true,"href":"https:\/\/editura-unibuc.ro\/en\/wp-json\/wp\/v2\/product_tag?post=18107"}],"curies":[{"name":"wp","href":"https:\/\/api.w.org\/{rel}","templated":true}]}}