{"id":18109,"date":"2017-02-22T10:37:23","date_gmt":"2017-02-22T08:37:23","guid":{"rendered":"https:\/\/editura-unibuc.ro\/?post_type=product&#038;p=18109"},"modified":"2017-03-20T10:40:21","modified_gmt":"2017-03-20T08:40:21","slug":"sofia-intelepciunea-lui-dumnezeu-in-gandirea-lui-serghei-bulgakov","status":"publish","type":"product","link":"https:\/\/editura-unibuc.ro\/en\/sofia-intelepciunea-lui-dumnezeu-in-gandirea-lui-serghei-bulgakov\/","title":{"rendered":"SOFIA \u2013 \u00ceN\u0162ELEPCIUNEA LUI DUMNEZEU \u00ceN G\u00c2NDIREA LUI SERGHEI BULGAKOV"},"content":{"rendered":"<p>Lucrarea de fa\u0163\u0103 abordeaz\u0103 o tem\u0103 inedit\u0103 pentru teologia rom\u00e2neasc\u0103, cu largi implica\u0163ii filosofice, \u015fi care a avut rezonan\u0163\u0103 \u00een prima jum\u0103tate a secolului XX, \u00een teologia rus\u0103.<\/p>\n","protected":false},"excerpt":{"rendered":"<p>Lucrarea de fa\u0163\u0103 abordeaz\u0103 o tem\u0103 inedit\u0103 pentru teologia rom\u00e2neasc\u0103, cu largi implica\u0163ii filosofice, \u015fi care a avut rezonan\u0163\u0103 \u00een prima jum\u0103tate a secolului XX, \u00een teologia rus\u0103.<\/p>\n","protected":false},"featured_media":18110,"comment_status":"open","ping_status":"closed","template":"","meta":[],"product_brand":[],"product_cat":[991,999],"product_tag":[2500,2497,2499,2498,2501],"class_list":{"0":"post-18109","1":"product","2":"type-product","3":"status-publish","4":"has-post-thumbnail","6":"product_cat-stiinte-sociale","7":"product_cat-teologie","8":"product_tag-crestinism-ortodox","9":"product_tag-mihai-burlacu","10":"product_tag-revelatia","11":"product_tag-serghei-bulgakov","12":"product_tag-teolofie","14":"first","15":"outofstock","16":"shipping-taxable","17":"purchasable","18":"product-type-simple"},"_links":{"self":[{"href":"https:\/\/editura-unibuc.ro\/en\/wp-json\/wp\/v2\/product\/18109","targetHints":{"allow":["GET"]}}],"collection":[{"href":"https:\/\/editura-unibuc.ro\/en\/wp-json\/wp\/v2\/product"}],"about":[{"href":"https:\/\/editura-unibuc.ro\/en\/wp-json\/wp\/v2\/types\/product"}],"replies":[{"embeddable":true,"href":"https:\/\/editura-unibuc.ro\/en\/wp-json\/wp\/v2\/comments?post=18109"}],"wp:featuredmedia":[{"embeddable":true,"href":"https:\/\/editura-unibuc.ro\/en\/wp-json\/wp\/v2\/media\/18110"}],"wp:attachment":[{"href":"https:\/\/editura-unibuc.ro\/en\/wp-json\/wp\/v2\/media?parent=18109"}],"wp:term":[{"taxonomy":"product_brand","embeddable":true,"href":"https:\/\/editura-unibuc.ro\/en\/wp-json\/wp\/v2\/product_brand?post=18109"},{"taxonomy":"product_cat","embeddable":true,"href":"https:\/\/editura-unibuc.ro\/en\/wp-json\/wp\/v2\/product_cat?post=18109"},{"taxonomy":"product_tag","embeddable":true,"href":"https:\/\/editura-unibuc.ro\/en\/wp-json\/wp\/v2\/product_tag?post=18109"}],"curies":[{"name":"wp","href":"https:\/\/api.w.org\/{rel}","templated":true}]}}