{"id":18111,"date":"2017-02-22T10:38:29","date_gmt":"2017-02-22T08:38:29","guid":{"rendered":"https:\/\/editura-unibuc.ro\/?post_type=product&#038;p=18111"},"modified":"2019-10-17T10:58:47","modified_gmt":"2019-10-17T07:58:47","slug":"comportamentul-consumatorului-ghid-practic-de-studiu","status":"publish","type":"product","link":"https:\/\/editura-unibuc.ro\/en\/comportamentul-consumatorului-ghid-practic-de-studiu\/","title":{"rendered":"COMPORTAMENTUL CONSUMATORULUI. GHID PRACTIC DE STUDIU"},"content":{"rendered":"<p>Lucrarea se adreseaz\u0103 studen\u0163ilor care studiaz\u0103 la specializarea Marketing \u015fi urm\u0103re\u015fte dob\u00e2ndirea de cuno\u015ftin\u0163e teoretice, c\u00e2t \u015fi o abordare practic\u0103 a acestora prin rezolvarea de aplica\u0163ii.<\/p>\n","protected":false},"excerpt":{"rendered":"<p>Lucrarea se adreseaz\u0103 studen\u0163ilor care studiaz\u0103 la specializarea Marketing \u015fi urm\u0103re\u015fte dob\u00e2ndirea de cuno\u015ftin\u0163e teoretice, c\u00e2t \u015fi o abordare practic\u0103 a acestora prin rezolvarea de aplica\u0163ii.<\/p>\n","protected":false},"featured_media":18112,"comment_status":"open","ping_status":"closed","template":"","meta":[],"product_brand":[],"product_cat":[991,992],"product_tag":[2502,2503,1229],"class_list":{"0":"post-18111","1":"product","2":"type-product","3":"status-publish","4":"has-post-thumbnail","6":"product_cat-stiinte-sociale","7":"product_cat-administratie-si-afaceri","8":"product_tag-comportamentul-consumatorului","9":"product_tag-eleonora-contu","10":"product_tag-marketing","12":"first","13":"outofstock","14":"shipping-taxable","15":"purchasable","16":"product-type-simple"},"_links":{"self":[{"href":"https:\/\/editura-unibuc.ro\/en\/wp-json\/wp\/v2\/product\/18111","targetHints":{"allow":["GET"]}}],"collection":[{"href":"https:\/\/editura-unibuc.ro\/en\/wp-json\/wp\/v2\/product"}],"about":[{"href":"https:\/\/editura-unibuc.ro\/en\/wp-json\/wp\/v2\/types\/product"}],"replies":[{"embeddable":true,"href":"https:\/\/editura-unibuc.ro\/en\/wp-json\/wp\/v2\/comments?post=18111"}],"wp:featuredmedia":[{"embeddable":true,"href":"https:\/\/editura-unibuc.ro\/en\/wp-json\/wp\/v2\/media\/18112"}],"wp:attachment":[{"href":"https:\/\/editura-unibuc.ro\/en\/wp-json\/wp\/v2\/media?parent=18111"}],"wp:term":[{"taxonomy":"product_brand","embeddable":true,"href":"https:\/\/editura-unibuc.ro\/en\/wp-json\/wp\/v2\/product_brand?post=18111"},{"taxonomy":"product_cat","embeddable":true,"href":"https:\/\/editura-unibuc.ro\/en\/wp-json\/wp\/v2\/product_cat?post=18111"},{"taxonomy":"product_tag","embeddable":true,"href":"https:\/\/editura-unibuc.ro\/en\/wp-json\/wp\/v2\/product_tag?post=18111"}],"curies":[{"name":"wp","href":"https:\/\/api.w.org\/{rel}","templated":true}]}}