{"id":1815,"date":"2012-09-10T12:08:40","date_gmt":"2012-09-10T09:08:40","guid":{"rendered":"https:\/\/editura-unibuc.ro\/?p=1815"},"modified":"2025-08-06T12:18:40","modified_gmt":"2025-08-06T09:18:40","slug":"estetica-si-artele-astazi","status":"publish","type":"product","link":"https:\/\/editura-unibuc.ro\/en\/estetica-si-artele-astazi\/","title":{"rendered":"AESTHETICS AND ARTS TODAY"},"content":{"rendered":"<p>Acest volum se \u00eenscrie \u00een direc\u021bia explor\u0103rilor fenomenului artistic modern \u0219i contemporan cu ajutorul cercet\u0103rilor esteticii actuale. Articolele incluse constituie nu numai surse bogate de documentare, dar \u0219i sugestii pentru posibile abord\u0103ri ulterioare. Dintre titlurile cuprinse \u00een volum, cititorii pot lua cuno\u0219tin\u021b\u0103, printre altele, cu studii recente privind teoria postestetic\u0103, despre utopia estetic\u0103 la arta politizat\u0103, precum \u0219i despre estetici particulare ale artei conceptuale, despre o estetic\u0103 a banalului sau despre estetic\u0103 \u0219i simbolism istoric.<\/p>\n","protected":false},"excerpt":{"rendered":"<p>Acest volum se \u00eenscrie \u00een direc\u021bia explor\u0103rilor fenomenului artistic modern \u0219i contemporan cu ajutorul cercet\u0103rilor esteticii actuale. Articolele incluse constituie nu numai surse bogate de documentare, dar \u0219i sugestii pentru posibile abord\u0103ri ulterioare. Dintre titlurile cuprinse \u00een volum, cititorii pot lua cuno\u0219tin\u021b\u0103, printre altele, cu studii recente privind teoria postestetic\u0103, despre utopia estetic\u0103 la arta [&hellip;]<\/p>\n","protected":false},"featured_media":11030,"comment_status":"open","ping_status":"closed","template":"","meta":[],"product_brand":[],"product_cat":[991,994],"product_tag":[1377,921],"class_list":{"0":"post-1815","1":"product","2":"type-product","3":"status-publish","4":"has-post-thumbnail","6":"product_cat-stiinte-sociale","7":"product_cat-filosofie","8":"product_tag-estetica","9":"product_tag-filosofie","11":"first","12":"outofstock","13":"shipping-taxable","14":"purchasable","15":"product-type-simple"},"_links":{"self":[{"href":"https:\/\/editura-unibuc.ro\/en\/wp-json\/wp\/v2\/product\/1815","targetHints":{"allow":["GET"]}}],"collection":[{"href":"https:\/\/editura-unibuc.ro\/en\/wp-json\/wp\/v2\/product"}],"about":[{"href":"https:\/\/editura-unibuc.ro\/en\/wp-json\/wp\/v2\/types\/product"}],"replies":[{"embeddable":true,"href":"https:\/\/editura-unibuc.ro\/en\/wp-json\/wp\/v2\/comments?post=1815"}],"wp:featuredmedia":[{"embeddable":true,"href":"https:\/\/editura-unibuc.ro\/en\/wp-json\/wp\/v2\/media\/11030"}],"wp:attachment":[{"href":"https:\/\/editura-unibuc.ro\/en\/wp-json\/wp\/v2\/media?parent=1815"}],"wp:term":[{"taxonomy":"product_brand","embeddable":true,"href":"https:\/\/editura-unibuc.ro\/en\/wp-json\/wp\/v2\/product_brand?post=1815"},{"taxonomy":"product_cat","embeddable":true,"href":"https:\/\/editura-unibuc.ro\/en\/wp-json\/wp\/v2\/product_cat?post=1815"},{"taxonomy":"product_tag","embeddable":true,"href":"https:\/\/editura-unibuc.ro\/en\/wp-json\/wp\/v2\/product_tag?post=1815"}],"curies":[{"name":"wp","href":"https:\/\/api.w.org\/{rel}","templated":true}]}}