{"id":18161,"date":"2017-03-02T17:32:27","date_gmt":"2017-03-02T15:32:27","guid":{"rendered":"https:\/\/editura-unibuc.ro\/?post_type=product&#038;p=18161"},"modified":"2017-03-02T17:32:27","modified_gmt":"2017-03-02T15:32:27","slug":"capitalul-uman-si-resursele-umane-in-romania","status":"publish","type":"product","link":"https:\/\/editura-unibuc.ro\/en\/capitalul-uman-si-resursele-umane-in-romania\/","title":{"rendered":"CAPITALUL UMAN \u015eI RESURSELE UMANE \u00ceN ROM\u00c2NIA"},"content":{"rendered":"<p>Lucrarea &#8220;Capitalul uman \u0219i resursele umane \u00een Rom\u00e2nia&#8221; ofer\u0103 cititorilor un instrument util pentru decodarea conota\u021biilor unor concepte \u0219i mecanisme de mare actualitate \u00een noul context economic, dar \u0219i un ghid pre\u021bios pentru \u00een\u021belegerea politicilor publice din domeniul educa\u021biei \u0219i al resurselor umane.<\/p>\n","protected":false},"excerpt":{"rendered":"<p>Lucrarea &#8220;Capitalul uman \u0219i resursele umane \u00een Rom\u00e2nia&#8221; ofer\u0103 cititorilor un instrument util pentru decodarea conota\u021biilor unor concepte \u0219i mecanisme de mare actualitate \u00een noul context economic, dar \u0219i un ghid pre\u021bios pentru \u00een\u021belegerea politicilor publice din domeniul educa\u021biei \u0219i al resurselor umane.<\/p>\n","protected":false},"featured_media":18162,"comment_status":"open","ping_status":"closed","template":"","meta":[],"product_brand":[],"product_cat":[991,992],"product_tag":[2506,2508,1319,2507],"class_list":{"0":"post-18161","1":"product","2":"type-product","3":"status-publish","4":"has-post-thumbnail","6":"product_cat-stiinte-sociale","7":"product_cat-administratie-si-afaceri","8":"product_tag-capitalul-uman","9":"product_tag-ioana-julieta-josan","10":"product_tag-management","11":"product_tag-resursele-umane","13":"first","14":"instock","15":"shipping-taxable","16":"purchasable","17":"product-type-simple"},"_links":{"self":[{"href":"https:\/\/editura-unibuc.ro\/en\/wp-json\/wp\/v2\/product\/18161","targetHints":{"allow":["GET"]}}],"collection":[{"href":"https:\/\/editura-unibuc.ro\/en\/wp-json\/wp\/v2\/product"}],"about":[{"href":"https:\/\/editura-unibuc.ro\/en\/wp-json\/wp\/v2\/types\/product"}],"replies":[{"embeddable":true,"href":"https:\/\/editura-unibuc.ro\/en\/wp-json\/wp\/v2\/comments?post=18161"}],"wp:featuredmedia":[{"embeddable":true,"href":"https:\/\/editura-unibuc.ro\/en\/wp-json\/wp\/v2\/media\/18162"}],"wp:attachment":[{"href":"https:\/\/editura-unibuc.ro\/en\/wp-json\/wp\/v2\/media?parent=18161"}],"wp:term":[{"taxonomy":"product_brand","embeddable":true,"href":"https:\/\/editura-unibuc.ro\/en\/wp-json\/wp\/v2\/product_brand?post=18161"},{"taxonomy":"product_cat","embeddable":true,"href":"https:\/\/editura-unibuc.ro\/en\/wp-json\/wp\/v2\/product_cat?post=18161"},{"taxonomy":"product_tag","embeddable":true,"href":"https:\/\/editura-unibuc.ro\/en\/wp-json\/wp\/v2\/product_tag?post=18161"}],"curies":[{"name":"wp","href":"https:\/\/api.w.org\/{rel}","templated":true}]}}