{"id":18163,"date":"2017-03-02T17:34:09","date_gmt":"2017-03-02T15:34:09","guid":{"rendered":"https:\/\/editura-unibuc.ro\/?post_type=product&#038;p=18163"},"modified":"2017-03-02T17:34:09","modified_gmt":"2017-03-02T15:34:09","slug":"comunicare-si-relatii-publice-in-afaceri-ghid-practic","status":"publish","type":"product","link":"https:\/\/editura-unibuc.ro\/en\/comunicare-si-relatii-publice-in-afaceri-ghid-practic\/","title":{"rendered":"COMUNICARE \u015eI RELA\u0162II PUBLICE \u00ceN AFACERI. GHID PRACTIC"},"content":{"rendered":"<p>Pentru asigurarea cadrului teoretic \u0219i aplicativ, lucrarea &#8220;Comunicare \u0219i Rela\u021bii publice. Ghid practic&#8221; prezint\u0103 o serie de teorii \u0219i concepte consacrate de-al lungul timpului, dar \u0219i o abordare practic\u0103 realizat\u0103 prin intermediul temelor de reflec\u021bie \u0219i a testelor de autoevaluare.<br \/>\nLucrarea se adreseaz\u0103 viitorilor speciali\u0219ti \u00een acest domeniu, studen\u021bi la specializ\u0103ri de profil \u0219i din domeniul afacerilor \u0219i \u0219tiin\u021belor administrative, dar \u0219i practicienilor, managerilor \u0219i publicului larg ce pot g\u0103si \u00een aceast\u0103 lucrare un punct de plecare pentru familiarizarea cu tehnicile \u0219i instrumentele specifice comunic\u0103rii eficiente.<\/p>\n","protected":false},"excerpt":{"rendered":"<p>Pentru asigurarea cadrului teoretic \u0219i aplicativ, lucrarea &#8220;Comunicare \u0219i Rela\u021bii publice. Ghid practic&#8221; prezint\u0103 o serie de teorii \u0219i concepte consacrate de-al lungul timpului, dar \u0219i o abordare practic\u0103 realizat\u0103 prin intermediul temelor de reflec\u021bie \u0219i a testelor de autoevaluare. Lucrarea se adreseaz\u0103 viitorilor speciali\u0219ti \u00een acest domeniu, studen\u021bi la specializ\u0103ri de profil \u0219i din [&hellip;]<\/p>\n","protected":false},"featured_media":18164,"comment_status":"open","ping_status":"closed","template":"","meta":[],"product_brand":[],"product_cat":[991,992],"product_tag":[1102,1202,2508,1319,1203],"class_list":{"0":"post-18163","1":"product","2":"type-product","3":"status-publish","4":"has-post-thumbnail","6":"product_cat-stiinte-sociale","7":"product_cat-administratie-si-afaceri","8":"product_tag-afaceri","9":"product_tag-comunicare","10":"product_tag-ioana-julieta-josan","11":"product_tag-management","12":"product_tag-relatii-publice","14":"first","15":"instock","16":"shipping-taxable","17":"purchasable","18":"product-type-simple"},"_links":{"self":[{"href":"https:\/\/editura-unibuc.ro\/en\/wp-json\/wp\/v2\/product\/18163","targetHints":{"allow":["GET"]}}],"collection":[{"href":"https:\/\/editura-unibuc.ro\/en\/wp-json\/wp\/v2\/product"}],"about":[{"href":"https:\/\/editura-unibuc.ro\/en\/wp-json\/wp\/v2\/types\/product"}],"replies":[{"embeddable":true,"href":"https:\/\/editura-unibuc.ro\/en\/wp-json\/wp\/v2\/comments?post=18163"}],"wp:featuredmedia":[{"embeddable":true,"href":"https:\/\/editura-unibuc.ro\/en\/wp-json\/wp\/v2\/media\/18164"}],"wp:attachment":[{"href":"https:\/\/editura-unibuc.ro\/en\/wp-json\/wp\/v2\/media?parent=18163"}],"wp:term":[{"taxonomy":"product_brand","embeddable":true,"href":"https:\/\/editura-unibuc.ro\/en\/wp-json\/wp\/v2\/product_brand?post=18163"},{"taxonomy":"product_cat","embeddable":true,"href":"https:\/\/editura-unibuc.ro\/en\/wp-json\/wp\/v2\/product_cat?post=18163"},{"taxonomy":"product_tag","embeddable":true,"href":"https:\/\/editura-unibuc.ro\/en\/wp-json\/wp\/v2\/product_tag?post=18163"}],"curies":[{"name":"wp","href":"https:\/\/api.w.org\/{rel}","templated":true}]}}