{"id":18165,"date":"2017-03-02T17:36:26","date_gmt":"2017-03-02T15:36:26","guid":{"rendered":"https:\/\/editura-unibuc.ro\/?post_type=product&#038;p=18165"},"modified":"2017-03-02T17:37:25","modified_gmt":"2017-03-02T15:37:25","slug":"sintaxa-ca-mod-de-a-fi-omagiu-gabrielei-pana-dindelegan-la-aniversare","status":"publish","type":"product","link":"https:\/\/editura-unibuc.ro\/en\/sintaxa-ca-mod-de-a-fi-omagiu-gabrielei-pana-dindelegan-la-aniversare\/","title":{"rendered":"SINTAXA CA MOD DE A FI: OMAGIU GABRIELEI PAN\u0102 DINDELEGAN, LA ANIVERSARE"},"content":{"rendered":"<p>\u201eGabriela Pan\u0103 Dindelegan mi-a dovedit c\u0103 face parte din acea rar\u0103 categorie de dasc\u0103li care, ca \u0219i cei doi magi\u0219tri ai mei \u2012 Iorgu Iordan \u0219i Alexandru Rosetti \u2012 au talentul, capacitatea, poate \u0219i darul de la Dumnezeu de a forma o \u201e\u0219coal\u0103\u201d \u00een jurul lor, \u0219tiind s\u0103 se fac\u0103 stima\u021bi, admira\u021bi, asculta\u021bi \u0219i chiar iubi\u021bi de c\u0103tre discipolii lor. Dovada succesului acestui demers este seria de mari lucr\u0103ri colective de gramatic\u0103 pe care le-a coordonat, fiind \u0219i principal autor, publicate \u00een ultimii 5-6 ani, at\u00e2t \u00een \u021bar\u0103 (Gramatica de baz\u0103 a limbii rom\u00e2ne, Studii de istorie a limbii rom\u00e2ne), c\u00e2t \u0219i \u00een str\u0103in\u0103tate (The Grammar of Romanian, The Syntax of Old Romanian).\u201d<br \/>\nMarius Sala<\/p>\n","protected":false},"excerpt":{"rendered":"<p>\u201eGabriela Pan\u0103 Dindelegan mi-a dovedit c\u0103 face parte din acea rar\u0103 categorie de dasc\u0103li care, ca \u0219i cei doi magi\u0219tri ai mei \u2012 Iorgu Iordan \u0219i Alexandru Rosetti \u2012 au talentul, capacitatea, poate \u0219i darul de la Dumnezeu de a forma o \u201e\u0219coal\u0103\u201d \u00een jurul lor, \u0219tiind s\u0103 se fac\u0103 stima\u021bi, admira\u021bi, asculta\u021bi \u0219i chiar [&hellip;]<\/p>\n","protected":false},"featured_media":18166,"comment_status":"open","ping_status":"closed","template":"","meta":[],"product_brand":[],"product_cat":[2509,1464,979],"product_tag":[2510,2511,2512],"class_list":{"0":"post-18165","1":"product","2":"type-product","3":"status-publish","4":"has-post-thumbnail","6":"product_cat-personalitati-ale-universitatii-din-bucuresti","7":"product_cat-filologie","8":"product_cat-limba-romana","9":"product_tag-gabriela-pana-dindelegan","10":"product_tag-gramatica-limbii-romane","11":"product_tag-istoria-limbii-romane","13":"first","14":"instock","15":"shipping-taxable","16":"purchasable","17":"product-type-simple"},"_links":{"self":[{"href":"https:\/\/editura-unibuc.ro\/en\/wp-json\/wp\/v2\/product\/18165","targetHints":{"allow":["GET"]}}],"collection":[{"href":"https:\/\/editura-unibuc.ro\/en\/wp-json\/wp\/v2\/product"}],"about":[{"href":"https:\/\/editura-unibuc.ro\/en\/wp-json\/wp\/v2\/types\/product"}],"replies":[{"embeddable":true,"href":"https:\/\/editura-unibuc.ro\/en\/wp-json\/wp\/v2\/comments?post=18165"}],"wp:featuredmedia":[{"embeddable":true,"href":"https:\/\/editura-unibuc.ro\/en\/wp-json\/wp\/v2\/media\/18166"}],"wp:attachment":[{"href":"https:\/\/editura-unibuc.ro\/en\/wp-json\/wp\/v2\/media?parent=18165"}],"wp:term":[{"taxonomy":"product_brand","embeddable":true,"href":"https:\/\/editura-unibuc.ro\/en\/wp-json\/wp\/v2\/product_brand?post=18165"},{"taxonomy":"product_cat","embeddable":true,"href":"https:\/\/editura-unibuc.ro\/en\/wp-json\/wp\/v2\/product_cat?post=18165"},{"taxonomy":"product_tag","embeddable":true,"href":"https:\/\/editura-unibuc.ro\/en\/wp-json\/wp\/v2\/product_tag?post=18165"}],"curies":[{"name":"wp","href":"https:\/\/api.w.org\/{rel}","templated":true}]}}