{"id":18167,"date":"2017-03-02T17:39:02","date_gmt":"2017-03-02T15:39:02","guid":{"rendered":"https:\/\/editura-unibuc.ro\/?post_type=product&#038;p=18167"},"modified":"2024-04-10T10:27:44","modified_gmt":"2024-04-10T07:27:44","slug":"sociologia-comunitatii-din-perspectiva-capitalului-social","status":"publish","type":"product","link":"https:\/\/editura-unibuc.ro\/en\/sociologia-comunitatii-din-perspectiva-capitalului-social\/","title":{"rendered":"SOCIOLOGIA COMUNIT\u0102\u0162II DIN PERSPECTIVA CAPITALULUI SOCIAL"},"content":{"rendered":"<p>\u201cLucrarea constituie o excelent\u0103 abordare a comunit\u0103\u021bilor locale rom\u00e2ne\u0219ti. Ceea ce \u00eei confer\u0103 unicitate \u0219i valoare de excep\u021bie este perspectiva de cercetare, fundamentarea teoretic\u0103 \u0219i promovarea analizelor de tip mixt, calitativ-cantitativ. Comunit\u0103\u021bile nu mai sunt \u2013 precum \u00een majoritatea lucr\u0103rilor din seria \u00een care se \u00eencadreaz\u0103 \u2013 cu profil dat de localizare. Ceea ce le define\u0219te este structurarea lor rela\u021bional\u0103 \u0219i pe coordonate de propensiune spre cooperare. Au o mare diversitate, de la grupuri de vecin\u0103tate din Bra\u0219ov, Prahova, Bucure\u0219ti sau Teleorman, la comunit\u0103\u021bi de migran\u021bi rom\u00e2ni din apropierea Madridului, de la Alcal\u00e1 de Henares, spre exemplu. \u00cen construc\u021bia teoretic\u0103 este de remarcat apelarea la lucr\u0103rile fundamentale din domeniu, claritatea specific\u0103 unui profesor de voca\u021bie \u0219i facilitatea de raportare la cadre culturale diferite.<br \/>\nCititorul interesat de domeniu va g\u0103si \u00een sec\u021biunea de cercetare empiric\u0103 una dintre pu\u021binele lucr\u0103ri din literatura sociologic\u0103 rom\u00e2neasc\u0103 \u00een care autorul opereaz\u0103 lejer \u0219i conving\u0103tor \u0219i cu modele de analiz\u0103 cantitativ\u0103, \u0219i cu interviuri \u00een profunzime.\u201d<br \/>\n(prof. univ. dr. Dumitru Sandu)<br \/>\n<\/p>","protected":false},"excerpt":{"rendered":"<p>\u201cLucrarea constituie o excelent\u0103 abordare a comunit\u0103\u021bilor locale rom\u00e2ne\u0219ti. Ceea ce \u00eei confer\u0103 unicitate \u0219i valoare de excep\u021bie este perspectiva de cercetare, fundamentarea teoretic\u0103 \u0219i promovarea analizelor de tip mixt, calitativ-cantitativ. Comunit\u0103\u021bile nu mai sunt \u2013 precum \u00een majoritatea lucr\u0103rilor din seria \u00een care se \u00eencadreaz\u0103 \u2013 cu profil dat de localizare. Ceea ce le [&hellip;]<\/p>\n","protected":false},"featured_media":18168,"comment_status":"open","ping_status":"closed","template":"","meta":[],"product_brand":[],"product_cat":[991,998],"product_tag":[2513,2515,2514,1039],"class_list":{"0":"post-18167","1":"product","2":"type-product","3":"status-publish","4":"has-post-thumbnail","6":"product_cat-stiinte-sociale","7":"product_cat-sociologie-si-asistenta-sociala","8":"product_tag-capital-social","9":"product_tag-comunitati-romanesti","10":"product_tag-ioana-alexandra-rusu","11":"product_tag-sociologie","13":"first","14":"instock","15":"shipping-taxable","16":"purchasable","17":"product-type-simple"},"_links":{"self":[{"href":"https:\/\/editura-unibuc.ro\/en\/wp-json\/wp\/v2\/product\/18167","targetHints":{"allow":["GET"]}}],"collection":[{"href":"https:\/\/editura-unibuc.ro\/en\/wp-json\/wp\/v2\/product"}],"about":[{"href":"https:\/\/editura-unibuc.ro\/en\/wp-json\/wp\/v2\/types\/product"}],"replies":[{"embeddable":true,"href":"https:\/\/editura-unibuc.ro\/en\/wp-json\/wp\/v2\/comments?post=18167"}],"wp:featuredmedia":[{"embeddable":true,"href":"https:\/\/editura-unibuc.ro\/en\/wp-json\/wp\/v2\/media\/18168"}],"wp:attachment":[{"href":"https:\/\/editura-unibuc.ro\/en\/wp-json\/wp\/v2\/media?parent=18167"}],"wp:term":[{"taxonomy":"product_brand","embeddable":true,"href":"https:\/\/editura-unibuc.ro\/en\/wp-json\/wp\/v2\/product_brand?post=18167"},{"taxonomy":"product_cat","embeddable":true,"href":"https:\/\/editura-unibuc.ro\/en\/wp-json\/wp\/v2\/product_cat?post=18167"},{"taxonomy":"product_tag","embeddable":true,"href":"https:\/\/editura-unibuc.ro\/en\/wp-json\/wp\/v2\/product_tag?post=18167"}],"curies":[{"name":"wp","href":"https:\/\/api.w.org\/{rel}","templated":true}]}}