{"id":18169,"date":"2017-03-02T17:40:23","date_gmt":"2017-03-02T15:40:23","guid":{"rendered":"https:\/\/editura-unibuc.ro\/?post_type=product&#038;p=18169"},"modified":"2026-04-03T09:07:17","modified_gmt":"2026-04-03T06:07:17","slug":"elemente-de-analiza-matematica-ed-a-ii-a-revizuita-si-adaugita","status":"publish","type":"product","link":"https:\/\/editura-unibuc.ro\/en\/elemente-de-analiza-matematica-ed-a-ii-a-revizuita-si-adaugita\/","title":{"rendered":"ELEMENTE DE ANALIZ\u0102 MATEMATIC\u0102, ED. A II-A, REVIZUIT\u0102 \u015eI AD\u0102UGIT\u0102"},"content":{"rendered":"<p>\u00cen aceast\u0103 carte se urm\u0103re\u015fte at\u00e2t familiarizarea cititorului cu elemente de baz\u0103 ale analizei matematice reale \u015fi utilizarea programului MATHEMATICA, c\u00e2t \u015fi o ini\u0163iere \u00een analiza complex\u0103, teoria seriilor Fourier, teoria distribu\u0163iilor, transformarea Fourier \u015fi teoria spa\u0163iilor Hilbert.<\/p>\n","protected":false},"excerpt":{"rendered":"<p>\u00cen aceast\u0103 carte se urm\u0103re\u015fte at\u00e2t familiarizarea cititorului cu elemente de baz\u0103 ale analizei matematice reale \u015fi utilizarea programului MATHEMATICA, c\u00e2t \u015fi o ini\u0163iere \u00een analiza complex\u0103, teoria seriilor Fourier, teoria distribu\u0163iilor, transformarea Fourier \u015fi teoria spa\u0163iilor Hilbert.<\/p>\n","protected":false},"featured_media":18170,"comment_status":"open","ping_status":"closed","template":"","meta":[],"product_brand":[],"product_cat":[982,986],"product_tag":[2516,2518,2517],"class_list":{"0":"post-18169","1":"product","2":"type-product","3":"status-publish","4":"has-post-thumbnail","6":"product_cat-stiinte-exacte","7":"product_cat-matematica","8":"product_tag-analiza-matematica","9":"product_tag-liviu-adrian-cotfas","10":"product_tag-nicolae-cotfas","12":"first","13":"outofstock","14":"shipping-taxable","15":"purchasable","16":"product-type-simple"},"_links":{"self":[{"href":"https:\/\/editura-unibuc.ro\/en\/wp-json\/wp\/v2\/product\/18169","targetHints":{"allow":["GET"]}}],"collection":[{"href":"https:\/\/editura-unibuc.ro\/en\/wp-json\/wp\/v2\/product"}],"about":[{"href":"https:\/\/editura-unibuc.ro\/en\/wp-json\/wp\/v2\/types\/product"}],"replies":[{"embeddable":true,"href":"https:\/\/editura-unibuc.ro\/en\/wp-json\/wp\/v2\/comments?post=18169"}],"wp:featuredmedia":[{"embeddable":true,"href":"https:\/\/editura-unibuc.ro\/en\/wp-json\/wp\/v2\/media\/18170"}],"wp:attachment":[{"href":"https:\/\/editura-unibuc.ro\/en\/wp-json\/wp\/v2\/media?parent=18169"}],"wp:term":[{"taxonomy":"product_brand","embeddable":true,"href":"https:\/\/editura-unibuc.ro\/en\/wp-json\/wp\/v2\/product_brand?post=18169"},{"taxonomy":"product_cat","embeddable":true,"href":"https:\/\/editura-unibuc.ro\/en\/wp-json\/wp\/v2\/product_cat?post=18169"},{"taxonomy":"product_tag","embeddable":true,"href":"https:\/\/editura-unibuc.ro\/en\/wp-json\/wp\/v2\/product_tag?post=18169"}],"curies":[{"name":"wp","href":"https:\/\/api.w.org\/{rel}","templated":true}]}}