{"id":18171,"date":"2017-03-02T17:43:19","date_gmt":"2017-03-02T15:43:19","guid":{"rendered":"https:\/\/editura-unibuc.ro\/?post_type=product&#038;p=18171"},"modified":"2025-08-08T13:02:02","modified_gmt":"2025-08-08T10:02:02","slug":"revista-cercurilor-studentesti-ale-departamentului-de-limba-si-literatura-franceza-52016","status":"publish","type":"product","link":"https:\/\/editura-unibuc.ro\/en\/revista-cercurilor-studentesti-ale-departamentului-de-limba-si-literatura-franceza-52016\/","title":{"rendered":"REVISTA CERCURILOR STUDEN\u0162E\u015eTI ALE DEPARTAMENTULUI DE LIMBA \u015eI LITERATURA FRANCEZ\u0102, 5\/2016"},"content":{"rendered":"<p>Revista reune\u015fte cele mai bune articole rezultate din interven\u0163iile studen\u0163ilor \u00een cadrul Cercului de literatur\u0103, cultur\u0103 \u015fi civiliza\u0163ie francez\u0103 \u015fi al Cercului de lingvistic\u0103 francez\u0103 teoretic\u0103 \u015fi aplicat\u0103, ce apar\u0163in Universit\u0103\u0163ii din Bucure\u015fti.<\/p>\n<p>DEPARTAMENTUL DE LIMBA \u015eI LITERATURA FRANCEZ\u0102, FACULTATEA DE LIMBI \u015eI LITERATURI STR\u0102INE, UNIVERSITATEA DIN BUCURE\u015eTI<\/p>\n","protected":false},"excerpt":{"rendered":"<p>Revista reune\u015fte cele mai bune articole rezultate din interven\u0163iile studen\u0163ilor \u00een cadrul Cercului de literatur\u0103, cultur\u0103 \u015fi civiliza\u0163ie francez\u0103 \u015fi al Cercului de lingvistic\u0103 francez\u0103 teoretic\u0103 \u015fi aplicat\u0103, ce apar\u0163in Universit\u0103\u0163ii din Bucure\u015fti. DEPARTAMENTUL DE LIMBA \u015eI LITERATURA FRANCEZ\u0102, FACULTATEA DE LIMBI \u015eI LITERATURI STR\u0102INE, UNIVERSITATEA DIN BUCURE\u015eTI<\/p>\n","protected":false},"featured_media":18172,"comment_status":"open","ping_status":"closed","template":"","meta":[],"product_brand":[],"product_cat":[3944,1464,977,1469,1893],"product_tag":[2002,2004,2519,2520],"class_list":{"0":"post-18171","1":"product","2":"type-product","3":"status-publish","4":"has-post-thumbnail","6":"product_cat-revista-cercurilor-studentesti-limba-si-literatura-franceza","7":"product_cat-filologie","8":"product_cat-limba-franceza","9":"product_cat-periodice","10":"product_cat-reviste-academice","11":"product_tag-limba-si-literatura-franceza","12":"product_tag-medievistica","13":"product_tag-studii-medievale","14":"product_tag-voltaire","16":"first","17":"outofstock","18":"shipping-taxable","19":"purchasable","20":"product-type-simple"},"_links":{"self":[{"href":"https:\/\/editura-unibuc.ro\/en\/wp-json\/wp\/v2\/product\/18171","targetHints":{"allow":["GET"]}}],"collection":[{"href":"https:\/\/editura-unibuc.ro\/en\/wp-json\/wp\/v2\/product"}],"about":[{"href":"https:\/\/editura-unibuc.ro\/en\/wp-json\/wp\/v2\/types\/product"}],"replies":[{"embeddable":true,"href":"https:\/\/editura-unibuc.ro\/en\/wp-json\/wp\/v2\/comments?post=18171"}],"wp:featuredmedia":[{"embeddable":true,"href":"https:\/\/editura-unibuc.ro\/en\/wp-json\/wp\/v2\/media\/18172"}],"wp:attachment":[{"href":"https:\/\/editura-unibuc.ro\/en\/wp-json\/wp\/v2\/media?parent=18171"}],"wp:term":[{"taxonomy":"product_brand","embeddable":true,"href":"https:\/\/editura-unibuc.ro\/en\/wp-json\/wp\/v2\/product_brand?post=18171"},{"taxonomy":"product_cat","embeddable":true,"href":"https:\/\/editura-unibuc.ro\/en\/wp-json\/wp\/v2\/product_cat?post=18171"},{"taxonomy":"product_tag","embeddable":true,"href":"https:\/\/editura-unibuc.ro\/en\/wp-json\/wp\/v2\/product_tag?post=18171"}],"curies":[{"name":"wp","href":"https:\/\/api.w.org\/{rel}","templated":true}]}}