{"id":1819,"date":"2012-09-10T12:15:43","date_gmt":"2012-09-10T09:15:43","guid":{"rendered":"https:\/\/editura-unibuc.ro\/?p=1819"},"modified":"2025-08-07T12:20:23","modified_gmt":"2025-08-07T09:20:23","slug":"tabloul-din-cuvinte-studii-de-literatura-comparata","status":"publish","type":"product","link":"https:\/\/editura-unibuc.ro\/en\/tabloul-din-cuvinte-studii-de-literatura-comparata\/","title":{"rendered":"THE WORDS TABLEAU &#8211; COMPARATIVE LITERATURE STUDIES"},"content":{"rendered":"<p>\u00cenc\u0103 din Introducere, autoarea precizeaz\u0103 c\u0103 \u201enu \u00eentreprinde o cercetare istoric\u0103\u201d, dar c\u0103 \u00eencepe fiecare capitol prin aminti textele care au marcat istoria toposului ekphrastic. \u201eVoi c\u0103uta s\u0103 explorez aceast\u0103 motiva\u021bie at\u00e2t de important\u0103 pentru introducerea unei descrieri de art\u0103 \u00eentr-un text de fic\u021biune: fascina\u021bia pentru prestigiul ei \u0219i dorin\u021ba scriitorului de a pune textul sub egida imaginii\u201d, \u00ee\u0219i motiveaz\u0103 autoarea investiga\u021bia analitic\u0103, tip\u0103rit\u0103 de Editura Universit\u0103\u021bii din Bucure\u0219ti.<\/p>\n","protected":false},"excerpt":{"rendered":"<p>\u00cenc\u0103 din Introducere, autoarea precizeaz\u0103 c\u0103 \u201enu \u00eentreprinde o cercetare istoric\u0103\u201d, dar c\u0103 \u00eencepe fiecare capitol prin aminti textele care au marcat istoria toposului ekphrastic. \u201eVoi c\u0103uta s\u0103 explorez aceast\u0103 motiva\u021bie at\u00e2t de important\u0103 pentru introducerea unei descrieri de art\u0103 \u00eentr-un text de fic\u021biune: fascina\u021bia pentru prestigiul ei \u0219i dorin\u021ba scriitorului de a pune textul [&hellip;]<\/p>\n","protected":false},"featured_media":11026,"comment_status":"open","ping_status":"closed","template":"","meta":[],"product_brand":[],"product_cat":[1464,979],"product_tag":[1044,925],"class_list":{"0":"post-1819","1":"product","2":"type-product","3":"status-publish","4":"has-post-thumbnail","6":"product_cat-filologie","7":"product_cat-limba-romana","8":"product_tag-filologie","9":"product_tag-romana","11":"first","12":"instock","13":"shipping-taxable","14":"purchasable","15":"product-type-simple"},"_links":{"self":[{"href":"https:\/\/editura-unibuc.ro\/en\/wp-json\/wp\/v2\/product\/1819","targetHints":{"allow":["GET"]}}],"collection":[{"href":"https:\/\/editura-unibuc.ro\/en\/wp-json\/wp\/v2\/product"}],"about":[{"href":"https:\/\/editura-unibuc.ro\/en\/wp-json\/wp\/v2\/types\/product"}],"replies":[{"embeddable":true,"href":"https:\/\/editura-unibuc.ro\/en\/wp-json\/wp\/v2\/comments?post=1819"}],"wp:featuredmedia":[{"embeddable":true,"href":"https:\/\/editura-unibuc.ro\/en\/wp-json\/wp\/v2\/media\/11026"}],"wp:attachment":[{"href":"https:\/\/editura-unibuc.ro\/en\/wp-json\/wp\/v2\/media?parent=1819"}],"wp:term":[{"taxonomy":"product_brand","embeddable":true,"href":"https:\/\/editura-unibuc.ro\/en\/wp-json\/wp\/v2\/product_brand?post=1819"},{"taxonomy":"product_cat","embeddable":true,"href":"https:\/\/editura-unibuc.ro\/en\/wp-json\/wp\/v2\/product_cat?post=1819"},{"taxonomy":"product_tag","embeddable":true,"href":"https:\/\/editura-unibuc.ro\/en\/wp-json\/wp\/v2\/product_tag?post=1819"}],"curies":[{"name":"wp","href":"https:\/\/api.w.org\/{rel}","templated":true}]}}