{"id":1833,"date":"2012-09-10T14:22:48","date_gmt":"2012-09-10T11:22:48","guid":{"rendered":"https:\/\/editura-unibuc.ro\/?p=1833"},"modified":"2015-03-12T21:53:37","modified_gmt":"2015-03-12T19:53:37","slug":"conditia-feminina-la-roma-in-secolul-i-a-chr","status":"publish","type":"product","link":"https:\/\/editura-unibuc.ro\/en\/conditia-feminina-la-roma-in-secolul-i-a-chr\/","title":{"rendered":"WOMEN&#8217;S CONDITION IN ROME IN 1ST CENTURY B.C."},"content":{"rendered":"<p>Prezenta lucrare \u00ee\u0219i propune o abordare socio-juridic\u0103 a problematicii feminine, din perspectiva spa\u021biului public \u0219i a celui privat \u00een Roma postgracchic\u0103. \u201eAlegerea temei a fost motivat\u0103, \u00eentr-o oarecare m\u0103sur\u0103, de lipsa unor studii de acest gen \u00een spa\u021biul cultural c\u0103ruia \u00eei apar\u021binem, dar \u0219i de faptul c\u0103 majoritatea istoricilor preocupa\u021bi de problematica feminin\u0103, \u00eencep\u00e2nd cu deceniul al \u0219aptelea al secolului al XX-lea, \u0219i-au \u00eendreptat aten\u021bia asupra perioadei imperiale, op\u021biune fundamentat\u0103 \u00een bun\u0103 m\u0103sur\u0103 prin caracterul surselor disponibile pentru acest subiect\u201d, consemneaz\u0103 autorul \u00een Introducere.<\/p>\n","protected":false},"excerpt":{"rendered":"<p>Prezenta lucrare \u00ee\u0219i propune o abordare socio-juridic\u0103 a problematicii feminine, din perspectiva spa\u021biului public \u0219i a celui privat \u00een Roma postgracchic\u0103. \u201eAlegerea temei a fost motivat\u0103, \u00eentr-o oarecare m\u0103sur\u0103, de lipsa unor studii de acest gen \u00een spa\u021biul cultural c\u0103ruia \u00eei apar\u021binem, dar \u0219i de faptul c\u0103 majoritatea istoricilor preocupa\u021bi de problematica feminin\u0103, \u00eencep\u00e2nd cu [&hellip;]<\/p>\n","protected":false},"featured_media":11018,"comment_status":"open","ping_status":"closed","template":"","meta":[],"product_brand":[],"product_cat":[991,995],"product_tag":[881,1375],"class_list":{"0":"post-1833","1":"product","2":"type-product","3":"status-publish","4":"has-post-thumbnail","6":"product_cat-stiinte-sociale","7":"product_cat-istorie-stiinte-politice","8":"product_tag-istorie","9":"product_tag-roma","11":"first","12":"instock","13":"shipping-taxable","14":"purchasable","15":"product-type-simple"},"_links":{"self":[{"href":"https:\/\/editura-unibuc.ro\/en\/wp-json\/wp\/v2\/product\/1833","targetHints":{"allow":["GET"]}}],"collection":[{"href":"https:\/\/editura-unibuc.ro\/en\/wp-json\/wp\/v2\/product"}],"about":[{"href":"https:\/\/editura-unibuc.ro\/en\/wp-json\/wp\/v2\/types\/product"}],"replies":[{"embeddable":true,"href":"https:\/\/editura-unibuc.ro\/en\/wp-json\/wp\/v2\/comments?post=1833"}],"wp:featuredmedia":[{"embeddable":true,"href":"https:\/\/editura-unibuc.ro\/en\/wp-json\/wp\/v2\/media\/11018"}],"wp:attachment":[{"href":"https:\/\/editura-unibuc.ro\/en\/wp-json\/wp\/v2\/media?parent=1833"}],"wp:term":[{"taxonomy":"product_brand","embeddable":true,"href":"https:\/\/editura-unibuc.ro\/en\/wp-json\/wp\/v2\/product_brand?post=1833"},{"taxonomy":"product_cat","embeddable":true,"href":"https:\/\/editura-unibuc.ro\/en\/wp-json\/wp\/v2\/product_cat?post=1833"},{"taxonomy":"product_tag","embeddable":true,"href":"https:\/\/editura-unibuc.ro\/en\/wp-json\/wp\/v2\/product_tag?post=1833"}],"curies":[{"name":"wp","href":"https:\/\/api.w.org\/{rel}","templated":true}]}}