{"id":18341,"date":"2017-03-28T11:15:37","date_gmt":"2017-03-28T08:15:37","guid":{"rendered":"https:\/\/editura-unibuc.ro\/?post_type=product&#038;p=18341"},"modified":"2017-10-13T10:21:29","modified_gmt":"2017-10-13T07:21:29","slug":"hristos-biserica-societate-ed-a-ii-a","status":"publish","type":"product","link":"https:\/\/editura-unibuc.ro\/en\/hristos-biserica-societate-ed-a-ii-a\/","title":{"rendered":"HRISTOS, BISERIC\u0102, SOCIETATE, Ed. a II-a"},"content":{"rendered":"<p>\u201cCre\u0219tinismul are orizont social, fiindc\u0103 m\u00e2ntuirea credinciosului se realizeaz\u0103 \u00een func\u021bie de semenii no\u0219tri care alc\u0103tuiesc societatea. Dar, cu toate acestea, \u00een lecuirea re\u021belelor sociale \u0219i economice, M\u00e2ntuitorul pleac\u0103 de la cele interioare spre cele exterioare, de la persoan\u0103 c\u0103tre societate. Aceasta, pentru c\u0103 relele sociale \u00ee\u0219i au izvorul \u00een inima omului \u0219i de acolo devin exterioare \u0219i se manifest\u0103 pe plan social. Acolo se pl\u0103m\u0103desc g\u00e2ndurile rele, acolo se \u00eenfirip\u0103 g\u00e2ndurile de dominare \u0219i suprimare a vie\u021bii semenului, acolo apar g\u00e2ndurile de jaf, de exploatare sau de m\u0103rturie mincinoas\u0103; acolo \u00ee\u0219i fac apari\u021bia g\u00e2ndurile de calomnie care alimenteaz\u0103 at\u00e2tea adversit\u0103\u021bi. \u201d.<\/p>\n<p style=\"text-align: right;\">Preot prof. Dr. DUMITRU POPESCU<\/p>\n","protected":false},"excerpt":{"rendered":"<p>\u201cCre\u0219tinismul are orizont social, fiindc\u0103 m\u00e2ntuirea credinciosului se realizeaz\u0103 \u00een func\u021bie de semenii no\u0219tri care alc\u0103tuiesc societatea. Dar, cu toate acestea, \u00een lecuirea re\u021belelor sociale \u0219i economice, M\u00e2ntuitorul pleac\u0103 de la cele interioare spre cele exterioare, de la persoan\u0103 c\u0103tre societate. Aceasta, pentru c\u0103 relele sociale \u00ee\u0219i au izvorul \u00een inima omului \u0219i de acolo [&hellip;]<\/p>\n","protected":false},"featured_media":18342,"comment_status":"open","ping_status":"closed","template":"","meta":[],"product_brand":[],"product_cat":[991,999],"product_tag":[1408,1023,2272,1121,1355],"class_list":{"0":"post-18341","1":"product","2":"type-product","3":"status-publish","4":"has-post-thumbnail","6":"product_cat-stiinte-sociale","7":"product_cat-teologie","8":"product_tag-biserica","9":"product_tag-crestinism","10":"product_tag-ortodoxie","11":"product_tag-societate","12":"product_tag-teologie-ortodoxa","14":"first","15":"outofstock","16":"shipping-taxable","17":"purchasable","18":"product-type-simple"},"_links":{"self":[{"href":"https:\/\/editura-unibuc.ro\/en\/wp-json\/wp\/v2\/product\/18341","targetHints":{"allow":["GET"]}}],"collection":[{"href":"https:\/\/editura-unibuc.ro\/en\/wp-json\/wp\/v2\/product"}],"about":[{"href":"https:\/\/editura-unibuc.ro\/en\/wp-json\/wp\/v2\/types\/product"}],"replies":[{"embeddable":true,"href":"https:\/\/editura-unibuc.ro\/en\/wp-json\/wp\/v2\/comments?post=18341"}],"wp:featuredmedia":[{"embeddable":true,"href":"https:\/\/editura-unibuc.ro\/en\/wp-json\/wp\/v2\/media\/18342"}],"wp:attachment":[{"href":"https:\/\/editura-unibuc.ro\/en\/wp-json\/wp\/v2\/media?parent=18341"}],"wp:term":[{"taxonomy":"product_brand","embeddable":true,"href":"https:\/\/editura-unibuc.ro\/en\/wp-json\/wp\/v2\/product_brand?post=18341"},{"taxonomy":"product_cat","embeddable":true,"href":"https:\/\/editura-unibuc.ro\/en\/wp-json\/wp\/v2\/product_cat?post=18341"},{"taxonomy":"product_tag","embeddable":true,"href":"https:\/\/editura-unibuc.ro\/en\/wp-json\/wp\/v2\/product_tag?post=18341"}],"curies":[{"name":"wp","href":"https:\/\/api.w.org\/{rel}","templated":true}]}}