{"id":18343,"date":"2017-03-28T11:19:47","date_gmt":"2017-03-28T08:19:47","guid":{"rendered":"https:\/\/editura-unibuc.ro\/?post_type=product&#038;p=18343"},"modified":"2025-08-08T13:11:58","modified_gmt":"2025-08-08T10:11:58","slug":"semper-eadem","status":"publish","type":"product","link":"https:\/\/editura-unibuc.ro\/en\/semper-eadem\/","title":{"rendered":"SEMPER EADEM"},"content":{"rendered":"<p>\u201cDumneavoastr\u0103 sunte\u0163i un personaj fictiv, ap\u0103rut \u00een <em>Semper eadem<\/em> \u2013 \u015fi pentru necesit\u0103\u0163ile acestui volum. Nu sunt \u00een m\u0103sur\u0103 s\u0103 v\u0103 spun dac\u0103 ve\u0163i mai avea un rol de aici \u00eencolo, dup\u0103 ce voi termina manuscrisul.\u201d&#8230;<\/p>\n","protected":false},"excerpt":{"rendered":"<p>\u201cDumneavoastr\u0103 sunte\u0163i un personaj fictiv, ap\u0103rut \u00een Semper eadem \u2013 \u015fi pentru necesit\u0103\u0163ile acestui volum. Nu sunt \u00een m\u0103sur\u0103 s\u0103 v\u0103 spun dac\u0103 ve\u0163i mai avea un rol de aici \u00eencolo, dup\u0103 ce voi termina manuscrisul.\u201d&#8230;<\/p>\n","protected":false},"featured_media":18344,"comment_status":"open","ping_status":"closed","template":"","meta":[],"product_brand":[],"product_cat":[991,994],"product_tag":[1372,921,2526],"class_list":{"0":"post-18343","1":"product","2":"type-product","3":"status-publish","4":"has-post-thumbnail","6":"product_cat-stiinte-sociale","7":"product_cat-filosofie","8":"product_tag-eseu","9":"product_tag-filosofie","10":"product_tag-sebastian-grama","12":"first","13":"outofstock","14":"shipping-taxable","15":"purchasable","16":"product-type-simple"},"_links":{"self":[{"href":"https:\/\/editura-unibuc.ro\/en\/wp-json\/wp\/v2\/product\/18343","targetHints":{"allow":["GET"]}}],"collection":[{"href":"https:\/\/editura-unibuc.ro\/en\/wp-json\/wp\/v2\/product"}],"about":[{"href":"https:\/\/editura-unibuc.ro\/en\/wp-json\/wp\/v2\/types\/product"}],"replies":[{"embeddable":true,"href":"https:\/\/editura-unibuc.ro\/en\/wp-json\/wp\/v2\/comments?post=18343"}],"wp:featuredmedia":[{"embeddable":true,"href":"https:\/\/editura-unibuc.ro\/en\/wp-json\/wp\/v2\/media\/18344"}],"wp:attachment":[{"href":"https:\/\/editura-unibuc.ro\/en\/wp-json\/wp\/v2\/media?parent=18343"}],"wp:term":[{"taxonomy":"product_brand","embeddable":true,"href":"https:\/\/editura-unibuc.ro\/en\/wp-json\/wp\/v2\/product_brand?post=18343"},{"taxonomy":"product_cat","embeddable":true,"href":"https:\/\/editura-unibuc.ro\/en\/wp-json\/wp\/v2\/product_cat?post=18343"},{"taxonomy":"product_tag","embeddable":true,"href":"https:\/\/editura-unibuc.ro\/en\/wp-json\/wp\/v2\/product_tag?post=18343"}],"curies":[{"name":"wp","href":"https:\/\/api.w.org\/{rel}","templated":true}]}}