{"id":18345,"date":"2017-03-28T11:22:48","date_gmt":"2017-03-28T08:22:48","guid":{"rendered":"https:\/\/editura-unibuc.ro\/?post_type=product&#038;p=18345"},"modified":"2017-09-28T11:50:56","modified_gmt":"2017-09-28T08:50:56","slug":"destept-si-prost-in-limba-latina-studiu-privind-vocabularul-insusirilor-intelectuale","status":"publish","type":"product","link":"https:\/\/editura-unibuc.ro\/en\/destept-si-prost-in-limba-latina-studiu-privind-vocabularul-insusirilor-intelectuale\/","title":{"rendered":"DE\u015eTEPT \u015eI PROST \u00ceN LIMBA LATIN\u0102: STUDIU PRIVIND VOCABULARUL \u00ceNSU\u015eIRILOR INTELECTUALE"},"content":{"rendered":"<p>\u201e\u00cen abordarea lexicului latin al \u00eensu\u015firilor intelectuale, am \u00eencercat s\u0103 ne eliber\u0103m de tenta\u0163ia de a impune viziunea omului modern asupra atributelor intelectului uman \u015fi s\u0103 analiz\u0103m coresponden\u0163ele dintre limb\u0103 \u015fi tr\u0103s\u0103turile spirituale ale romanilor, \u0163in\u00e2nd seama de leg\u0103tura dintre domeniile de activitate care au fost dominante \u00een via\u0163a acestora \u015fi semnifica\u0163iile primare ale cuvintelor. [\u2026] \u00cen majoritatea cazurilor, exist\u0103 constant o coresponden\u0163\u0103 \u00eentre varietatea experien\u0163ei unui popor \u015fi varietatea decupajului lexical al realit\u0103\u0163ii, practicat de acesta.\u201d<\/p>\n<p style=\"text-align: right;\">Ana-Cristina Halichias<\/p>\n","protected":false},"excerpt":{"rendered":"<p>\u201e\u00cen abordarea lexicului latin al \u00eensu\u015firilor intelectuale, am \u00eencercat s\u0103 ne eliber\u0103m de tenta\u0163ia de a impune viziunea omului modern asupra atributelor intelectului uman \u015fi s\u0103 analiz\u0103m coresponden\u0163ele dintre limb\u0103 \u015fi tr\u0103s\u0103turile spirituale ale romanilor, \u0163in\u00e2nd seama de leg\u0103tura dintre domeniile de activitate care au fost dominante \u00een via\u0163a acestora \u015fi semnifica\u0163iile primare ale cuvintelor. [&hellip;]<\/p>\n","protected":false},"featured_media":18346,"comment_status":"open","ping_status":"closed","template":"","meta":[],"product_brand":[],"product_cat":[1464,980],"product_tag":[2527,1791,2528,2091],"class_list":{"0":"post-18345","1":"product","2":"type-product","3":"status-publish","4":"has-post-thumbnail","6":"product_cat-filologie","7":"product_cat-limbi-romanice-clasice-si-orientale","8":"product_tag-filozofie-latina","9":"product_tag-limba-latina","10":"product_tag-literatura-crestina","11":"product_tag-retorica","13":"first","14":"instock","15":"shipping-taxable","16":"purchasable","17":"product-type-simple"},"_links":{"self":[{"href":"https:\/\/editura-unibuc.ro\/en\/wp-json\/wp\/v2\/product\/18345","targetHints":{"allow":["GET"]}}],"collection":[{"href":"https:\/\/editura-unibuc.ro\/en\/wp-json\/wp\/v2\/product"}],"about":[{"href":"https:\/\/editura-unibuc.ro\/en\/wp-json\/wp\/v2\/types\/product"}],"replies":[{"embeddable":true,"href":"https:\/\/editura-unibuc.ro\/en\/wp-json\/wp\/v2\/comments?post=18345"}],"wp:featuredmedia":[{"embeddable":true,"href":"https:\/\/editura-unibuc.ro\/en\/wp-json\/wp\/v2\/media\/18346"}],"wp:attachment":[{"href":"https:\/\/editura-unibuc.ro\/en\/wp-json\/wp\/v2\/media?parent=18345"}],"wp:term":[{"taxonomy":"product_brand","embeddable":true,"href":"https:\/\/editura-unibuc.ro\/en\/wp-json\/wp\/v2\/product_brand?post=18345"},{"taxonomy":"product_cat","embeddable":true,"href":"https:\/\/editura-unibuc.ro\/en\/wp-json\/wp\/v2\/product_cat?post=18345"},{"taxonomy":"product_tag","embeddable":true,"href":"https:\/\/editura-unibuc.ro\/en\/wp-json\/wp\/v2\/product_tag?post=18345"}],"curies":[{"name":"wp","href":"https:\/\/api.w.org\/{rel}","templated":true}]}}