{"id":1837,"date":"2012-09-10T14:34:44","date_gmt":"2012-09-10T11:34:44","guid":{"rendered":"https:\/\/editura-unibuc.ro\/?p=1837"},"modified":"2022-10-19T13:23:43","modified_gmt":"2022-10-19T10:23:43","slug":"lupta-pentru-putere-instaurarea-regimului-comunist-in-romania-1944-1947","status":"publish","type":"product","link":"https:\/\/editura-unibuc.ro\/en\/lupta-pentru-putere-instaurarea-regimului-comunist-in-romania-1944-1947\/","title":{"rendered":"THE FIGHT FOR POWER. INSTAURATION OF COMMUNIST REGIME IN ROMANIA 1944-1947"},"content":{"rendered":"<p>\u201eLupta pentru putere\u201d este o lucrare ce \u00ee\u0219i propune s\u0103 eviden\u021bieze situa\u021bia Rom\u00e2niei \u00een compara\u021bie cu celelalte \u021b\u0103ri din centrul \u0219i sud-estul Europei care au intrat \u00een sfera de influen\u021b\u0103 a URSS. Autorul face o analiz\u0103 comparat\u0103, urm\u0103rind eviden\u021bierea p\u00e2rghiilor concrete prin care s-a realizat interven\u021bia politic\u0103 a Uniunii Sovietice \u00een statele din zona de ocupa\u021bie, cu accent pe situa\u021bia Rom\u00e2niei. Totodat\u0103, lucrarea analizeaz\u0103 rolul pe care URSS l-a avut \u00een impunerea regimului sovietic \u00een Rom\u00e2nia. Principalele surse ale cercet\u0103rii le-au constituit fondurile arhivistice din Arhivele Na\u021bionale, Arhiva CC al PCR, din arhivele ministerelor de Interne \u0219i de Externe, arhiva Casei Regale.<\/p>\n","protected":false},"excerpt":{"rendered":"<p>\u201eLupta pentru putere\u201d este o lucrare ce \u00ee\u0219i propune s\u0103 eviden\u021bieze situa\u021bia Rom\u00e2niei \u00een compara\u021bie cu celelalte \u021b\u0103ri din centrul \u0219i sud-estul Europei care au intrat \u00een sfera de influen\u021b\u0103 a URSS. Autorul face o analiz\u0103 comparat\u0103, urm\u0103rind eviden\u021bierea p\u00e2rghiilor concrete prin care s-a realizat interven\u021bia politic\u0103 a Uniunii Sovietice \u00een statele din zona de [&hellip;]<\/p>\n","protected":false},"featured_media":11015,"comment_status":"open","ping_status":"closed","template":"","meta":[],"product_brand":[],"product_cat":[991,995],"product_tag":[1207,881],"class_list":{"0":"post-1837","1":"product","2":"type-product","3":"status-publish","4":"has-post-thumbnail","6":"product_cat-stiinte-sociale","7":"product_cat-istorie-stiinte-politice","8":"product_tag-comunism","9":"product_tag-istorie","11":"first","12":"outofstock","13":"shipping-taxable","14":"purchasable","15":"product-type-simple"},"_links":{"self":[{"href":"https:\/\/editura-unibuc.ro\/en\/wp-json\/wp\/v2\/product\/1837","targetHints":{"allow":["GET"]}}],"collection":[{"href":"https:\/\/editura-unibuc.ro\/en\/wp-json\/wp\/v2\/product"}],"about":[{"href":"https:\/\/editura-unibuc.ro\/en\/wp-json\/wp\/v2\/types\/product"}],"replies":[{"embeddable":true,"href":"https:\/\/editura-unibuc.ro\/en\/wp-json\/wp\/v2\/comments?post=1837"}],"wp:featuredmedia":[{"embeddable":true,"href":"https:\/\/editura-unibuc.ro\/en\/wp-json\/wp\/v2\/media\/11015"}],"wp:attachment":[{"href":"https:\/\/editura-unibuc.ro\/en\/wp-json\/wp\/v2\/media?parent=1837"}],"wp:term":[{"taxonomy":"product_brand","embeddable":true,"href":"https:\/\/editura-unibuc.ro\/en\/wp-json\/wp\/v2\/product_brand?post=1837"},{"taxonomy":"product_cat","embeddable":true,"href":"https:\/\/editura-unibuc.ro\/en\/wp-json\/wp\/v2\/product_cat?post=1837"},{"taxonomy":"product_tag","embeddable":true,"href":"https:\/\/editura-unibuc.ro\/en\/wp-json\/wp\/v2\/product_tag?post=1837"}],"curies":[{"name":"wp","href":"https:\/\/api.w.org\/{rel}","templated":true}]}}