{"id":18429,"date":"2017-04-13T10:40:45","date_gmt":"2017-04-13T07:40:45","guid":{"rendered":"https:\/\/editura-unibuc.ro\/?post_type=product&#038;p=18429"},"modified":"2017-04-13T10:40:45","modified_gmt":"2017-04-13T07:40:45","slug":"critica-marginalitate-cinism","status":"publish","type":"product","link":"https:\/\/editura-unibuc.ro\/en\/critica-marginalitate-cinism\/","title":{"rendered":"CRITIC\u0102, MARGINALITATE, CINISM"},"content":{"rendered":"<p>\u201cSloterdijk remarca undeva: \u201ePoate c\u0103 niciodat\u0103 maturitatea nu a fost altceva dec\u00e2t un cuv\u00e2nt codat pentru ceea ce urmeaz\u0103 dup\u0103 disperare\u201d. Studiile de fa\u0163\u0103 sunt menite s\u0103 atrag\u0103 aten\u0163ia asupra diverselor pericole \u015fi riscuri conturate \u00een modernitatea noastr\u0103 t\u00e2rzie, parc\u0103 \u201edezvr\u0103jit\u0103\u201d \u015fi \u201erevr\u0103jit\u0103\u201d \u00een valuri, sco\u0163\u00e2nd \u00een eviden\u0163\u0103 o sumedenie de aspecte ale realit\u0103\u0163ii contemporane ce nu s-ar cuveni tolerate. Totodat\u0103, speran\u0163a noastr\u0103, alc\u0103tuind acest volum, a fost c\u0103 aceste contribu\u0163ii s-ar putea organiza \u00eentr-un dispozitiv de rezisten\u0163\u0103, un breviar al (supra)vie\u0163uirii \u00een vremuri \u201eie\u015fite din \u0163\u00e2\u0163\u00e2ni\u201d. C\u00e2t de mult s-a realizat aceast\u0103 speran\u0163\u0103, r\u0103m\u00e2ne s\u0103 hot\u0103r\u00e2\u0163i dumneavoastr\u0103.\u201d<\/p>\n","protected":false},"excerpt":{"rendered":"<p>\u201cSloterdijk remarca undeva: \u201ePoate c\u0103 niciodat\u0103 maturitatea nu a fost altceva dec\u00e2t un cuv\u00e2nt codat pentru ceea ce urmeaz\u0103 dup\u0103 disperare\u201d. Studiile de fa\u0163\u0103 sunt menite s\u0103 atrag\u0103 aten\u0163ia asupra diverselor pericole \u015fi riscuri conturate \u00een modernitatea noastr\u0103 t\u00e2rzie, parc\u0103 \u201edezvr\u0103jit\u0103\u201d \u015fi \u201erevr\u0103jit\u0103\u201d \u00een valuri, sco\u0163\u00e2nd \u00een eviden\u0163\u0103 o sumedenie de aspecte ale realit\u0103\u0163ii contemporane [&hellip;]<\/p>\n","protected":false},"featured_media":18430,"comment_status":"open","ping_status":"closed","template":"","meta":[],"product_brand":[],"product_cat":[1531,2530,991,994],"product_tag":[2531,1874,921],"class_list":{"0":"post-18429","1":"product","2":"type-product","3":"status-publish","4":"has-post-thumbnail","6":"product_cat-colectii","7":"product_cat-filosofie-practica","8":"product_cat-stiinte-sociale","9":"product_cat-filosofie","10":"product_tag-cinism","11":"product_tag-cristian-iftode","12":"product_tag-filosofie","14":"first","15":"instock","16":"shipping-taxable","17":"purchasable","18":"product-type-simple"},"_links":{"self":[{"href":"https:\/\/editura-unibuc.ro\/en\/wp-json\/wp\/v2\/product\/18429","targetHints":{"allow":["GET"]}}],"collection":[{"href":"https:\/\/editura-unibuc.ro\/en\/wp-json\/wp\/v2\/product"}],"about":[{"href":"https:\/\/editura-unibuc.ro\/en\/wp-json\/wp\/v2\/types\/product"}],"replies":[{"embeddable":true,"href":"https:\/\/editura-unibuc.ro\/en\/wp-json\/wp\/v2\/comments?post=18429"}],"wp:featuredmedia":[{"embeddable":true,"href":"https:\/\/editura-unibuc.ro\/en\/wp-json\/wp\/v2\/media\/18430"}],"wp:attachment":[{"href":"https:\/\/editura-unibuc.ro\/en\/wp-json\/wp\/v2\/media?parent=18429"}],"wp:term":[{"taxonomy":"product_brand","embeddable":true,"href":"https:\/\/editura-unibuc.ro\/en\/wp-json\/wp\/v2\/product_brand?post=18429"},{"taxonomy":"product_cat","embeddable":true,"href":"https:\/\/editura-unibuc.ro\/en\/wp-json\/wp\/v2\/product_cat?post=18429"},{"taxonomy":"product_tag","embeddable":true,"href":"https:\/\/editura-unibuc.ro\/en\/wp-json\/wp\/v2\/product_tag?post=18429"}],"curies":[{"name":"wp","href":"https:\/\/api.w.org\/{rel}","templated":true}]}}