{"id":18486,"date":"2017-04-20T11:57:11","date_gmt":"2017-04-20T08:57:11","guid":{"rendered":"https:\/\/editura-unibuc.ro\/?post_type=product&#038;p=18486"},"modified":"2017-04-20T11:57:11","modified_gmt":"2017-04-20T08:57:11","slug":"predica-in-biserica-ortodoxa-romana-din-muntenia-in-secolul-al-xx-lea-analiza-si-evaluare","status":"publish","type":"product","link":"https:\/\/editura-unibuc.ro\/en\/predica-in-biserica-ortodoxa-romana-din-muntenia-in-secolul-al-xx-lea-analiza-si-evaluare\/","title":{"rendered":"PREDICA \u00ceN BISERICA ORTODOX\u0102 ROM\u00c2N\u0102 DIN MUNTENIA \u00ceN SECOLUL AL XX-LEA. ANALIZ\u0102 \u015eI EVALUARE"},"content":{"rendered":"<p>&#8220;Acrivia \u0219tiin\u021bific\u0103, dublat\u0103 de o mare dragoste pentru omilia rom\u00e2neasc\u0103, identificabil\u0103 \u00een frisonul textual, deschiderea unor capitole aproape noi \u00een analiza textului omiletic, strategiile aplicate \u00een consemnarea \u0219i redactarea analizelor, a studiilor de caz, at\u00e2t din perspectiva metodelor folosite, c\u00e2t \u0219i prin prisma valen\u021belor stilistice identificate la autorii prezenta\u0163i, propun lucrarea P\u0103rintelui Nicu\u0219or Beldiman \u00eentre tezele care vor marca cercetarea \u00een domeniu. Personal socotesc lucrarea o fericit\u0103 articulare la cea existent\u0103 de ani buni, a vrednicului de pomenire Episcop Grigorie Com\u0219a (Istoria predicei la rom\u00e2ni, Bucure\u0219ti, 1921, 303 p.) precum \u0219i o real\u0103 provocare pentru cercetarea ulterioar\u0103 \u00een domeniul omileticii active.&#8221;<\/p>\n<p style=\"text-align: right;\">(Pr. Conf. Dr. Constantin Necula)<\/p>\n","protected":false},"excerpt":{"rendered":"<p>&#8220;Acrivia \u0219tiin\u021bific\u0103, dublat\u0103 de o mare dragoste pentru omilia rom\u00e2neasc\u0103, identificabil\u0103 \u00een frisonul textual, deschiderea unor capitole aproape noi \u00een analiza textului omiletic, strategiile aplicate \u00een consemnarea \u0219i redactarea analizelor, a studiilor de caz, at\u00e2t din perspectiva metodelor folosite, c\u00e2t \u0219i prin prisma valen\u021belor stilistice identificate la autorii prezenta\u0163i, propun lucrarea P\u0103rintelui Nicu\u0219or Beldiman \u00eentre [&hellip;]<\/p>\n","protected":false},"featured_media":18487,"comment_status":"open","ping_status":"closed","template":"","meta":[],"product_brand":[],"product_cat":[991,999],"product_tag":[2540,2273,2541,2542,2538,2537,2536,2091,2539],"class_list":{"0":"post-18486","1":"product","2":"type-product","3":"status-publish","4":"has-post-thumbnail","6":"product_cat-stiinte-sociale","7":"product_cat-teologie","8":"product_tag-apologetica","9":"product_tag-biserica-ortodoxa-romana","10":"product_tag-muntenia","11":"product_tag-nicusor-beldiman","12":"product_tag-omiletica","13":"product_tag-omilii","14":"product_tag-predici","15":"product_tag-retorica","16":"product_tag-teologia-omiletica","18":"first","19":"outofstock","20":"shipping-taxable","21":"purchasable","22":"product-type-simple"},"_links":{"self":[{"href":"https:\/\/editura-unibuc.ro\/en\/wp-json\/wp\/v2\/product\/18486","targetHints":{"allow":["GET"]}}],"collection":[{"href":"https:\/\/editura-unibuc.ro\/en\/wp-json\/wp\/v2\/product"}],"about":[{"href":"https:\/\/editura-unibuc.ro\/en\/wp-json\/wp\/v2\/types\/product"}],"replies":[{"embeddable":true,"href":"https:\/\/editura-unibuc.ro\/en\/wp-json\/wp\/v2\/comments?post=18486"}],"wp:featuredmedia":[{"embeddable":true,"href":"https:\/\/editura-unibuc.ro\/en\/wp-json\/wp\/v2\/media\/18487"}],"wp:attachment":[{"href":"https:\/\/editura-unibuc.ro\/en\/wp-json\/wp\/v2\/media?parent=18486"}],"wp:term":[{"taxonomy":"product_brand","embeddable":true,"href":"https:\/\/editura-unibuc.ro\/en\/wp-json\/wp\/v2\/product_brand?post=18486"},{"taxonomy":"product_cat","embeddable":true,"href":"https:\/\/editura-unibuc.ro\/en\/wp-json\/wp\/v2\/product_cat?post=18486"},{"taxonomy":"product_tag","embeddable":true,"href":"https:\/\/editura-unibuc.ro\/en\/wp-json\/wp\/v2\/product_tag?post=18486"}],"curies":[{"name":"wp","href":"https:\/\/api.w.org\/{rel}","templated":true}]}}