{"id":18488,"date":"2017-04-20T11:58:49","date_gmt":"2017-04-20T08:58:49","guid":{"rendered":"https:\/\/editura-unibuc.ro\/?post_type=product&#038;p=18488"},"modified":"2025-10-29T08:56:09","modified_gmt":"2025-10-29T06:56:09","slug":"biologia-si-genetica-sturionilor-de-dunare-aplicatii-inacvacultura-si-conservare","status":"publish","type":"product","link":"https:\/\/editura-unibuc.ro\/en\/biologia-si-genetica-sturionilor-de-dunare-aplicatii-inacvacultura-si-conservare\/","title":{"rendered":"BIOLOGIA \u015eI GENETICA STURIONILOR DE DUN\u0102RE \u2013 APLICA\u0162II \u00ceNACVACULTUR\u0102 \u015eI CONSERVARE"},"content":{"rendered":"<p>\u201dPopula\u0163iile de sturioni din Dun\u0103re sunt periclitate sau pe cale de dispari\u0163ie, iar la nivel na\u0163ional \u015fi interna\u0163ional exist\u0103 un interes crescut pentru refacerea acestora. <\/p>\n<p>La ora actual\u0103, \u00een bazinul Dun\u0103rii \u015fi \u00een Marea Neagr\u0103 se \u00eent\u00e2lnesc trei specii anadrome de sturioni &#8211; Huso huso (morunul), Acipenser stellatus (p\u0103struga), Acipenser gueldenstaedtii (nisetrul) &#8211; \u015fi o specie potamodrom\u0103 \u2013 Acipenser ruthenus (cega). <\/p>\n<p>Consider\u0103m c\u0103 informa\u021biile prezentate \u00een prezentul volum vor fi extrem de utile at\u00e2t pentru conservarea popula\u0163iilor s\u0103lbatice de sturioni din Dun\u0103re, c\u00e2t \u015fi pentru eficientizarea sistemelor utilizate \u00een acvacultur\u0103 pentru cre\u0219terea acestor specii extrem de valoroase.\u201d<\/p>\n<p><\/p>","protected":false},"excerpt":{"rendered":"<p>\u201dPopula\u0163iile de sturioni din Dun\u0103re sunt periclitate sau pe cale de dispari\u0163ie, iar la nivel na\u0163ional \u015fi interna\u0163ional exist\u0103 un interes crescut pentru refacerea acestora. La ora actual\u0103, \u00een bazinul Dun\u0103rii \u015fi \u00een Marea Neagr\u0103 se \u00eent\u00e2lnesc trei specii anadrome de sturioni &#8211; Huso huso (morunul), Acipenser stellatus (p\u0103struga), Acipenser gueldenstaedtii (nisetrul) &#8211; \u015fi o [&hellip;]<\/p>\n","protected":false},"featured_media":18489,"comment_status":"open","ping_status":"closed","template":"","meta":[],"product_brand":[],"product_cat":[1466,988],"product_tag":[2545,2544,2543],"class_list":{"0":"post-18488","1":"product","2":"type-product","3":"status-publish","4":"has-post-thumbnail","6":"product_cat-stiinte-ale-naturii","7":"product_cat-biologie","8":"product_tag-acvacultura","9":"product_tag-dunare","10":"product_tag-sturioni","12":"first","13":"outofstock","14":"shipping-taxable","15":"purchasable","16":"product-type-simple"},"_links":{"self":[{"href":"https:\/\/editura-unibuc.ro\/en\/wp-json\/wp\/v2\/product\/18488","targetHints":{"allow":["GET"]}}],"collection":[{"href":"https:\/\/editura-unibuc.ro\/en\/wp-json\/wp\/v2\/product"}],"about":[{"href":"https:\/\/editura-unibuc.ro\/en\/wp-json\/wp\/v2\/types\/product"}],"replies":[{"embeddable":true,"href":"https:\/\/editura-unibuc.ro\/en\/wp-json\/wp\/v2\/comments?post=18488"}],"wp:featuredmedia":[{"embeddable":true,"href":"https:\/\/editura-unibuc.ro\/en\/wp-json\/wp\/v2\/media\/18489"}],"wp:attachment":[{"href":"https:\/\/editura-unibuc.ro\/en\/wp-json\/wp\/v2\/media?parent=18488"}],"wp:term":[{"taxonomy":"product_brand","embeddable":true,"href":"https:\/\/editura-unibuc.ro\/en\/wp-json\/wp\/v2\/product_brand?post=18488"},{"taxonomy":"product_cat","embeddable":true,"href":"https:\/\/editura-unibuc.ro\/en\/wp-json\/wp\/v2\/product_cat?post=18488"},{"taxonomy":"product_tag","embeddable":true,"href":"https:\/\/editura-unibuc.ro\/en\/wp-json\/wp\/v2\/product_tag?post=18488"}],"curies":[{"name":"wp","href":"https:\/\/api.w.org\/{rel}","templated":true}]}}