{"id":18492,"date":"2017-04-20T12:01:49","date_gmt":"2017-04-20T09:01:49","guid":{"rendered":"https:\/\/editura-unibuc.ro\/?post_type=product&#038;p=18492"},"modified":"2025-07-18T12:05:14","modified_gmt":"2025-07-18T09:05:14","slug":"patrii-din-cuvinte-o-tropologie-a-discursurilor-identitatii-nationale","status":"publish","type":"product","link":"https:\/\/editura-unibuc.ro\/en\/patrii-din-cuvinte-o-tropologie-a-discursurilor-identitatii-nationale\/","title":{"rendered":"PATRII DIN CUVINTE. O TROPOLOGIE A DISCURSURILOR IDENTIT\u0102\u0162II NA\u0162IONALE"},"content":{"rendered":"<p>\u201eLucrarea este prin unghiul analizei o contribu\u021bie inedit\u0103 \u00een peisajul autohton al studiilor na\u021bionalismului \u0219i ale identit\u0103\u021bilor culturale. Ea invit\u0103 prin abordarea interdisciplinar\u0103 la o nou\u0103 \u0219i fertil\u0103 deschidere a temei c\u0103tre domenii de investiga\u021bie diverse: studii culturale, retorica \u0219i analiza discursului, istorie, \u0219tiin\u021be politice, antropologie cultural\u0103.\u201d<\/p>\n<p style=\"text-align: right\">(Prof. univ. Radu Surdulescu, Universitatea din Bucure\u0219ti)<\/p>\n","protected":false},"excerpt":{"rendered":"<p>\u201eLucrarea este prin unghiul analizei o contribu\u021bie inedit\u0103 \u00een peisajul autohton al studiilor na\u021bionalismului \u0219i ale identit\u0103\u021bilor culturale. Ea invit\u0103 prin abordarea interdisciplinar\u0103 la o nou\u0103 \u0219i fertil\u0103 deschidere a temei c\u0103tre domenii de investiga\u021bie diverse: studii culturale, retorica \u0219i analiza discursului, istorie, \u0219tiin\u021be politice, antropologie cultural\u0103.\u201d (Prof. univ. Radu Surdulescu, Universitatea din Bucure\u0219ti)<\/p>\n","protected":false},"featured_media":18493,"comment_status":"open","ping_status":"closed","template":"","meta":[],"product_brand":[],"product_cat":[1531,856,1464,979,991,995],"product_tag":[2552,952,2553,1935,2091,1934],"class_list":{"0":"post-18492","1":"product","2":"type-product","3":"status-publish","4":"has-post-thumbnail","6":"product_cat-colectii","7":"product_cat-colectia-lci-limbi-culturi-identitati","8":"product_cat-filologie","9":"product_cat-limba-romana","10":"product_cat-stiinte-sociale","11":"product_cat-istorie-stiinte-politice","12":"product_tag-bogdan-stefanescu","13":"product_tag-discurs","14":"product_tag-identitate-culturala-nationala","15":"product_tag-modernism","16":"product_tag-retorica","17":"product_tag-traditionalism","19":"first","20":"instock","21":"shipping-taxable","22":"purchasable","23":"product-type-simple"},"_links":{"self":[{"href":"https:\/\/editura-unibuc.ro\/en\/wp-json\/wp\/v2\/product\/18492","targetHints":{"allow":["GET"]}}],"collection":[{"href":"https:\/\/editura-unibuc.ro\/en\/wp-json\/wp\/v2\/product"}],"about":[{"href":"https:\/\/editura-unibuc.ro\/en\/wp-json\/wp\/v2\/types\/product"}],"replies":[{"embeddable":true,"href":"https:\/\/editura-unibuc.ro\/en\/wp-json\/wp\/v2\/comments?post=18492"}],"wp:featuredmedia":[{"embeddable":true,"href":"https:\/\/editura-unibuc.ro\/en\/wp-json\/wp\/v2\/media\/18493"}],"wp:attachment":[{"href":"https:\/\/editura-unibuc.ro\/en\/wp-json\/wp\/v2\/media?parent=18492"}],"wp:term":[{"taxonomy":"product_brand","embeddable":true,"href":"https:\/\/editura-unibuc.ro\/en\/wp-json\/wp\/v2\/product_brand?post=18492"},{"taxonomy":"product_cat","embeddable":true,"href":"https:\/\/editura-unibuc.ro\/en\/wp-json\/wp\/v2\/product_cat?post=18492"},{"taxonomy":"product_tag","embeddable":true,"href":"https:\/\/editura-unibuc.ro\/en\/wp-json\/wp\/v2\/product_tag?post=18492"}],"curies":[{"name":"wp","href":"https:\/\/api.w.org\/{rel}","templated":true}]}}