{"id":18494,"date":"2017-04-20T12:03:49","date_gmt":"2017-04-20T09:03:49","guid":{"rendered":"https:\/\/editura-unibuc.ro\/?post_type=product&#038;p=18494"},"modified":"2024-04-10T10:06:15","modified_gmt":"2024-04-10T07:06:15","slug":"incercari-de-istoria-filosofiei-romanesti","status":"publish","type":"product","link":"https:\/\/editura-unibuc.ro\/en\/incercari-de-istoria-filosofiei-romanesti\/","title":{"rendered":"\u00ceNCERC\u0102RI DE ISTORIA FILOSOFIEI ROM\u00c2NE\u015eTI"},"content":{"rendered":"<p>Lucrarea de fa\u0163\u0103 con\u0163ine studii de istoria filosofiei rom\u00e2ne\u015fti publicate de c\u0103tre autor \u00een volume sau reviste de specialitate.<\/p>\n","protected":false},"excerpt":{"rendered":"<p>Lucrarea de fa\u0163\u0103 con\u0163ine studii de istoria filosofiei rom\u00e2ne\u015fti publicate de c\u0103tre autor \u00een volume sau reviste de specialitate.<\/p>\n","protected":false},"featured_media":18495,"comment_status":"open","ping_status":"closed","template":"","meta":[],"product_brand":[],"product_cat":[1531,2554,991,994],"product_tag":[2560,2556,2555,2557,2559,2558],"class_list":{"0":"post-18494","1":"product","2":"type-product","3":"status-publish","4":"has-post-thumbnail","6":"product_cat-colectii","7":"product_cat-istoria-filosofiei","8":"product_cat-stiinte-sociale","9":"product_cat-filosofie","10":"product_tag-constantin-noica","11":"product_tag-constantin-stoenescu","12":"product_tag-filosofie-romaneasca","13":"product_tag-istoria-filosofiei","14":"product_tag-mircea-vulcanescu","15":"product_tag-nichifor-crainic","17":"first","18":"instock","19":"shipping-taxable","20":"purchasable","21":"product-type-simple"},"_links":{"self":[{"href":"https:\/\/editura-unibuc.ro\/en\/wp-json\/wp\/v2\/product\/18494","targetHints":{"allow":["GET"]}}],"collection":[{"href":"https:\/\/editura-unibuc.ro\/en\/wp-json\/wp\/v2\/product"}],"about":[{"href":"https:\/\/editura-unibuc.ro\/en\/wp-json\/wp\/v2\/types\/product"}],"replies":[{"embeddable":true,"href":"https:\/\/editura-unibuc.ro\/en\/wp-json\/wp\/v2\/comments?post=18494"}],"wp:featuredmedia":[{"embeddable":true,"href":"https:\/\/editura-unibuc.ro\/en\/wp-json\/wp\/v2\/media\/18495"}],"wp:attachment":[{"href":"https:\/\/editura-unibuc.ro\/en\/wp-json\/wp\/v2\/media?parent=18494"}],"wp:term":[{"taxonomy":"product_brand","embeddable":true,"href":"https:\/\/editura-unibuc.ro\/en\/wp-json\/wp\/v2\/product_brand?post=18494"},{"taxonomy":"product_cat","embeddable":true,"href":"https:\/\/editura-unibuc.ro\/en\/wp-json\/wp\/v2\/product_cat?post=18494"},{"taxonomy":"product_tag","embeddable":true,"href":"https:\/\/editura-unibuc.ro\/en\/wp-json\/wp\/v2\/product_tag?post=18494"}],"curies":[{"name":"wp","href":"https:\/\/api.w.org\/{rel}","templated":true}]}}