{"id":1850,"date":"2012-09-10T15:29:10","date_gmt":"2012-09-10T12:29:10","guid":{"rendered":"https:\/\/editura-unibuc.ro\/?p=1850"},"modified":"2015-03-13T18:56:37","modified_gmt":"2015-03-13T16:56:37","slug":"teleormanul-medieval-cercetari-de-istorie-sociala-toponimie-si-onomastica-sec-xiv-xvii","status":"publish","type":"product","link":"https:\/\/editura-unibuc.ro\/en\/teleormanul-medieval-cercetari-de-istorie-sociala-toponimie-si-onomastica-sec-xiv-xvii\/","title":{"rendered":"MEDIEVAL TELEORMAN. SOCIAL HISTORY, TOPONIMY AND ONOMASTICS RESEARCHES (14TH-17TH CENTURIES)"},"content":{"rendered":"<p>\u00cen cursul Evului Mediu, lumea rural\u0103 formeaz\u0103 societatea profund\u0103 a spa\u021biului rom\u00e2nesc, \u00een vreme ce economia agricol\u0103 domin\u0103, de departe, via\u021ba comunit\u0103\u021bilor umane. T\u00e2rgurile, ap\u0103rute t\u00e2rziu \u0219i cu o func\u021bie \u00een principal comercial\u0103, nu puteau modifica substan\u021bial caracterul vie\u021bii economice rom\u00e2ne\u0219ti. Ancheta ce face obiectul acestei teze de doctorat are un \u021bel bine definit: exist\u0103 la nivelul comunit\u0103\u021bii umane din Teleorman o structur\u0103 de tipul &#8220;\u021b\u0103rilor&#8221; din Transilvania medieval\u0103.<\/p>\n","protected":false},"excerpt":{"rendered":"<p>\u00cen cursul Evului Mediu, lumea rural\u0103 formeaz\u0103 societatea profund\u0103 a spa\u021biului rom\u00e2nesc, \u00een vreme ce economia agricol\u0103 domin\u0103, de departe, via\u021ba comunit\u0103\u021bilor umane. T\u00e2rgurile, ap\u0103rute t\u00e2rziu \u0219i cu o func\u021bie \u00een principal comercial\u0103, nu puteau modifica substan\u021bial caracterul vie\u021bii economice rom\u00e2ne\u0219ti. Ancheta ce face obiectul acestei teze de doctorat are un \u021bel bine definit: exist\u0103 [&hellip;]<\/p>\n","protected":false},"featured_media":11008,"comment_status":"open","ping_status":"closed","template":"","meta":[],"product_brand":[],"product_cat":[991,995],"product_tag":[863,881],"class_list":{"0":"post-1850","1":"product","2":"type-product","3":"status-publish","4":"has-post-thumbnail","6":"product_cat-stiinte-sociale","7":"product_cat-istorie-stiinte-politice","8":"product_tag-evul-mediu","9":"product_tag-istorie","11":"first","12":"outofstock","13":"shipping-taxable","14":"product-type-simple"},"_links":{"self":[{"href":"https:\/\/editura-unibuc.ro\/en\/wp-json\/wp\/v2\/product\/1850","targetHints":{"allow":["GET"]}}],"collection":[{"href":"https:\/\/editura-unibuc.ro\/en\/wp-json\/wp\/v2\/product"}],"about":[{"href":"https:\/\/editura-unibuc.ro\/en\/wp-json\/wp\/v2\/types\/product"}],"replies":[{"embeddable":true,"href":"https:\/\/editura-unibuc.ro\/en\/wp-json\/wp\/v2\/comments?post=1850"}],"wp:featuredmedia":[{"embeddable":true,"href":"https:\/\/editura-unibuc.ro\/en\/wp-json\/wp\/v2\/media\/11008"}],"wp:attachment":[{"href":"https:\/\/editura-unibuc.ro\/en\/wp-json\/wp\/v2\/media?parent=1850"}],"wp:term":[{"taxonomy":"product_brand","embeddable":true,"href":"https:\/\/editura-unibuc.ro\/en\/wp-json\/wp\/v2\/product_brand?post=1850"},{"taxonomy":"product_cat","embeddable":true,"href":"https:\/\/editura-unibuc.ro\/en\/wp-json\/wp\/v2\/product_cat?post=1850"},{"taxonomy":"product_tag","embeddable":true,"href":"https:\/\/editura-unibuc.ro\/en\/wp-json\/wp\/v2\/product_tag?post=1850"}],"curies":[{"name":"wp","href":"https:\/\/api.w.org\/{rel}","templated":true}]}}