{"id":1862,"date":"2012-09-10T16:04:01","date_gmt":"2012-09-10T13:04:01","guid":{"rendered":"https:\/\/editura-unibuc.ro\/?p=1862"},"modified":"2017-11-21T10:06:12","modified_gmt":"2017-11-21T08:06:12","slug":"lexicologie-semantica-latina","status":"publish","type":"product","link":"https:\/\/editura-unibuc.ro\/en\/lexicologie-semantica-latina\/","title":{"rendered":"LATIN SEMANTIC LEXICOLOGY"},"content":{"rendered":"<p>\u201eVolumul pe care conf. dr. Florica Bechet \u00eel propune spre publicare Editurii Universit\u0103\u021bii din Bucure\u0219ti, Lexicologie semantic\u0103 latin\u0103, este rodul unor cercet\u0103ri ample \u0219i inspirate, ordonate \u00een jurul cursului de Lexicologie latin\u0103, pe care l-au apreciat din plin mai multe serii de studen\u021bi ai sec\u021biei de Filologie Clasic\u0103.<\/p>\n<p>Dincolo de calit\u0103\u021bile \u0219tiin\u021bifice incontestabile ale acestei monografii, se las\u0103 perceput\u0103 desf\u0103\u0219urarea vie a temelor precis definite, care par s\u0103 se \u00eembine f\u0103r\u0103 niciun efort, prin exemple care se cheam\u0103 unele pe altele \u0219i care aduc mereu o not\u0103 de prospe\u021bime; cuvintele b\u0103tr\u00e2ne, a c\u0103ror biografie se \u00eentinde pe milenii, \u00ee\u0219i dezv\u0103luie sensuri nea\u0219teptate \u0219i r\u0103suciri surprinz\u0103toare, \u00een fond \u0219i \u00een form\u0103. Lexicologia semantic\u0103 latin\u0103 este o carte sever\u0103 prin documentare \u0219i acribie clasic\u0103, fiind \u00een acela\u0219i timp o carte bun\u0103 de citit.\u201d (Ioana Costa)<\/p>\n","protected":false},"excerpt":{"rendered":"<p>\u201eVolumul pe care conf. dr. Florica Bechet \u00eel propune spre publicare Editurii Universit\u0103\u021bii din Bucure\u0219ti, Lexicologie semantic\u0103 latin\u0103, este rodul unor cercet\u0103ri ample \u0219i inspirate, ordonate \u00een jurul cursului de Lexicologie latin\u0103, pe care l-au apreciat din plin mai multe serii de studen\u021bi ai sec\u021biei de Filologie Clasic\u0103. Dincolo de calit\u0103\u021bile \u0219tiin\u021bifice incontestabile ale acestei [&hellip;]<\/p>\n","protected":false},"featured_media":0,"comment_status":"open","ping_status":"closed","template":"","meta":[],"product_brand":[],"product_cat":[856],"product_tag":[923,941],"class_list":{"0":"post-1862","1":"product","2":"type-product","3":"status-publish","5":"product_cat-colectia-lci-limbi-culturi-identitati","6":"product_tag-clasice","7":"product_tag-latina","9":"first","10":"outofstock","11":"shipping-taxable","12":"purchasable","13":"product-type-simple"},"_links":{"self":[{"href":"https:\/\/editura-unibuc.ro\/en\/wp-json\/wp\/v2\/product\/1862","targetHints":{"allow":["GET"]}}],"collection":[{"href":"https:\/\/editura-unibuc.ro\/en\/wp-json\/wp\/v2\/product"}],"about":[{"href":"https:\/\/editura-unibuc.ro\/en\/wp-json\/wp\/v2\/types\/product"}],"replies":[{"embeddable":true,"href":"https:\/\/editura-unibuc.ro\/en\/wp-json\/wp\/v2\/comments?post=1862"}],"wp:attachment":[{"href":"https:\/\/editura-unibuc.ro\/en\/wp-json\/wp\/v2\/media?parent=1862"}],"wp:term":[{"taxonomy":"product_brand","embeddable":true,"href":"https:\/\/editura-unibuc.ro\/en\/wp-json\/wp\/v2\/product_brand?post=1862"},{"taxonomy":"product_cat","embeddable":true,"href":"https:\/\/editura-unibuc.ro\/en\/wp-json\/wp\/v2\/product_cat?post=1862"},{"taxonomy":"product_tag","embeddable":true,"href":"https:\/\/editura-unibuc.ro\/en\/wp-json\/wp\/v2\/product_tag?post=1862"}],"curies":[{"name":"wp","href":"https:\/\/api.w.org\/{rel}","templated":true}]}}