{"id":1865,"date":"2012-09-10T16:11:48","date_gmt":"2012-09-10T13:11:48","guid":{"rendered":"https:\/\/editura-unibuc.ro\/?p=1865"},"modified":"2024-04-12T10:31:49","modified_gmt":"2024-04-12T07:31:49","slug":"ipostaze-post-moderniste-in-literaturile-sarba-si-croata","status":"publish","type":"product","link":"https:\/\/editura-unibuc.ro\/en\/ipostaze-post-moderniste-in-literaturile-sarba-si-croata\/","title":{"rendered":"(POST)MODERNIST HYPOSTASES IN SERBIAN AND CROATIAN LITERATURE"},"content":{"rendered":"<p>\u201eAcest volum de studii reprezint\u0103 rezultatul unor cercet\u0103ri din spa\u021biul ontologic al (post)modernismului \u00een literaturile s\u00e2rb\u0103 \u0219i croat\u0103 la r\u0103scruce de milenii.<\/p>\n<p>Studiile prezente analizeaz\u0103 cu predilec\u021bie etapa t\u00e2rzie, contemporan\u0103 a postmodernismului \u00een literatura s\u00e2rb\u0103 \u0219i croat\u0103 care respinge excesul de fragmentar \u0219i asumarea ironic\u0103 a unei crize de form\u0103, \u00eencerc\u00e2nd o unificare prin reinterpretarea canoanelor consacrate ale trecutului. Am abordat cu predilec\u021bie autori \u0219i texte cunoscute cititorului rom\u00e2n, gra\u021bie trudei traduc\u0103torilor de numele c\u0103rora se leag\u0103, \u00een ultima vreme, un scriitor, sau chiar o epoc\u0103.<\/p>\n<p>Cele dou\u0103 ipostaze, modernism vs. postmodernism, \u00eengem\u0103nate ca fe\u021bele lui Janus, ne \u00eeng\u0103duie s\u0103 construim astfel, din sec\u021biuni, o imagine global\u0103 \u0219i coerent\u0103 a imaginii recept\u0103rii literaturilor slave \u00een spa\u021biul cultural rom\u00e2nesc, cu scopul de a prefigura noi abord\u0103ri de cercetare contrastiv\u0103.\u201d (Autoarea)<\/p>\n","protected":false},"excerpt":{"rendered":"<p>\u201eAcest volum de studii reprezint\u0103 rezultatul unor cercet\u0103ri din spa\u021biul ontologic al (post)modernismului \u00een literaturile s\u00e2rb\u0103 \u0219i croat\u0103 la r\u0103scruce de milenii. Studiile prezente analizeaz\u0103 cu predilec\u021bie etapa t\u00e2rzie, contemporan\u0103 a postmodernismului \u00een literatura s\u00e2rb\u0103 \u0219i croat\u0103 care respinge excesul de fragmentar \u0219i asumarea ironic\u0103 a unei crize de form\u0103, \u00eencerc\u00e2nd o unificare prin reinterpretarea [&hellip;]<\/p>\n","protected":false},"featured_media":10997,"comment_status":"open","ping_status":"closed","template":"","meta":[],"product_brand":[],"product_cat":[856],"product_tag":[946,919,947],"class_list":{"0":"post-1865","1":"product","2":"type-product","3":"status-publish","4":"has-post-thumbnail","6":"product_cat-colectia-lci-limbi-culturi-identitati","7":"product_tag-croata","8":"product_tag-literatura","9":"product_tag-sarba","11":"first","12":"instock","13":"shipping-taxable","14":"purchasable","15":"product-type-simple"},"_links":{"self":[{"href":"https:\/\/editura-unibuc.ro\/en\/wp-json\/wp\/v2\/product\/1865","targetHints":{"allow":["GET"]}}],"collection":[{"href":"https:\/\/editura-unibuc.ro\/en\/wp-json\/wp\/v2\/product"}],"about":[{"href":"https:\/\/editura-unibuc.ro\/en\/wp-json\/wp\/v2\/types\/product"}],"replies":[{"embeddable":true,"href":"https:\/\/editura-unibuc.ro\/en\/wp-json\/wp\/v2\/comments?post=1865"}],"wp:featuredmedia":[{"embeddable":true,"href":"https:\/\/editura-unibuc.ro\/en\/wp-json\/wp\/v2\/media\/10997"}],"wp:attachment":[{"href":"https:\/\/editura-unibuc.ro\/en\/wp-json\/wp\/v2\/media?parent=1865"}],"wp:term":[{"taxonomy":"product_brand","embeddable":true,"href":"https:\/\/editura-unibuc.ro\/en\/wp-json\/wp\/v2\/product_brand?post=1865"},{"taxonomy":"product_cat","embeddable":true,"href":"https:\/\/editura-unibuc.ro\/en\/wp-json\/wp\/v2\/product_cat?post=1865"},{"taxonomy":"product_tag","embeddable":true,"href":"https:\/\/editura-unibuc.ro\/en\/wp-json\/wp\/v2\/product_tag?post=1865"}],"curies":[{"name":"wp","href":"https:\/\/api.w.org\/{rel}","templated":true}]}}