{"id":1869,"date":"2012-09-10T16:19:10","date_gmt":"2012-09-10T13:19:10","guid":{"rendered":"https:\/\/editura-unibuc.ro\/?p=1869"},"modified":"2015-03-18T20:36:14","modified_gmt":"2015-03-18T18:36:14","slug":"dionysiaka-ii","status":"publish","type":"product","link":"https:\/\/editura-unibuc.ro\/en\/dionysiaka-ii\/","title":{"rendered":"DIONYSIAKA II"},"content":{"rendered":"<p>\u201e[&#8230;] am auzit c\u0103 la Catedra de Latin\u0103 se fac ni\u0219te \u00eent\u00e2lniri \u00een care se vorbe\u0219te, printre altele, despre vi\u021ba-de-vie. A\u0219adar, mai erau \u0219i al\u021bii&#8230; Am vizitat \u201cSeminarul Bacchic\u201d (cum se numea el) de c\u00e2teva ori. Am dat de o mic\u0103 \u0219i tare interesant\u0103 comunitate. C\u00e2teva profesoare, c\u00e2\u021biva studen\u021bi aduna\u021bi \u00eentr-o sal\u0103 mic\u0103 \u0219i vorbind cu pasiune despre vi\u021ba-de-vie, a\u0219a cum apare ea \u00een c\u0103r\u021bile vechi. Un osp\u0103\u021b de erudi\u021bie \u0219i inteligen\u021b\u0103. Mi s-a p\u0103rut neverosimil. Se \u00eent\u00e2lneau de pl\u0103cere, ca ni\u0219te prieteni, convivi. Nimic din ahtierea, din h\u0103rnicia \u201cgranturilor\u201d (care aduc foloase) de aiurea. Aerul de familie, pasiunea lor real\u0103, prietenia acestor oameni aduna\u021bi, de data asta, \u00een jurul unei teme care avea leg\u0103tur\u0103 \u0219i cu mine m-a cucerit [&#8230;].<\/p>\n<p>A\u0219adar, d\u0103dusem peste ni\u0219te \u201cvitisatori\u201d (s\u0103ditori de vie) \u0219i \u00eemi pl\u0103cea. M\u0103 sim\u021beam bine \u00een aceast\u0103 ni\u0219\u0103 prietenoas\u0103 din Fabric\u0103 (cum numeam undeva \u00een cartea mea Facultatea de Litere). Nu mai \u00eent\u00e2lnisem demult Entuziasmul \u0219i Prietenia \u00een forma asta. Nu cred c\u0103 ei \u0219tiau c\u0103 eu aveam treab\u0103 cu Via \u0219i chiar cu literatura veche: g\u0103sisem o vi\u021b\u0103-de-vie numit\u0103 Miriai \u00eentr-o poezie aramaic\u0103, o poveste, o parabol\u0103 a lumii. Ascultam ce descoperiser\u0103 ei \u00een drumul lor legat de Vie (care-nvie!). Ascultam despre vi\u021ba-de-vie ca Arbore al vie\u021bii; despre cuvintele lui Isus: \u201cEu sunt vi\u021ba cea adev\u0103rat\u0103, iar Tat\u0103l meu e Lucr\u0103torul\u201d; despre Valea Strugurelui din <strong>Vechiul Testament<\/strong>; despre \u201cvi\u021ba s\u0103lbatic\u0103\u201d \u0219i \u201cvi\u021ba de rod\u201d \u0219i despre \u201cfructele m\u00e2niei\u201d (sic!); despre via vorbitoare care le spune copacilor (la invita\u021bia lor de a le fi regin\u0103): S\u0103-mi p\u0103r\u0103sesc eu vinul, bucuria dat\u0103 de Dumnezeul oamenilor, \u0219i s\u0103 m\u0103 duc s\u0103 domnesc peste copaci?\u201d; despre <strong>Istoria adev\u0103rat\u0103 <\/strong>a lui Lucian din Samosata, \u00een care vine vorba despre p\u0103durea de vi\u021b\u0103-de-vie din burta unei balene, vie care cre\u0219te chiar \u0219i \u00een \u00eentuneric (!); despre femeile vi\u021b\u0103-de-vie \u0219i despre alte vechi, latine\u0219ti, minun\u0103\u021bii. De cur\u00e2nd, am v\u0103zut \u0219i o carte \u00een care sunt adunate lucr\u0103rile prezentate la \u201cSeminarul Bacchic\u201d de-a lungul anului 2007. Se nume\u0219te <strong>Dionysiaka<\/strong> \u0219i a ap\u0103rut la Editura Universit\u0103\u021bii din Bucure\u0219ti. Autori: Florica Bechet, Ioana Costa, Anca Georgeta Ionescu, Theodor Georgescu, Simona Rodina Georgescu. Pe mine m-a interesat mai ales Via, dar sunt acolo multe lucruri despre Bachus-Dionysos, c\u00e2ndva un zeu mult pre\u021buit.<\/p>\n<p>Ni\u0219te oameni care \u0219tiu s\u0103-\u0219i cultive gr\u0103dina, vorba lui Voltaire. S\u0103-\u0219i cultive &#8230; Via. \u0218i mai \u0219tiu \u0219i s\u0103 \u00eempart\u0103 roadele cu al\u021bii.\u201d (Simona Popescu, <strong>Volubilis <\/strong>despre Vi\u021ba-de-vie care (ne) leag\u0103 (<strong>Noua literatur\u0103<\/strong>, Nr. 15, anul II, mai 2008, p. 26).<\/p>\n","protected":false},"excerpt":{"rendered":"<p>\u201e[&#8230;] am auzit c\u0103 la Catedra de Latin\u0103 se fac ni\u0219te \u00eent\u00e2lniri \u00een care se vorbe\u0219te, printre altele, despre vi\u021ba-de-vie. A\u0219adar, mai erau \u0219i al\u021bii&#8230; Am vizitat \u201cSeminarul Bacchic\u201d (cum se numea el) de c\u00e2teva ori. Am dat de o mic\u0103 \u0219i tare interesant\u0103 comunitate. C\u00e2teva profesoare, c\u00e2\u021biva studen\u021bi aduna\u021bi \u00eentr-o sal\u0103 mic\u0103 \u0219i vorbind [&hellip;]<\/p>\n","protected":false},"featured_media":10995,"comment_status":"open","ping_status":"closed","template":"","meta":[],"product_brand":[],"product_cat":[856],"product_tag":[923],"class_list":{"0":"post-1869","1":"product","2":"type-product","3":"status-publish","4":"has-post-thumbnail","6":"product_cat-colectia-lci-limbi-culturi-identitati","7":"product_tag-clasice","9":"first","10":"instock","11":"shipping-taxable","12":"purchasable","13":"product-type-simple"},"_links":{"self":[{"href":"https:\/\/editura-unibuc.ro\/en\/wp-json\/wp\/v2\/product\/1869","targetHints":{"allow":["GET"]}}],"collection":[{"href":"https:\/\/editura-unibuc.ro\/en\/wp-json\/wp\/v2\/product"}],"about":[{"href":"https:\/\/editura-unibuc.ro\/en\/wp-json\/wp\/v2\/types\/product"}],"replies":[{"embeddable":true,"href":"https:\/\/editura-unibuc.ro\/en\/wp-json\/wp\/v2\/comments?post=1869"}],"wp:featuredmedia":[{"embeddable":true,"href":"https:\/\/editura-unibuc.ro\/en\/wp-json\/wp\/v2\/media\/10995"}],"wp:attachment":[{"href":"https:\/\/editura-unibuc.ro\/en\/wp-json\/wp\/v2\/media?parent=1869"}],"wp:term":[{"taxonomy":"product_brand","embeddable":true,"href":"https:\/\/editura-unibuc.ro\/en\/wp-json\/wp\/v2\/product_brand?post=1869"},{"taxonomy":"product_cat","embeddable":true,"href":"https:\/\/editura-unibuc.ro\/en\/wp-json\/wp\/v2\/product_cat?post=1869"},{"taxonomy":"product_tag","embeddable":true,"href":"https:\/\/editura-unibuc.ro\/en\/wp-json\/wp\/v2\/product_tag?post=1869"}],"curies":[{"name":"wp","href":"https:\/\/api.w.org\/{rel}","templated":true}]}}