{"id":18736,"date":"2017-05-21T23:18:01","date_gmt":"2017-05-21T20:18:01","guid":{"rendered":"https:\/\/editura-unibuc.ro\/?post_type=product&#038;p=18736"},"modified":"2018-10-19T10:22:29","modified_gmt":"2018-10-19T07:22:29","slug":"camarazii-utopiei-destine-individuale-si-de-grup-din-ilegalitatea-comunista","status":"publish","type":"product","link":"https:\/\/editura-unibuc.ro\/en\/camarazii-utopiei-destine-individuale-si-de-grup-din-ilegalitatea-comunista\/","title":{"rendered":"CAMARAZII UTOPIEI: DESTINE INDIVIDUALE \u015eI DE GRUP DIN ILEGALITATEA COMUNIST\u0102"},"content":{"rendered":"<p>Studiile din volumul de fa\u0163\u0103 se apleac\u0103 asupra unor destine individuale \u015fi de grup formate \u00een ilegalitatea comunist\u0103.<\/p>\n","protected":false},"excerpt":{"rendered":"<p>Studiile din volumul de fa\u0163\u0103 se apleac\u0103 asupra unor destine individuale \u015fi de grup formate \u00een ilegalitatea comunist\u0103.<\/p>\n","protected":false},"featured_media":18737,"comment_status":"open","ping_status":"closed","template":"","meta":[],"product_brand":[],"product_cat":[991,995],"product_tag":[2579,1207,1500,2580],"class_list":{"0":"post-18736","1":"product","2":"type-product","3":"status-publish","4":"has-post-thumbnail","6":"product_cat-stiinte-sociale","7":"product_cat-istorie-stiinte-politice","8":"product_tag-adrian-cioroianu","9":"product_tag-comunism","10":"product_tag-comunisti","11":"product_tag-pcr","13":"first","14":"instock","15":"shipping-taxable","16":"purchasable","17":"product-type-simple"},"_links":{"self":[{"href":"https:\/\/editura-unibuc.ro\/en\/wp-json\/wp\/v2\/product\/18736","targetHints":{"allow":["GET"]}}],"collection":[{"href":"https:\/\/editura-unibuc.ro\/en\/wp-json\/wp\/v2\/product"}],"about":[{"href":"https:\/\/editura-unibuc.ro\/en\/wp-json\/wp\/v2\/types\/product"}],"replies":[{"embeddable":true,"href":"https:\/\/editura-unibuc.ro\/en\/wp-json\/wp\/v2\/comments?post=18736"}],"wp:featuredmedia":[{"embeddable":true,"href":"https:\/\/editura-unibuc.ro\/en\/wp-json\/wp\/v2\/media\/18737"}],"wp:attachment":[{"href":"https:\/\/editura-unibuc.ro\/en\/wp-json\/wp\/v2\/media?parent=18736"}],"wp:term":[{"taxonomy":"product_brand","embeddable":true,"href":"https:\/\/editura-unibuc.ro\/en\/wp-json\/wp\/v2\/product_brand?post=18736"},{"taxonomy":"product_cat","embeddable":true,"href":"https:\/\/editura-unibuc.ro\/en\/wp-json\/wp\/v2\/product_cat?post=18736"},{"taxonomy":"product_tag","embeddable":true,"href":"https:\/\/editura-unibuc.ro\/en\/wp-json\/wp\/v2\/product_tag?post=18736"}],"curies":[{"name":"wp","href":"https:\/\/api.w.org\/{rel}","templated":true}]}}