{"id":18738,"date":"2017-05-21T23:20:06","date_gmt":"2017-05-21T20:20:06","guid":{"rendered":"https:\/\/editura-unibuc.ro\/?post_type=product&#038;p=18738"},"modified":"2020-02-18T15:39:39","modified_gmt":"2020-02-18T13:39:39","slug":"sport-superstaruri-mass-media-reflectarea-valorilor-sportive-in-presa-din-romania","status":"publish","type":"product","link":"https:\/\/editura-unibuc.ro\/en\/sport-superstaruri-mass-media-reflectarea-valorilor-sportive-in-presa-din-romania\/","title":{"rendered":"SPORT, SUPERSTARURI, MASS-MEDIA: REFLECTAREA VALORILOR SPORTIVE \u00ceN PRESA DIN ROM\u00c2NIA"},"content":{"rendered":"<p>Lucrarea de fa\u0163\u0103 \u00ee\u015fi propune s\u0103 readuc\u0103 \u00een aten\u0163ia publicului valorile sportului, \u00eentr-un demers dedicat diversit\u0103\u0163ii \u00een general \u015fi sportului \u00een special.<br \/>\nCartea este un reper important pentru viitorii speciali\u015fti care aleg s\u0103 urmeze o carier\u0103 \u00een domeniul sportului: cultur\u0103 fizic\u0103, jurnalism sportiv sau management \u00een sport. Nu \u00een ultimul r\u00e2nd, acest volum se adreseaz\u0103 celor care practic\u0103 \u015fi iubesc sportul, fie ei profesioni\u015fti sau amatori.<\/p>\n","protected":false},"excerpt":{"rendered":"<p>Lucrarea de fa\u0163\u0103 \u00ee\u015fi propune s\u0103 readuc\u0103 \u00een aten\u0163ia publicului valorile sportului, \u00eentr-un demers dedicat diversit\u0103\u0163ii \u00een general \u015fi sportului \u00een special. Cartea este un reper important pentru viitorii speciali\u015fti care aleg s\u0103 urmeze o carier\u0103 \u00een domeniul sportului: cultur\u0103 fizic\u0103, jurnalism sportiv sau management \u00een sport. Nu \u00een ultimul r\u00e2nd, acest volum se adreseaz\u0103 [&hellip;]<\/p>\n","protected":false},"featured_media":18739,"comment_status":"open","ping_status":"closed","template":"","meta":[],"product_brand":[],"product_cat":[1531,2581,993],"product_tag":[2583,2584,2585,1101,2582,1269],"class_list":{"0":"post-18738","1":"product","2":"type-product","3":"status-publish","4":"has-post-thumbnail","6":"product_cat-colectii","7":"product_cat-cultura-si-comunicare","8":"product_cat-educatie-fizica-si-sport","9":"product_tag-florian-petrica","10":"product_tag-jurnalism-sportiv","11":"product_tag-management-sportiv","12":"product_tag-mass-media","13":"product_tag-presa","14":"product_tag-sport","16":"first","17":"outofstock","18":"shipping-taxable","19":"purchasable","20":"product-type-simple"},"_links":{"self":[{"href":"https:\/\/editura-unibuc.ro\/en\/wp-json\/wp\/v2\/product\/18738","targetHints":{"allow":["GET"]}}],"collection":[{"href":"https:\/\/editura-unibuc.ro\/en\/wp-json\/wp\/v2\/product"}],"about":[{"href":"https:\/\/editura-unibuc.ro\/en\/wp-json\/wp\/v2\/types\/product"}],"replies":[{"embeddable":true,"href":"https:\/\/editura-unibuc.ro\/en\/wp-json\/wp\/v2\/comments?post=18738"}],"wp:featuredmedia":[{"embeddable":true,"href":"https:\/\/editura-unibuc.ro\/en\/wp-json\/wp\/v2\/media\/18739"}],"wp:attachment":[{"href":"https:\/\/editura-unibuc.ro\/en\/wp-json\/wp\/v2\/media?parent=18738"}],"wp:term":[{"taxonomy":"product_brand","embeddable":true,"href":"https:\/\/editura-unibuc.ro\/en\/wp-json\/wp\/v2\/product_brand?post=18738"},{"taxonomy":"product_cat","embeddable":true,"href":"https:\/\/editura-unibuc.ro\/en\/wp-json\/wp\/v2\/product_cat?post=18738"},{"taxonomy":"product_tag","embeddable":true,"href":"https:\/\/editura-unibuc.ro\/en\/wp-json\/wp\/v2\/product_tag?post=18738"}],"curies":[{"name":"wp","href":"https:\/\/api.w.org\/{rel}","templated":true}]}}