{"id":18740,"date":"2017-05-21T23:22:44","date_gmt":"2017-05-21T20:22:44","guid":{"rendered":"https:\/\/editura-unibuc.ro\/?post_type=product&#038;p=18740"},"modified":"2018-01-23T12:55:16","modified_gmt":"2018-01-23T10:55:16","slug":"dictionar-polon-roman","status":"publish","type":"product","link":"https:\/\/editura-unibuc.ro\/en\/dictionar-polon-roman\/","title":{"rendered":"DIC\u0162IONAR POLON-ROM\u00c2N"},"content":{"rendered":"<p>Dic\u0163ionarul bilingv polon-rom\u00e2n \u015fi rom\u00e2n-polon, \u00een dou\u0103 volume, este un instrument de lucru util pentru buna comunicare \u00een limbile rom\u00e2n\u0103 \u015fi polon\u0103, adres\u00e2ndu-se at\u00e2t studen\u0163ilor \u015fi masteranzilor, c\u00e2t \u015fi tuturor celor interesa\u0163i \u00een \u00eenv\u0103\u0163area limbii poloneze.<\/p>\n","protected":false},"excerpt":{"rendered":"<p>Dic\u0163ionarul bilingv polon-rom\u00e2n \u015fi rom\u00e2n-polon, \u00een dou\u0103 volume, este un instrument de lucru util pentru buna comunicare \u00een limbile rom\u00e2n\u0103 \u015fi polon\u0103, adres\u00e2ndu-se at\u00e2t studen\u0163ilor \u015fi masteranzilor, c\u00e2t \u015fi tuturor celor interesa\u0163i \u00een \u00eenv\u0103\u0163area limbii poloneze.<\/p>\n","protected":false},"featured_media":18741,"comment_status":"open","ping_status":"closed","template":"","meta":[],"product_brand":[],"product_cat":[1464,981],"product_tag":[2586,883,1123,2587],"class_list":{"0":"post-18740","1":"product","2":"type-product","3":"status-publish","4":"has-post-thumbnail","6":"product_cat-filologie","7":"product_cat-limbi-slave","8":"product_tag-cristina-godun","9":"product_tag-dictionar","10":"product_tag-limba-polona","11":"product_tag-polsko-rumunski","13":"first","14":"outofstock","15":"shipping-taxable","16":"purchasable","17":"product-type-simple"},"_links":{"self":[{"href":"https:\/\/editura-unibuc.ro\/en\/wp-json\/wp\/v2\/product\/18740","targetHints":{"allow":["GET"]}}],"collection":[{"href":"https:\/\/editura-unibuc.ro\/en\/wp-json\/wp\/v2\/product"}],"about":[{"href":"https:\/\/editura-unibuc.ro\/en\/wp-json\/wp\/v2\/types\/product"}],"replies":[{"embeddable":true,"href":"https:\/\/editura-unibuc.ro\/en\/wp-json\/wp\/v2\/comments?post=18740"}],"wp:featuredmedia":[{"embeddable":true,"href":"https:\/\/editura-unibuc.ro\/en\/wp-json\/wp\/v2\/media\/18741"}],"wp:attachment":[{"href":"https:\/\/editura-unibuc.ro\/en\/wp-json\/wp\/v2\/media?parent=18740"}],"wp:term":[{"taxonomy":"product_brand","embeddable":true,"href":"https:\/\/editura-unibuc.ro\/en\/wp-json\/wp\/v2\/product_brand?post=18740"},{"taxonomy":"product_cat","embeddable":true,"href":"https:\/\/editura-unibuc.ro\/en\/wp-json\/wp\/v2\/product_cat?post=18740"},{"taxonomy":"product_tag","embeddable":true,"href":"https:\/\/editura-unibuc.ro\/en\/wp-json\/wp\/v2\/product_tag?post=18740"}],"curies":[{"name":"wp","href":"https:\/\/api.w.org\/{rel}","templated":true}]}}