{"id":18746,"date":"2017-05-21T23:29:38","date_gmt":"2017-05-21T20:29:38","guid":{"rendered":"https:\/\/editura-unibuc.ro\/?post_type=product&#038;p=18746"},"modified":"2019-10-15T11:13:08","modified_gmt":"2019-10-15T08:13:08","slug":"les-adjectifs-psychologiques","status":"publish","type":"product","link":"https:\/\/editura-unibuc.ro\/en\/les-adjectifs-psychologiques\/","title":{"rendered":"LES ADJECTIFS PSYCHOLOGIQUES"},"content":{"rendered":"<p>La pr\u00e9sente \u00e9tude est une contribution \u00e0 la description du s\u00e9mantisme des adjectifs, visant la structuration linguistique du domaine de l\u2019exp\u00e9rience, particuli\u00e8rement de l\u2019exp\u00e9rience psychologique. L\u2019analyse aborde la repr\u00e9sentation s\u00e9mantique de la classe des adjectifs psychologiques et cherche \u00e0 identifier le r\u00f4le s\u00e9mantique de l\u2019argument non exp\u00e9rienceur en mobilisant l\u2019interface de la syntaxe et de la s\u00e9mantique.<br \/>\nRoxana Voicu est assistante en linguistique fran\u00e7aise \u00e0 l\u2019Universit\u00e9 de Bucarest. Son domaine d\u2019int\u00e9r\u00eat concerne principalement l\u2019interface de la syntaxe et de la s\u00e9mantique. <\/p>\n","protected":false},"excerpt":{"rendered":"<p>La pr\u00e9sente \u00e9tude est une contribution \u00e0 la description du s\u00e9mantisme des adjectifs, visant la structuration linguistique du domaine de l\u2019exp\u00e9rience, particuli\u00e8rement de l\u2019exp\u00e9rience psychologique. L\u2019analyse aborde la repr\u00e9sentation s\u00e9mantique de la classe des adjectifs psychologiques et cherche \u00e0 identifier le r\u00f4le s\u00e9mantique de l\u2019argument non exp\u00e9rienceur en mobilisant l\u2019interface de la syntaxe et de [&hellip;]<\/p>\n","protected":false},"featured_media":18747,"comment_status":"open","ping_status":"closed","template":"","meta":[],"product_brand":[],"product_cat":[1531,1471,1464,977],"product_tag":[1044,2592,2593,2596,2595,2594],"class_list":{"0":"post-18746","1":"product","2":"type-product","3":"status-publish","4":"has-post-thumbnail","6":"product_cat-colectii","7":"product_cat-colectia-teze-de-doctorat","8":"product_cat-filologie","9":"product_cat-limba-franceza","10":"product_tag-filologie","11":"product_tag-linguistique","12":"product_tag-psychologie","13":"product_tag-roxana-voicu","14":"product_tag-semantique","15":"product_tag-syntaxe","17":"first","18":"instock","19":"shipping-taxable","20":"purchasable","21":"product-type-simple"},"_links":{"self":[{"href":"https:\/\/editura-unibuc.ro\/en\/wp-json\/wp\/v2\/product\/18746","targetHints":{"allow":["GET"]}}],"collection":[{"href":"https:\/\/editura-unibuc.ro\/en\/wp-json\/wp\/v2\/product"}],"about":[{"href":"https:\/\/editura-unibuc.ro\/en\/wp-json\/wp\/v2\/types\/product"}],"replies":[{"embeddable":true,"href":"https:\/\/editura-unibuc.ro\/en\/wp-json\/wp\/v2\/comments?post=18746"}],"wp:featuredmedia":[{"embeddable":true,"href":"https:\/\/editura-unibuc.ro\/en\/wp-json\/wp\/v2\/media\/18747"}],"wp:attachment":[{"href":"https:\/\/editura-unibuc.ro\/en\/wp-json\/wp\/v2\/media?parent=18746"}],"wp:term":[{"taxonomy":"product_brand","embeddable":true,"href":"https:\/\/editura-unibuc.ro\/en\/wp-json\/wp\/v2\/product_brand?post=18746"},{"taxonomy":"product_cat","embeddable":true,"href":"https:\/\/editura-unibuc.ro\/en\/wp-json\/wp\/v2\/product_cat?post=18746"},{"taxonomy":"product_tag","embeddable":true,"href":"https:\/\/editura-unibuc.ro\/en\/wp-json\/wp\/v2\/product_tag?post=18746"}],"curies":[{"name":"wp","href":"https:\/\/api.w.org\/{rel}","templated":true}]}}