{"id":18748,"date":"2017-05-21T23:31:50","date_gmt":"2017-05-21T20:31:50","guid":{"rendered":"https:\/\/editura-unibuc.ro\/?post_type=product&#038;p=18748"},"modified":"2020-08-27T09:57:09","modified_gmt":"2020-08-27T06:57:09","slug":"repere-ale-educatiei-religios-morale-in-literatura-omiletica-si-catehetica-romaneasca-din-secolul-al-xx-lea","status":"publish","type":"product","link":"https:\/\/editura-unibuc.ro\/en\/repere-ale-educatiei-religios-morale-in-literatura-omiletica-si-catehetica-romaneasca-din-secolul-al-xx-lea\/","title":{"rendered":"REPERE ALE EDUCA\u0162IEI RELIGIOS-MORALE \u00ceN LITERATURA OMILETIC\u0102 \u015eI CATEHETIC\u0102 ROM\u00c2NEASC\u0102 DIN SECOLUL AL XX-LEA"},"content":{"rendered":"<p>Lucrarea se integreaz\u0103 \u00een limitele competen\u0163elor specialit\u0103\u0163ii didactice a p\u0103rintelui autor (Omiletic\u0103 \u015fi Catehetic\u0103) \u015fi dovede\u015fte un efort considerabil de analiz\u0103 \u015fi documentare.<br \/>\nCartea reune\u015fte trei direc\u0163ii de analiz\u0103: tematic\u0103, bibliografic\u0103 \u015fi metodologic\u0103. <\/p>\n","protected":false},"excerpt":{"rendered":"<p>Lucrarea se integreaz\u0103 \u00een limitele competen\u0163elor specialit\u0103\u0163ii didactice a p\u0103rintelui autor (Omiletic\u0103 \u015fi Catehetic\u0103) \u015fi dovede\u015fte un efort considerabil de analiz\u0103 \u015fi documentare. Cartea reune\u015fte trei direc\u0163ii de analiz\u0103: tematic\u0103, bibliografic\u0103 \u015fi metodologic\u0103.<\/p>\n","protected":false},"featured_media":18749,"comment_status":"open","ping_status":"closed","template":"","meta":[],"product_brand":[],"product_cat":[1531,2597,991,999],"product_tag":[2604,2607,2600,2601,2603,2606,1348,2598,2605,1355,2599,2602],"class_list":{"0":"post-18748","1":"product","2":"type-product","3":"status-publish","4":"has-post-thumbnail","6":"product_cat-colectii","7":"product_cat-studia-theologica","8":"product_cat-stiinte-sociale","9":"product_cat-teologie","10":"product_tag-constantin-cucos","11":"product_tag-educatie-crestina","12":"product_tag-ene-braniste","13":"product_tag-gheorghe-calciu","14":"product_tag-grigorie-cristescu","15":"product_tag-ilarion-felea","16":"product_tag-morala","17":"product_tag-pr-nicusor-beldiman","18":"product_tag-simion-mehedinti","19":"product_tag-teologie-ortodoxa","20":"product_tag-vasile-bancila","21":"product_tag-vasile-coman","23":"first","24":"instock","25":"shipping-taxable","26":"purchasable","27":"product-type-simple"},"_links":{"self":[{"href":"https:\/\/editura-unibuc.ro\/en\/wp-json\/wp\/v2\/product\/18748","targetHints":{"allow":["GET"]}}],"collection":[{"href":"https:\/\/editura-unibuc.ro\/en\/wp-json\/wp\/v2\/product"}],"about":[{"href":"https:\/\/editura-unibuc.ro\/en\/wp-json\/wp\/v2\/types\/product"}],"replies":[{"embeddable":true,"href":"https:\/\/editura-unibuc.ro\/en\/wp-json\/wp\/v2\/comments?post=18748"}],"wp:featuredmedia":[{"embeddable":true,"href":"https:\/\/editura-unibuc.ro\/en\/wp-json\/wp\/v2\/media\/18749"}],"wp:attachment":[{"href":"https:\/\/editura-unibuc.ro\/en\/wp-json\/wp\/v2\/media?parent=18748"}],"wp:term":[{"taxonomy":"product_brand","embeddable":true,"href":"https:\/\/editura-unibuc.ro\/en\/wp-json\/wp\/v2\/product_brand?post=18748"},{"taxonomy":"product_cat","embeddable":true,"href":"https:\/\/editura-unibuc.ro\/en\/wp-json\/wp\/v2\/product_cat?post=18748"},{"taxonomy":"product_tag","embeddable":true,"href":"https:\/\/editura-unibuc.ro\/en\/wp-json\/wp\/v2\/product_tag?post=18748"}],"curies":[{"name":"wp","href":"https:\/\/api.w.org\/{rel}","templated":true}]}}