{"id":18750,"date":"2017-05-21T23:33:46","date_gmt":"2017-05-21T20:33:46","guid":{"rendered":"https:\/\/editura-unibuc.ro\/?post_type=product&#038;p=18750"},"modified":"2025-08-28T11:48:26","modified_gmt":"2025-08-28T08:48:26","slug":"lucrarile-simpozionului-identitatea-ortodoxa-a-studiilor-biblice-bucuresti-11-12-nov-2016","status":"publish","type":"product","link":"https:\/\/editura-unibuc.ro\/en\/lucrarile-simpozionului-identitatea-ortodoxa-a-studiilor-biblice-bucuresti-11-12-nov-2016\/","title":{"rendered":"LUCR\u0102RILE SIMPOZIONULUI \u201eIDENTITATEA ORTODOX\u0102 A STUDIILOR BIBLICE\u201d: BUCURE\u015eTI, 11-12 NOV. 2016"},"content":{"rendered":"<p>Problematica identit\u0103\u0163ii erminiei \u015fi exegezei ortodoxe este una actual\u0103 \u0219i provocatoare.<br \/>\nAbordarea c\u0103r\u0163ii de fa\u0163\u0103 vizeaz\u0103 necesitatea de a creiona mai clar o linie identitar\u0103 \u00een studiile biblice ortodoxe.<br \/>\n<\/p>","protected":false},"excerpt":{"rendered":"<p>Problematica identit\u0103\u0163ii erminiei \u015fi exegezei ortodoxe este una actual\u0103 \u0219i provocatoare. Abordarea c\u0103r\u0163ii de fa\u0163\u0103 vizeaz\u0103 necesitatea de a creiona mai clar o linie identitar\u0103 \u00een studiile biblice ortodoxe.<\/p>\n","protected":false},"featured_media":18751,"comment_status":"open","ping_status":"closed","template":"","meta":[],"product_brand":[],"product_cat":[1531,2597,991,999],"product_tag":[2609,2610,2608,2611,1355],"class_list":{"0":"post-18750","1":"product","2":"type-product","3":"status-publish","4":"has-post-thumbnail","6":"product_cat-colectii","7":"product_cat-studia-theologica","8":"product_cat-stiinte-sociale","9":"product_cat-teologie","10":"product_tag-erminie","11":"product_tag-exegeza-ortodoxa","12":"product_tag-marian-vild","13":"product_tag-studiile-biblice-ortodoxe","14":"product_tag-teologie-ortodoxa","16":"first","17":"instock","18":"shipping-taxable","19":"purchasable","20":"product-type-simple"},"_links":{"self":[{"href":"https:\/\/editura-unibuc.ro\/en\/wp-json\/wp\/v2\/product\/18750","targetHints":{"allow":["GET"]}}],"collection":[{"href":"https:\/\/editura-unibuc.ro\/en\/wp-json\/wp\/v2\/product"}],"about":[{"href":"https:\/\/editura-unibuc.ro\/en\/wp-json\/wp\/v2\/types\/product"}],"replies":[{"embeddable":true,"href":"https:\/\/editura-unibuc.ro\/en\/wp-json\/wp\/v2\/comments?post=18750"}],"wp:featuredmedia":[{"embeddable":true,"href":"https:\/\/editura-unibuc.ro\/en\/wp-json\/wp\/v2\/media\/18751"}],"wp:attachment":[{"href":"https:\/\/editura-unibuc.ro\/en\/wp-json\/wp\/v2\/media?parent=18750"}],"wp:term":[{"taxonomy":"product_brand","embeddable":true,"href":"https:\/\/editura-unibuc.ro\/en\/wp-json\/wp\/v2\/product_brand?post=18750"},{"taxonomy":"product_cat","embeddable":true,"href":"https:\/\/editura-unibuc.ro\/en\/wp-json\/wp\/v2\/product_cat?post=18750"},{"taxonomy":"product_tag","embeddable":true,"href":"https:\/\/editura-unibuc.ro\/en\/wp-json\/wp\/v2\/product_tag?post=18750"}],"curies":[{"name":"wp","href":"https:\/\/api.w.org\/{rel}","templated":true}]}}