{"id":18752,"date":"2017-05-21T23:35:57","date_gmt":"2017-05-21T20:35:57","guid":{"rendered":"https:\/\/editura-unibuc.ro\/?post_type=product&#038;p=18752"},"modified":"2017-05-21T23:40:14","modified_gmt":"2017-05-21T20:40:14","slug":"studii-istroromane","status":"publish","type":"product","link":"https:\/\/editura-unibuc.ro\/en\/studii-istroromane\/","title":{"rendered":"STUDII ISTROROM\u00c2NE"},"content":{"rendered":"<p>Acest volum reprezint\u0103 o veritabil\u0103 monografie dedicat\u0103 istrorom\u00e2nei, cel de-al patrulea dialect al limbii rom\u00e2ne, aflat pe cale de dispari\u0163ie.<\/p>\n<p>Nu se afl\u0103 \u00een stoc; se poate comanda de pe site-ul: www.maestrotip.ro<\/p>\n","protected":false},"excerpt":{"rendered":"<p>Acest volum reprezint\u0103 o veritabil\u0103 monografie dedicat\u0103 istrorom\u00e2nei, cel de-al patrulea dialect al limbii rom\u00e2ne, aflat pe cale de dispari\u0163ie. Nu se afl\u0103 \u00een stoc; se poate comanda de pe site-ul: www.maestrotip.ro<\/p>\n","protected":false},"featured_media":18753,"comment_status":"open","ping_status":"closed","template":"","meta":[],"product_brand":[],"product_cat":[1464,979],"product_tag":[2613,1364,2612],"class_list":{"0":"post-18752","1":"product","2":"type-product","3":"status-publish","4":"has-post-thumbnail","6":"product_cat-filologie","7":"product_cat-limba-romana","8":"product_tag-dialect-al-limbii-romane","9":"product_tag-istroromani","10":"product_tag-vasile-fratila","12":"first","13":"instock","14":"shipping-taxable","15":"product-type-external"},"_links":{"self":[{"href":"https:\/\/editura-unibuc.ro\/en\/wp-json\/wp\/v2\/product\/18752","targetHints":{"allow":["GET"]}}],"collection":[{"href":"https:\/\/editura-unibuc.ro\/en\/wp-json\/wp\/v2\/product"}],"about":[{"href":"https:\/\/editura-unibuc.ro\/en\/wp-json\/wp\/v2\/types\/product"}],"replies":[{"embeddable":true,"href":"https:\/\/editura-unibuc.ro\/en\/wp-json\/wp\/v2\/comments?post=18752"}],"wp:featuredmedia":[{"embeddable":true,"href":"https:\/\/editura-unibuc.ro\/en\/wp-json\/wp\/v2\/media\/18753"}],"wp:attachment":[{"href":"https:\/\/editura-unibuc.ro\/en\/wp-json\/wp\/v2\/media?parent=18752"}],"wp:term":[{"taxonomy":"product_brand","embeddable":true,"href":"https:\/\/editura-unibuc.ro\/en\/wp-json\/wp\/v2\/product_brand?post=18752"},{"taxonomy":"product_cat","embeddable":true,"href":"https:\/\/editura-unibuc.ro\/en\/wp-json\/wp\/v2\/product_cat?post=18752"},{"taxonomy":"product_tag","embeddable":true,"href":"https:\/\/editura-unibuc.ro\/en\/wp-json\/wp\/v2\/product_tag?post=18752"}],"curies":[{"name":"wp","href":"https:\/\/api.w.org\/{rel}","templated":true}]}}