{"id":1876,"date":"2012-09-10T16:32:25","date_gmt":"2012-09-10T13:32:25","guid":{"rendered":"https:\/\/editura-unibuc.ro\/?p=1876"},"modified":"2023-09-14T14:08:29","modified_gmt":"2023-09-14T11:08:29","slug":"dicta-catonis-spusele-memorabile-ale-lui-cato","status":"publish","type":"product","link":"https:\/\/editura-unibuc.ro\/en\/dicta-catonis-spusele-memorabile-ale-lui-cato\/","title":{"rendered":"DICTA CATONIS. CATO&#8217;S MEMORABLE STATEMENTS"},"content":{"rendered":"<p>\u201ePublic\u0103m \u00een prezentul volum culegerea de senten\u021be \u201eDicta Catonis\u201d, ce pune \u00een eviden\u021b\u0103 o caracteristic\u0103 fundamental\u0103 a lumii romane: constan\u021ba articul\u0103rii la tradi\u021bie, decelabil\u0103 \u00een predilec\u021bia pentru formule \u0219i \u201eexempla\u201d ce au dob\u00e2ndit valoare \u0219i for\u021b\u0103 de lege \u0219i au \u00eendeplinit, de-a lungul timpului, func\u021bie argumentativ\u0103, etic\u0103 \u0219i pedagogic\u0103.\u201d (Autoarea)<\/p>\n<p>Lucrarea include studiu introductiv, traducere \u00een metru originar \u0219i note, toate realizate de Mariana B\u0103lu\u021b\u0103-Skult\u00e9ty.<\/p>\n","protected":false},"excerpt":{"rendered":"<p>\u201ePublic\u0103m \u00een prezentul volum culegerea de senten\u021be \u201eDicta Catonis\u201d, ce pune \u00een eviden\u021b\u0103 o caracteristic\u0103 fundamental\u0103 a lumii romane: constan\u021ba articul\u0103rii la tradi\u021bie, decelabil\u0103 \u00een predilec\u021bia pentru formule \u0219i \u201eexempla\u201d ce au dob\u00e2ndit valoare \u0219i for\u021b\u0103 de lege \u0219i au \u00eendeplinit, de-a lungul timpului, func\u021bie argumentativ\u0103, etic\u0103 \u0219i pedagogic\u0103.\u201d (Autoarea) Lucrarea include studiu introductiv, traducere [&hellip;]<\/p>\n","protected":false},"featured_media":10990,"comment_status":"open","ping_status":"closed","template":"","meta":[],"product_brand":[],"product_cat":[856],"product_tag":[923],"class_list":{"0":"post-1876","1":"product","2":"type-product","3":"status-publish","4":"has-post-thumbnail","6":"product_cat-colectia-lci-limbi-culturi-identitati","7":"product_tag-clasice","9":"first","10":"outofstock","11":"shipping-taxable","12":"purchasable","13":"product-type-simple"},"_links":{"self":[{"href":"https:\/\/editura-unibuc.ro\/en\/wp-json\/wp\/v2\/product\/1876","targetHints":{"allow":["GET"]}}],"collection":[{"href":"https:\/\/editura-unibuc.ro\/en\/wp-json\/wp\/v2\/product"}],"about":[{"href":"https:\/\/editura-unibuc.ro\/en\/wp-json\/wp\/v2\/types\/product"}],"replies":[{"embeddable":true,"href":"https:\/\/editura-unibuc.ro\/en\/wp-json\/wp\/v2\/comments?post=1876"}],"wp:featuredmedia":[{"embeddable":true,"href":"https:\/\/editura-unibuc.ro\/en\/wp-json\/wp\/v2\/media\/10990"}],"wp:attachment":[{"href":"https:\/\/editura-unibuc.ro\/en\/wp-json\/wp\/v2\/media?parent=1876"}],"wp:term":[{"taxonomy":"product_brand","embeddable":true,"href":"https:\/\/editura-unibuc.ro\/en\/wp-json\/wp\/v2\/product_brand?post=1876"},{"taxonomy":"product_cat","embeddable":true,"href":"https:\/\/editura-unibuc.ro\/en\/wp-json\/wp\/v2\/product_cat?post=1876"},{"taxonomy":"product_tag","embeddable":true,"href":"https:\/\/editura-unibuc.ro\/en\/wp-json\/wp\/v2\/product_tag?post=1876"}],"curies":[{"name":"wp","href":"https:\/\/api.w.org\/{rel}","templated":true}]}}