{"id":1881,"date":"2012-09-11T09:12:03","date_gmt":"2012-09-11T06:12:03","guid":{"rendered":"https:\/\/editura-unibuc.ro\/?p=1881"},"modified":"2024-04-11T11:38:03","modified_gmt":"2024-04-11T08:38:03","slug":"neograeca-bucurestiensia","status":"publish","type":"product","link":"https:\/\/editura-unibuc.ro\/en\/neograeca-bucurestiensia\/","title":{"rendered":"NEOGRAECA BUCURESTIENSIA"},"content":{"rendered":"<p>Volumul Neograeca Bucurestiensia reune\u0219te opt conferin\u021be sus\u021binute \u00een cadrul sec\u021biei de limb\u0103 \u0219i literatur\u0103 neogreac\u0103 a Universit\u0103\u021bii din Bucure\u0219ti de c\u0103tre reputa\u021bi profesori provenind de la \u0219apte universit\u0103\u021bi din cinci \u021b\u0103ri (Rom\u00e2nia, Grecia, Germania, Cehia, Ucraina). Acestea abordeaz\u0103 o tematic\u0103 extrem de variat\u0103 ce include at\u00e2t antichitatea (lumea micenian\u0103 \u0219i limba ei), Bizan\u021bul (\u0219coala \u00een Imperiu, poezia \u00een limb\u0103 popular\u0103) \u0219i Grecia premodern\u0103 (civiliza\u021bia Cretei vene\u021biene), c\u00e2t \u0219i Elada independent\u0103 prezentat\u0103 sub diferite aspecte istorice \u0219i culturale (prima traducere \u00eentr-o limb\u0103 occidental\u0103 a unei opere literare neogrece\u0219ti, comunitatea greac\u0103 din Constantinopol \u00een secolele XIX-XX, Grecia \u0219i rela\u021biile cu \u021b\u0103rile din Balcani dup\u0103 cel de-al doilea R\u0103zboi Mondial).<\/p>\n","protected":false},"excerpt":{"rendered":"<p>Volumul Neograeca Bucurestiensia reune\u0219te opt conferin\u021be sus\u021binute \u00een cadrul sec\u021biei de limb\u0103 \u0219i literatur\u0103 neogreac\u0103 a Universit\u0103\u021bii din Bucure\u0219ti de c\u0103tre reputa\u021bi profesori provenind de la \u0219apte universit\u0103\u021bi din cinci \u021b\u0103ri (Rom\u00e2nia, Grecia, Germania, Cehia, Ucraina). Acestea abordeaz\u0103 o tematic\u0103 extrem de variat\u0103 ce include at\u00e2t antichitatea (lumea micenian\u0103 \u0219i limba ei), Bizan\u021bul (\u0219coala \u00een [&hellip;]<\/p>\n","protected":false},"featured_media":10986,"comment_status":"open","ping_status":"closed","template":"","meta":[],"product_brand":[],"product_cat":[856],"product_tag":[945],"class_list":{"0":"post-1881","1":"product","2":"type-product","3":"status-publish","4":"has-post-thumbnail","6":"product_cat-colectia-lci-limbi-culturi-identitati","7":"product_tag-neogreaca","9":"first","10":"instock","11":"shipping-taxable","12":"purchasable","13":"product-type-simple"},"_links":{"self":[{"href":"https:\/\/editura-unibuc.ro\/en\/wp-json\/wp\/v2\/product\/1881","targetHints":{"allow":["GET"]}}],"collection":[{"href":"https:\/\/editura-unibuc.ro\/en\/wp-json\/wp\/v2\/product"}],"about":[{"href":"https:\/\/editura-unibuc.ro\/en\/wp-json\/wp\/v2\/types\/product"}],"replies":[{"embeddable":true,"href":"https:\/\/editura-unibuc.ro\/en\/wp-json\/wp\/v2\/comments?post=1881"}],"wp:featuredmedia":[{"embeddable":true,"href":"https:\/\/editura-unibuc.ro\/en\/wp-json\/wp\/v2\/media\/10986"}],"wp:attachment":[{"href":"https:\/\/editura-unibuc.ro\/en\/wp-json\/wp\/v2\/media?parent=1881"}],"wp:term":[{"taxonomy":"product_brand","embeddable":true,"href":"https:\/\/editura-unibuc.ro\/en\/wp-json\/wp\/v2\/product_brand?post=1881"},{"taxonomy":"product_cat","embeddable":true,"href":"https:\/\/editura-unibuc.ro\/en\/wp-json\/wp\/v2\/product_cat?post=1881"},{"taxonomy":"product_tag","embeddable":true,"href":"https:\/\/editura-unibuc.ro\/en\/wp-json\/wp\/v2\/product_tag?post=1881"}],"curies":[{"name":"wp","href":"https:\/\/api.w.org\/{rel}","templated":true}]}}