{"id":18821,"date":"2017-05-29T16:27:13","date_gmt":"2017-05-29T13:27:13","guid":{"rendered":"https:\/\/editura-unibuc.ro\/?post_type=product&#038;p=18821"},"modified":"2020-06-05T12:22:38","modified_gmt":"2020-06-05T09:22:38","slug":"teste-pentru-licenta-administratie-publica","status":"publish","type":"product","link":"https:\/\/editura-unibuc.ro\/en\/teste-pentru-licenta-administratie-publica\/","title":{"rendered":"TESTE PENTRU LICEN\u0162\u0102 &#8211; ADMINISTRA\u0162IE PUBLIC\u0102"},"content":{"rendered":"<p>Lucrarea de fa\u0163\u0103 este destinat\u0103 candida\u0163ilor la examenul de licen\u0163\u0103, specializarea Administra\u0163ie Public\u0103, precum \u015fi studen\u0163ilor care studiaz\u0103 sau se preg\u0103tesc pentru examen, la disciplinele: Economia Sectorului Public, Politici Publice, Finan\u0163e \u0219i Fiscalitate, Managementul Resurselor Umane \u0219i Drept Administrativ.<br \/>\nEste o lucrare conceput\u0103 \u00een baza tematicii de licen\u0163\u0103, cu r\u0103spunsuri unice care urm\u0103re\u015fte aprofundarea cuno\u015ftin\u0163elor \u00eenv\u0103\u0163ate la disciplinele respective.<br \/>\nLucrarea cuprinde 1210 grile, cu urm\u0103toarea structur\u0103:<br \/>\n&#8211; Economia Sectorului Public \u2013 200 grile;<br \/>\n&#8211; Politici Publice \u2013 100 grile;<br \/>\n&#8211; Managementul Resurselor Umane \u2013 255 grile.<br \/>\n&#8211; Finan\u0163e \u0219i Fiscalitate \u2013 255 grile;<br \/>\n&#8211; Drept Administrativ \u2013 400 grile.<\/p>\n","protected":false},"excerpt":{"rendered":"<p>Lucrarea de fa\u0163\u0103 este destinat\u0103 candida\u0163ilor la examenul de licen\u0163\u0103, specializarea Administra\u0163ie Public\u0103, precum \u015fi studen\u0163ilor care studiaz\u0103 sau se preg\u0103tesc pentru examen, la disciplinele: Economia Sectorului Public, Politici Publice, Finan\u0163e \u0219i Fiscalitate, Managementul Resurselor Umane \u0219i Drept Administrativ. Este o lucrare conceput\u0103 \u00een baza tematicii de licen\u0163\u0103, cu r\u0103spunsuri unice care urm\u0103re\u015fte aprofundarea cuno\u015ftin\u0163elor [&hellip;]<\/p>\n","protected":false},"featured_media":0,"comment_status":"open","ping_status":"closed","template":"","meta":[],"product_brand":[],"product_cat":[1891,991,992],"product_tag":[1497,2614,2617,2616,2615],"class_list":{"0":"post-18821","1":"product","2":"type-product","3":"status-publish","5":"product_cat-download","6":"product_cat-stiinte-sociale","7":"product_cat-administratie-si-afaceri","8":"product_tag-drept-administrativ","9":"product_tag-economia-sectorului-public","10":"product_tag-finante-si-fiscalitate","11":"product_tag-managementul-resurselor-umane","12":"product_tag-politici-publice","14":"first","15":"instock","16":"downloadable","17":"virtual","18":"product-type-simple"},"_links":{"self":[{"href":"https:\/\/editura-unibuc.ro\/en\/wp-json\/wp\/v2\/product\/18821","targetHints":{"allow":["GET"]}}],"collection":[{"href":"https:\/\/editura-unibuc.ro\/en\/wp-json\/wp\/v2\/product"}],"about":[{"href":"https:\/\/editura-unibuc.ro\/en\/wp-json\/wp\/v2\/types\/product"}],"replies":[{"embeddable":true,"href":"https:\/\/editura-unibuc.ro\/en\/wp-json\/wp\/v2\/comments?post=18821"}],"wp:attachment":[{"href":"https:\/\/editura-unibuc.ro\/en\/wp-json\/wp\/v2\/media?parent=18821"}],"wp:term":[{"taxonomy":"product_brand","embeddable":true,"href":"https:\/\/editura-unibuc.ro\/en\/wp-json\/wp\/v2\/product_brand?post=18821"},{"taxonomy":"product_cat","embeddable":true,"href":"https:\/\/editura-unibuc.ro\/en\/wp-json\/wp\/v2\/product_cat?post=18821"},{"taxonomy":"product_tag","embeddable":true,"href":"https:\/\/editura-unibuc.ro\/en\/wp-json\/wp\/v2\/product_tag?post=18821"}],"curies":[{"name":"wp","href":"https:\/\/api.w.org\/{rel}","templated":true}]}}