{"id":18856,"date":"2017-06-02T11:16:53","date_gmt":"2017-06-02T08:16:53","guid":{"rendered":"https:\/\/editura-unibuc.ro\/?post_type=product&#038;p=18856"},"modified":"2017-06-02T11:16:53","modified_gmt":"2017-06-02T08:16:53","slug":"temporalitatea-experientei-nonjudicative-vol-i-timpul-lenei","status":"publish","type":"product","link":"https:\/\/editura-unibuc.ro\/en\/temporalitatea-experientei-nonjudicative-vol-i-timpul-lenei\/","title":{"rendered":"TEMPORALITATEA EXPERIEN\u0162EI NONJUDICATIVE, VOL. I: TIMPUL LENEI"},"content":{"rendered":"<p>\u00abO tematizare a timpului lenei nu este deloc \u00eent\u00e2mpl\u0103toare, din direc\u0163ia unei hermeneutici pre-judicative. Pornind de la supozi\u0163ia domina\u0163iei judicativului, a \u00abdictaturii judicativului\u00bb, care se opune \u00abformal\u00bb oric\u0103rei inten\u0163ii de a ajunge la \u00ablucrurile \u00eensele\u00bb, acest tip de hermeneutic\u0103 \u00eencearc\u0103 s\u0103 g\u0103seasc\u0103, totu\u015fi, o cale c\u0103tre acestea.\u00bb <\/p>\n","protected":false},"excerpt":{"rendered":"<p>\u00abO tematizare a timpului lenei nu este deloc \u00eent\u00e2mpl\u0103toare, din direc\u0163ia unei hermeneutici pre-judicative. Pornind de la supozi\u0163ia domina\u0163iei judicativului, a \u00abdictaturii judicativului\u00bb, care se opune \u00abformal\u00bb oric\u0103rei inten\u0163ii de a ajunge la \u00ablucrurile \u00eensele\u00bb, acest tip de hermeneutic\u0103 \u00eencearc\u0103 s\u0103 g\u0103seasc\u0103, totu\u015fi, o cale c\u0103tre acestea.\u00bb<\/p>\n","protected":false},"featured_media":18857,"comment_status":"open","ping_status":"closed","template":"","meta":[],"product_brand":[],"product_cat":[991,994],"product_tag":[2621,921,2620,2454,2306,1912],"class_list":{"0":"post-18856","1":"product","2":"type-product","3":"status-publish","4":"has-post-thumbnail","6":"product_cat-stiinte-sociale","7":"product_cat-filosofie","8":"product_tag-divertisment","9":"product_tag-filosofie","10":"product_tag-lene","11":"product_tag-moarte","12":"product_tag-realitate","13":"product_tag-viorel-cernica","15":"first","16":"instock","17":"shipping-taxable","18":"purchasable","19":"product-type-simple"},"_links":{"self":[{"href":"https:\/\/editura-unibuc.ro\/en\/wp-json\/wp\/v2\/product\/18856","targetHints":{"allow":["GET"]}}],"collection":[{"href":"https:\/\/editura-unibuc.ro\/en\/wp-json\/wp\/v2\/product"}],"about":[{"href":"https:\/\/editura-unibuc.ro\/en\/wp-json\/wp\/v2\/types\/product"}],"replies":[{"embeddable":true,"href":"https:\/\/editura-unibuc.ro\/en\/wp-json\/wp\/v2\/comments?post=18856"}],"wp:featuredmedia":[{"embeddable":true,"href":"https:\/\/editura-unibuc.ro\/en\/wp-json\/wp\/v2\/media\/18857"}],"wp:attachment":[{"href":"https:\/\/editura-unibuc.ro\/en\/wp-json\/wp\/v2\/media?parent=18856"}],"wp:term":[{"taxonomy":"product_brand","embeddable":true,"href":"https:\/\/editura-unibuc.ro\/en\/wp-json\/wp\/v2\/product_brand?post=18856"},{"taxonomy":"product_cat","embeddable":true,"href":"https:\/\/editura-unibuc.ro\/en\/wp-json\/wp\/v2\/product_cat?post=18856"},{"taxonomy":"product_tag","embeddable":true,"href":"https:\/\/editura-unibuc.ro\/en\/wp-json\/wp\/v2\/product_tag?post=18856"}],"curies":[{"name":"wp","href":"https:\/\/api.w.org\/{rel}","templated":true}]}}